{"id":2386,"date":"2025-10-10T11:08:33","date_gmt":"2025-10-10T11:08:33","guid":{"rendered":"https:\/\/alpana-seals.com\/politika-zasebnosti\/"},"modified":"2026-02-09T11:31:12","modified_gmt":"2026-02-09T11:31:12","slug":"politika-zasebnosti","status":"publish","type":"page","link":"https:\/\/alpana-seals.com\/sl\/politika-zasebnosti\/","title":{"rendered":"Politika zasebnosti"},"content":{"rendered":"\t\t<div data-elementor-type=\"wp-page\" data-elementor-id=\"2386\" class=\"elementor elementor-2386 elementor-1516\" data-elementor-post-type=\"page\">\n\t\t\t\t<div class=\"elementor-element elementor-element-c9c9fd8 e-flex e-con-boxed e-con e-parent\" data-id=\"c9c9fd8\" data-element_type=\"container\">\n\t\t\t\t\t<div class=\"e-con-inner\">\n\t\t<div class=\"elementor-element elementor-element-1dfa3bf e-con-full e-flex e-con e-child\" data-id=\"1dfa3bf\" data-element_type=\"container\">\n\t\t\t\t<div class=\"elementor-element elementor-element-6b06c7c elementor-widget elementor-widget-heading\" data-id=\"6b06c7c\" data-element_type=\"widget\" data-widget_type=\"heading.default\">\n\t\t\t\t<div class=\"elementor-widget-container\">\n\t\t\t\t\t<h2 class=\"elementor-heading-title elementor-size-default\">Politika zasebnosti<\/h2>\t\t\t\t<\/div>\n\t\t\t\t<\/div>\n\t\t\t\t<\/div>\n\t\t\t\t\t<\/div>\n\t\t\t\t<\/div>\n\t\t<div class=\"elementor-element elementor-element-0c48f06 e-flex e-con-boxed e-con e-parent\" data-id=\"0c48f06\" data-element_type=\"container\">\n\t\t\t\t\t<div class=\"e-con-inner\">\n\t\t<div class=\"elementor-element elementor-element-ad7c245 e-con-full e-flex e-con e-child\" data-id=\"ad7c245\" data-element_type=\"container\">\n\t\t\t\t<div class=\"elementor-element elementor-element-271bd74 elementor-widget elementor-widget-text-editor\" data-id=\"271bd74\" data-element_type=\"widget\" data-widget_type=\"text-editor.default\">\n\t\t\t\t<div class=\"elementor-widget-container\">\n\t\t\t\t\t\t\t\t\tProsimo, da pred uporabo te spletne strani natan\u010dno preberete to Politiko zasebnosti.\t\t\t\t\t\t\t\t<\/div>\n\t\t\t\t<\/div>\n\t\t\t\t<div class=\"elementor-element elementor-element-37d5b84 elementor-widget elementor-widget-text-editor\" data-id=\"37d5b84\" data-element_type=\"widget\" data-widget_type=\"text-editor.default\">\n\t\t\t\t<div class=\"elementor-widget-container\">\n\t\t\t\t\t\t\t\t\t<p>Spo\u0161tovana stranka,<\/p><p>V skladu z novo evropsko uredbo o varstvu podatkov oziroma GDPR (Splo\u0161na uredba o varstvu podatkov), ki je za\u010dela veljati 25. maja, je dru\u017eba Alpana d.o.o. prilagodila svojo Politiko zasebnosti.<\/p><p>\u017delimo biti bolj transparentni glede podatkov, ki jih zbiramo, na\u010dina uporabe teh podatkov ter va\u0161ih pravic pri upravljanju va\u0161ih osebnih podatkov.<\/p><p>Ko dostopate do na\u0161e spletne strani in jo uporabljate ali uporabljate katerikoli drug medij, ki vklju\u010duje uporabo osebnih podatkov, se zavezujete, da sprejemate to Politiko zasebnosti ter dolo\u010dbe, navedene v Pravnih pogojih in Politiki pi\u0161kotkov. \u010ce se s temi pogoji ne strinjate, spletne strani ne smete uporabljati. <\/p><p>Alpana d.o.o., reg. \u0161t. 6166482000, zelo resno jemlje zasebnost uporabnikov spletne strani in varnost va\u0161ih osebnih podatkov. Cilj dru\u017ebe Alpana je, da se boste, kadar Alpana obdeluje va\u0161e osebne podatke, vedno po\u010dutili varne, da je va\u0161a zasebnost spo\u0161tovana in da se z va\u0161imi osebnimi podatki ravna z ustrezno skrbnostjo.  <\/p>\t\t\t\t\t\t\t\t<\/div>\n\t\t\t\t<\/div>\n\t\t\t\t<div class=\"elementor-element elementor-element-2ad6213 elementor-widget elementor-widget-text-editor\" data-id=\"2ad6213\" data-element_type=\"widget\" data-widget_type=\"text-editor.default\">\n\t\t\t\t<div class=\"elementor-widget-container\">\n\t\t\t\t\t\t\t\t\tAlpana d.o.o. zbira osebne podatke, kot so:\t\t\t\t\t\t\t\t<\/div>\n\t\t\t\t<\/div>\n\t\t\t\t<div class=\"elementor-element elementor-element-7d2aa6a elementor-widget elementor-widget-text-editor\" data-id=\"7d2aa6a\" data-element_type=\"widget\" data-widget_type=\"text-editor.default\">\n\t\t\t\t<div class=\"elementor-widget-container\">\n\t\t\t\t\t\t\t\t\t<p>&#8211; ime<br>&#8211; priimek<br>&#8211; e-po\u0161tni naslov<br>&#8211; dr\u017eava prebivali\u0161\u010da<br>&#8211; druge informacije, ki jih uporabniki spletne strani prostovoljno posredujejo.<\/p><p>Osebni podatki, ki jih posredujete, bodo obdelani za namen zagotavljanja informacij in storitev, ki jih zahtevate, ter za namene tr\u017eenja, prodaje in razvoja izdelkov. Alpana lahko osebne podatke posreduje tretjim osebam, ki se nahajajo znotraj ali zunaj Evropske unije in Evropskega gospodarskega prostora, na primer distributerju na\u0161ih izdelkov, da bi obdelala va\u0161a naro\u010dila in izpolnila va\u0161e zahteve.<br>V skladu z veljavno Politiko zasebnosti imate pravico do dostopa in popravka svojih osebnih podatkov. Prav tako lahko brezpla\u010dno pridobite informacije o osebnih podatkih, ki jih Alpana d.o.o. obdeluje. \u010ce \u017eelite pridobiti tak\u0161ne informacije ali zahtevati, da se va\u0161i podatki uredijo ali izbri\u0161ejo, se obrnite na Alpana d.o.o.   <\/p>\t\t\t\t\t\t\t\t<\/div>\n\t\t\t\t<\/div>\n\t\t\t\t<div class=\"elementor-element elementor-element-96b5103 elementor-widget elementor-widget-text-editor\" data-id=\"96b5103\" data-element_type=\"widget\" data-widget_type=\"text-editor.default\">\n\t\t\t\t<div class=\"elementor-widget-container\">\n\t\t\t\t\t\t\t\t\tPi\u0161kotki\t\t\t\t\t\t\t\t<\/div>\n\t\t\t\t<\/div>\n\t\t\t\t<div class=\"elementor-element elementor-element-9337e28 elementor-widget elementor-widget-text-editor\" data-id=\"9337e28\" data-element_type=\"widget\" data-widget_type=\"text-editor.default\">\n\t\t\t\t<div class=\"elementor-widget-container\">\n\t\t\t\t\t\t\t\t\t<p>Ko obi\u0161\u010dete to spletno stran, lahko Alpana d.o.o. na va\u0161 ra\u010dunalnik shrani dolo\u010dene informacije. Te informacije bodo v obliki \u00bbpi\u0161kotka\u00ab in nam bodo pomagale, da vam lahko bolje nudimo storitve. Pi\u0161kotki so majhne besedilne datoteke, ki jih spletna stran prenese v va\u0161 brskalnik, ta pa jih lahko shrani na trdi disk. Informacije, zbrane z uporabo pi\u0161kotkov, se obdelujejo v agregirani, anonimni obliki. Pi\u0161kotki ne morejo vsebovati virusov ali \u0161kodljive programske kode. Ne zahtevajo veliko prostora na va\u0161em trdem disku in jih je mogo\u010de izbrisati.<br>Te informacije nam omogo\u010dajo merjenje aktivnosti na spletni strani in prilagajanje vsebine va\u0161im individualnim preferencam, na primer naro\u010danje na novice. Cilj je, da vam prihranimo \u010das in vam zagotovimo bolj smiselno uporabni\u0161ko izku\u0161njo. Z analizo, kako in kdaj obiskovalci uporabljajo to spletno stran, nam te informacije pomagajo spletno stran nenehno izbolj\u0161evati.<br>\u010ce ne \u017eelite prejemati pi\u0161kotkov ali \u017eelite biti obve\u0161\u010deni, ko so name\u0161\u010deni, lahko svoj spletni brskalnik ustrezno nastavite. Za dodatne informacije o teh nastavitvah si oglejte strani za pomo\u010d va\u0161ega brskalnika.         <br>Upo\u0161tevajte, da je lahko brez pi\u0161kotkov funkcionalnost te spletne strani okrnjena.<\/p>\t\t\t\t\t\t\t\t<\/div>\n\t\t\t\t<\/div>\n\t\t\t\t<div class=\"elementor-element elementor-element-5971c33 elementor-widget elementor-widget-text-editor\" data-id=\"5971c33\" data-element_type=\"widget\" data-widget_type=\"text-editor.default\">\n\t\t\t\t<div class=\"elementor-widget-container\">\n\t\t\t\t\t\t\t\t\tDrugo\t\t\t\t\t\t\t\t<\/div>\n\t\t\t\t<\/div>\n\t\t\t\t<div class=\"elementor-element elementor-element-39b7663 elementor-widget elementor-widget-text-editor\" data-id=\"39b7663\" data-element_type=\"widget\" data-widget_type=\"text-editor.default\">\n\t\t\t\t<div class=\"elementor-widget-container\">\n\t\t\t\t\t\t\t\t\tAlpana d.o.o. ne prevzema nobene odgovornosti za prakse varstva zasebnosti ali vsebino zunanjih spletnih strani, na katere ta spletna stran vsebuje povezave.\t\t\t\t\t\t\t\t<\/div>\n\t\t\t\t<\/div>\n\t\t\t\t<\/div>\n\t\t\t\t\t<\/div>\n\t\t\t\t<\/div>\n\t\t<div class=\"elementor-element elementor-element-87ee81 e-flex e-con-boxed e-con e-parent\" data-id=\"87ee81\" data-element_type=\"container\">\n\t\t\t\t\t<div class=\"e-con-inner\">\n\t\t<div class=\"elementor-element elementor-element-277517d6 e-con-full e-flex e-con e-child\" data-id=\"277517d6\" data-element_type=\"container\" data-settings=\"{&quot;background_background&quot;:&quot;classic&quot;}\">\n\t\t\t\t<div class=\"elementor-element elementor-element-7ef2719a elementor-widget elementor-widget-heading\" data-id=\"7ef2719a\" data-element_type=\"widget\" data-widget_type=\"heading.default\">\n\t\t\t\t<div class=\"elementor-widget-container\">\n\t\t\t\t\t<h2 class=\"elementor-heading-title elementor-size-default\">Ste pripravljeni na pogovor s strokovnjakom?<\/h2>\t\t\t\t<\/div>\n\t\t\t\t<\/div>\n\t\t\t\t<div class=\"elementor-element elementor-element-7a253951 elementor-widget elementor-widget-text-editor\" data-id=\"7a253951\" data-element_type=\"widget\" data-widget_type=\"text-editor.default\">\n\t\t\t\t<div class=\"elementor-widget-container\">\n\t\t\t\t\t\t\t\t\tNadgradimo va\u0161e poslovanje z naprednej\u0161imi sistemi gibanja in robotike.\t\t\t\t\t\t\t\t<\/div>\n\t\t\t\t<\/div>\n\t\t\t\t<div class=\"elementor-element elementor-element-1e33f2c2 elementor-align-center elementor-widget elementor-widget-button\" data-id=\"1e33f2c2\" data-element_type=\"widget\" data-widget_type=\"button.default\">\n\t\t\t\t<div class=\"elementor-widget-container\">\n\t\t\t\t\t\t\t\t\t<div class=\"elementor-button-wrapper\">\n\t\t\t\t\t<a class=\"elementor-button elementor-button-link elementor-size-sm\" href=\"#\">\n\t\t\t\t\t\t<span class=\"elementor-button-content-wrapper\">\n\t\t\t\t\t\t\t\t\t<span class=\"elementor-button-text\">Kontaktirajte nas<\/span>\n\t\t\t\t\t<\/span>\n\t\t\t\t\t<\/a>\n\t\t\t\t<\/div>\n\t\t\t\t\t\t\t\t<\/div>\n\t\t\t\t<\/div>\n\t\t\t\t<\/div>\n\t\t\t\t\t<\/div>\n\t\t\t\t<\/div>\n\t\t\t\t<\/div>\n\t\t","protected":false},"excerpt":{"rendered":"<p>Politika zasebnosti Prosimo, da pred uporabo te spletne strani natan\u010dno preberete to Politiko zasebnosti. Spo\u0161tovana stranka, V skladu z novo evropsko uredbo o varstvu podatkov oziroma GDPR (Splo\u0161na uredba o varstvu podatkov), ki je za\u010dela veljati 25. maja, je dru\u017eba Alpana d.o.o. prilagodila svojo Politiko zasebnosti. \u017delimo biti bolj transparentni glede podatkov, ki jih zbiramo, [&hellip;]<\/p>\n","protected":false},"author":2,"featured_media":0,"parent":0,"menu_order":0,"comment_status":"closed","ping_status":"closed","template":"","meta":{"footnotes":""},"class_list":["post-2386","page","type-page","status-publish","hentry"],"_links":{"self":[{"href":"https:\/\/alpana-seals.com\/sl\/wp-json\/wp\/v2\/pages\/2386","targetHints":{"allow":["GET"]}}],"collection":[{"href":"https:\/\/alpana-seals.com\/sl\/wp-json\/wp\/v2\/pages"}],"about":[{"href":"https:\/\/alpana-seals.com\/sl\/wp-json\/wp\/v2\/types\/page"}],"author":[{"embeddable":true,"href":"https:\/\/alpana-seals.com\/sl\/wp-json\/wp\/v2\/users\/2"}],"replies":[{"embeddable":true,"href":"https:\/\/alpana-seals.com\/sl\/wp-json\/wp\/v2\/comments?post=2386"}],"version-history":[{"count":1,"href":"https:\/\/alpana-seals.com\/sl\/wp-json\/wp\/v2\/pages\/2386\/revisions"}],"predecessor-version":[{"id":2387,"href":"https:\/\/alpana-seals.com\/sl\/wp-json\/wp\/v2\/pages\/2386\/revisions\/2387"}],"wp:attachment":[{"href":"https:\/\/alpana-seals.com\/sl\/wp-json\/wp\/v2\/media?parent=2386"}],"curies":[{"name":"wp","href":"https:\/\/api.w.org\/{rel}","templated":true}]}}