{"id":2363,"date":"2025-10-07T07:35:26","date_gmt":"2025-10-07T07:35:26","guid":{"rendered":"https:\/\/alpana-seals.com\/novice\/"},"modified":"2026-02-09T10:50:46","modified_gmt":"2026-02-09T10:50:46","slug":"novice","status":"publish","type":"page","link":"https:\/\/alpana-seals.com\/sl\/novice\/","title":{"rendered":"Novice"},"content":{"rendered":"\t\t<div data-elementor-type=\"wp-page\" data-elementor-id=\"2363\" class=\"elementor elementor-2363 elementor-973\" data-elementor-post-type=\"page\">\n\t\t\t\t<div class=\"elementor-element elementor-element-2d54859 e-flex e-con-boxed e-con e-parent\" data-id=\"2d54859\" data-element_type=\"container\">\n\t\t\t\t\t<div class=\"e-con-inner\">\n\t\t<div class=\"elementor-element elementor-element-ff37291 e-con-full e-flex e-con e-child\" data-id=\"ff37291\" data-element_type=\"container\" data-settings=\"{&quot;background_background&quot;:&quot;classic&quot;}\">\n\t\t\t\t<div class=\"elementor-element elementor-element-be4ad09 elementor-widget__width-initial elementor-widget elementor-widget-heading\" data-id=\"be4ad09\" data-element_type=\"widget\" data-widget_type=\"heading.default\">\n\t\t\t\t<div class=\"elementor-widget-container\">\n\t\t\t\t\t<h2 class=\"elementor-heading-title elementor-size-default\">Izdelki z visokimi tehni\u010dnimi lastnostmi<\/h2>\t\t\t\t<\/div>\n\t\t\t\t<\/div>\n\t\t\t\t<div class=\"elementor-element elementor-element-d5c04a4 elementor-widget__width-initial elementor-widget elementor-widget-text-editor\" data-id=\"d5c04a4\" data-element_type=\"widget\" data-widget_type=\"text-editor.default\">\n\t\t\t\t<div class=\"elementor-widget-container\">\n\t\t\t\t\t\t\t\t\tALPANA ponuja celovite in vsestranske re\u0161itve za stranke, ki potrebujejo izdelavo ali dobavo visokokakovostnih tesnil. Z zdru\u017eevanjem naprednega in\u017eenirskega znanja, vrhunskih surovin &#8230; \t\t\t\t\t\t\t\t<\/div>\n\t\t\t\t<\/div>\n\t\t\t\t<\/div>\n\t\t\t\t\t<\/div>\n\t\t\t\t<\/div>\n\t\t<div class=\"elementor-element elementor-element-d7836de e-flex e-con-boxed e-con e-parent\" data-id=\"d7836de\" data-element_type=\"container\">\n\t\t\t\t\t<div class=\"e-con-inner\">\n\t\t\t\t<div class=\"elementor-element elementor-element-4f3d90d elementor-grid-4 elementor-grid-tablet-2 elementor-grid-mobile-1 elementor-widget elementor-widget-loop-grid\" data-id=\"4f3d90d\" data-element_type=\"widget\" data-settings=\"{&quot;template_id&quot;:977,&quot;columns&quot;:4,&quot;row_gap&quot;:{&quot;unit&quot;:&quot;px&quot;,&quot;size&quot;:12,&quot;sizes&quot;:[]},&quot;_skin&quot;:&quot;post&quot;,&quot;columns_tablet&quot;:&quot;2&quot;,&quot;columns_mobile&quot;:&quot;1&quot;,&quot;edit_handle_selector&quot;:&quot;[data-elementor-type=\\&quot;loop-item\\&quot;]&quot;,&quot;row_gap_tablet&quot;:{&quot;unit&quot;:&quot;px&quot;,&quot;size&quot;:&quot;&quot;,&quot;sizes&quot;:[]},&quot;row_gap_mobile&quot;:{&quot;unit&quot;:&quot;px&quot;,&quot;size&quot;:&quot;&quot;,&quot;sizes&quot;:[]}}\" data-widget_type=\"loop-grid.post\">\n\t\t\t\t<div class=\"elementor-widget-container\">\n\t\t\t\t\t\t\t<div class=\"elementor-loop-container elementor-grid\" role=\"list\">\n\t\t<style id=\"loop-977\">.elementor-977 .elementor-element.elementor-element-3c32447{--display:flex;--gap:10px 10px;--row-gap:10px;--column-gap:10px;border-style:solid;--border-style:solid;border-width:1px 1px 1px 1px;--border-top-width:1px;--border-right-width:1px;--border-bottom-width:1px;--border-left-width:1px;border-color:#DADADD;--border-color:#DADADD;--border-radius:10px 10px 10px 10px;}.elementor-977 .elementor-element.elementor-element-120f9eb{--display:flex;}.elementor-widget-post-info .elementor-icon-list-item:not(:last-child):after{border-color:var( --e-global-color-text );}.elementor-widget-post-info .elementor-icon-list-icon i{color:var( --e-global-color-primary );}.elementor-widget-post-info .elementor-icon-list-icon svg{fill:var( --e-global-color-primary );}.elementor-widget-post-info .elementor-icon-list-text, .elementor-widget-post-info .elementor-icon-list-text a{color:var( --e-global-color-secondary );}.elementor-widget-post-info .elementor-icon-list-item{font-family:var( --e-global-typography-text-font-family ), Sans-serif;font-weight:var( --e-global-typography-text-font-weight );}.elementor-977 .elementor-element.elementor-element-fad8e26 .elementor-icon-list-icon i{color:#6EC1E4;}.elementor-977 .elementor-element.elementor-element-fad8e26 .elementor-icon-list-icon svg{fill:#6EC1E4;}.elementor-977 .elementor-element.elementor-element-fad8e26 .elementor-icon-list-text, .elementor-977 .elementor-element.elementor-element-fad8e26 .elementor-icon-list-text a{color:#B0B0B5;}.elementor-977 .elementor-element.elementor-element-fad8e26 .elementor-icon-list-item{font-family:\"Space Grotesk\", Sans-serif;font-size:12px;font-weight:500;text-transform:uppercase;}.elementor-widget-theme-post-title .elementor-heading-title{font-family:var( --e-global-typography-primary-font-family ), Sans-serif;font-weight:var( --e-global-typography-primary-font-weight );color:var( --e-global-color-primary );}.elementor-977 .elementor-element.elementor-element-c5eb9e6 .elementor-heading-title{font-family:\"Space Grotesk\", Sans-serif;font-size:24px;font-weight:400;line-height:1.2em;color:#292929;}.elementor-widget-theme-post-excerpt .elementor-widget-container{font-family:var( --e-global-typography-text-font-family ), Sans-serif;font-weight:var( --e-global-typography-text-font-weight );color:var( --e-global-color-text );}.elementor-977 .elementor-element.elementor-element-b597e55 .elementor-widget-container{font-family:\"Roboto\", Sans-serif;font-size:12px;font-weight:400;}.elementor-977 .elementor-element.elementor-element-5a0995d{--display:flex;--justify-content:space-between;--padding-top:0px;--padding-bottom:0px;--padding-left:0px;--padding-right:0px;}.elementor-widget-theme-post-featured-image .widget-image-caption{color:var( --e-global-color-text );font-family:var( --e-global-typography-text-font-family ), Sans-serif;font-weight:var( --e-global-typography-text-font-weight );}.elementor-977 .elementor-element.elementor-element-b7911a2.elementor-element{--flex-grow:1;--flex-shrink:1;}.elementor-977 .elementor-element.elementor-element-b7911a2 img{height:197px;object-fit:cover;object-position:center center;opacity:1;border-radius:10px 10px 10px 10px;}<\/style>\t\t<div data-elementor-type=\"loop-item\" data-elementor-id=\"977\" class=\"elementor elementor-977 e-loop-item e-loop-item-2867 post-2867 post type-post status-publish format-standard has-post-thumbnail hentry category-novice-blog\" data-elementor-post-type=\"elementor_library\" data-custom-edit-handle=\"1\">\n\t\t\t<div class=\"elementor-element elementor-element-3c32447 e-flex e-con-boxed e-con e-parent\" data-id=\"3c32447\" data-element_type=\"container\">\n\t\t\t\t\t<div class=\"e-con-inner\">\n\t\t<div class=\"elementor-element elementor-element-120f9eb e-con-full e-flex e-con e-child\" data-id=\"120f9eb\" data-element_type=\"container\">\n\t\t\t\t<div class=\"elementor-element elementor-element-fad8e26 elementor-widget elementor-widget-post-info\" data-id=\"fad8e26\" data-element_type=\"widget\" data-widget_type=\"post-info.default\">\n\t\t\t\t<div class=\"elementor-widget-container\">\n\t\t\t\t\t\t\t<ul class=\"elementor-inline-items elementor-icon-list-items elementor-post-info\">\n\t\t\t\t\t\t\t\t<li class=\"elementor-icon-list-item elementor-repeater-item-4f87f98 elementor-inline-item\" itemprop=\"datePublished\">\n\t\t\t\t\t\t<a href=\"https:\/\/alpana-seals.com\/sl\/2025\/08\/03\/\">\n\t\t\t\t\t\t\t\t\t\t\t\t\t\t<span class=\"elementor-icon-list-text elementor-post-info__item elementor-post-info__item--type-date\">\n\t\t\t\t\t\t\t\t\t\t<time>3 avgusta, 2025<\/time>\t\t\t\t\t<\/span>\n\t\t\t\t\t\t\t\t\t<\/a>\n\t\t\t\t<\/li>\n\t\t\t\t<\/ul>\n\t\t\t\t\t\t<\/div>\n\t\t\t\t<\/div>\n\t\t\t\t<div class=\"elementor-element elementor-element-c5eb9e6 elementor-widget elementor-widget-theme-post-title elementor-page-title elementor-widget-heading\" data-id=\"c5eb9e6\" data-element_type=\"widget\" data-widget_type=\"theme-post-title.default\">\n\t\t\t\t<div class=\"elementor-widget-container\">\n\t\t\t\t\t<h2 class=\"elementor-heading-title elementor-size-default\">6 dejstev o barvah izdelkov ALPANA<\/h2>\t\t\t\t<\/div>\n\t\t\t\t<\/div>\n\t\t\t\t<div class=\"elementor-element elementor-element-b597e55 elementor-widget elementor-widget-theme-post-excerpt\" data-id=\"b597e55\" data-element_type=\"widget\" data-widget_type=\"theme-post-excerpt.default\">\n\t\t\t\t<div class=\"elementor-widget-container\">\n\t\t\t\t\tPri podjetju ALPANA ponujamo \u0161irok nabor barvnih materialov za serijo Max \u2013 vklju\u010dno s poliuretani, gumijastimi elastomeri in tehni\u010dnimi spojinami, zasnovanimi za tesnilne aplikacije.\t\t\t\t<\/div>\n\t\t\t\t<\/div>\n\t\t\t\t<\/div>\n\t\t<div class=\"elementor-element elementor-element-5a0995d e-con-full e-flex e-con e-child\" data-id=\"5a0995d\" data-element_type=\"container\">\n\t\t\t\t<div class=\"elementor-element elementor-element-b7911a2 elementor-widget elementor-widget-theme-post-featured-image elementor-widget-image\" data-id=\"b7911a2\" data-element_type=\"widget\" data-widget_type=\"theme-post-featured-image.default\">\n\t\t\t\t<div class=\"elementor-widget-container\">\n\t\t\t\t\t\t\t\t\t\t\t\t\t\t\t<img fetchpriority=\"high\" decoding=\"async\" width=\"2560\" height=\"838\" src=\"https:\/\/alpana-seals.com\/wp-content\/uploads\/2025\/08\/colors-scaled.jpg\" class=\"attachment-full size-full wp-image-2866\" alt=\"\" srcset=\"https:\/\/alpana-seals.com\/wp-content\/uploads\/2025\/08\/colors-scaled.jpg 2560w, https:\/\/alpana-seals.com\/wp-content\/uploads\/2025\/08\/colors-300x98.jpg 300w, https:\/\/alpana-seals.com\/wp-content\/uploads\/2025\/08\/colors-1024x335.jpg 1024w, https:\/\/alpana-seals.com\/wp-content\/uploads\/2025\/08\/colors-768x251.jpg 768w, https:\/\/alpana-seals.com\/wp-content\/uploads\/2025\/08\/colors-1536x503.jpg 1536w, https:\/\/alpana-seals.com\/wp-content\/uploads\/2025\/08\/colors-2048x670.jpg 2048w\" sizes=\"(max-width: 2560px) 100vw, 2560px\" \/>\t\t\t\t\t\t\t\t\t\t\t\t\t\t\t<\/div>\n\t\t\t\t<\/div>\n\t\t\t\t<\/div>\n\t\t\t\t\t<\/div>\n\t\t\t\t<\/div>\n\t\t\t\t<\/div>\n\t\t\t\t<div data-elementor-type=\"loop-item\" data-elementor-id=\"977\" class=\"elementor elementor-977 e-loop-item e-loop-item-2894 post-2894 post type-post status-publish format-standard has-post-thumbnail hentry category-novice-blog\" data-elementor-post-type=\"elementor_library\" data-custom-edit-handle=\"1\">\n\t\t\t<div class=\"elementor-element elementor-element-3c32447 e-flex e-con-boxed e-con e-parent\" data-id=\"3c32447\" data-element_type=\"container\">\n\t\t\t\t\t<div class=\"e-con-inner\">\n\t\t<div class=\"elementor-element elementor-element-120f9eb e-con-full e-flex e-con e-child\" data-id=\"120f9eb\" data-element_type=\"container\">\n\t\t\t\t<div class=\"elementor-element elementor-element-fad8e26 elementor-widget elementor-widget-post-info\" data-id=\"fad8e26\" data-element_type=\"widget\" data-widget_type=\"post-info.default\">\n\t\t\t\t<div class=\"elementor-widget-container\">\n\t\t\t\t\t\t\t<ul class=\"elementor-inline-items elementor-icon-list-items elementor-post-info\">\n\t\t\t\t\t\t\t\t<li class=\"elementor-icon-list-item elementor-repeater-item-4f87f98 elementor-inline-item\" itemprop=\"datePublished\">\n\t\t\t\t\t\t<a href=\"https:\/\/alpana-seals.com\/sl\/2025\/08\/01\/\">\n\t\t\t\t\t\t\t\t\t\t\t\t\t\t<span class=\"elementor-icon-list-text elementor-post-info__item elementor-post-info__item--type-date\">\n\t\t\t\t\t\t\t\t\t\t<time>1 avgusta, 2025<\/time>\t\t\t\t\t<\/span>\n\t\t\t\t\t\t\t\t\t<\/a>\n\t\t\t\t<\/li>\n\t\t\t\t<\/ul>\n\t\t\t\t\t\t<\/div>\n\t\t\t\t<\/div>\n\t\t\t\t<div class=\"elementor-element elementor-element-c5eb9e6 elementor-widget elementor-widget-theme-post-title elementor-page-title elementor-widget-heading\" data-id=\"c5eb9e6\" data-element_type=\"widget\" data-widget_type=\"theme-post-title.default\">\n\t\t\t\t<div class=\"elementor-widget-container\">\n\t\t\t\t\t<h2 class=\"elementor-heading-title elementor-size-default\">ALPANA poliuretan: Preizku\u0161en z vro\u010dino, potrjen z zanesljivostjo<\/h2>\t\t\t\t<\/div>\n\t\t\t\t<\/div>\n\t\t\t\t<div class=\"elementor-element elementor-element-b597e55 elementor-widget elementor-widget-theme-post-excerpt\" data-id=\"b597e55\" data-element_type=\"widget\" data-widget_type=\"theme-post-excerpt.default\">\n\t\t\t\t<div class=\"elementor-widget-container\">\n\t\t\t\t\tALPANA nudi celovite in vseobsegajo\u010de re\u0161itve za stranke, ki \u017eelijo razviti ali pridobiti visokokakovostna tesnila. Z zdru\u017eevanjem naprednega in\u017eenirskega znanja, \u2026\t\t\t\t<\/div>\n\t\t\t\t<\/div>\n\t\t\t\t<\/div>\n\t\t<div class=\"elementor-element elementor-element-5a0995d e-con-full e-flex e-con e-child\" data-id=\"5a0995d\" data-element_type=\"container\">\n\t\t\t\t<div class=\"elementor-element elementor-element-b7911a2 elementor-widget elementor-widget-theme-post-featured-image elementor-widget-image\" data-id=\"b7911a2\" data-element_type=\"widget\" data-widget_type=\"theme-post-featured-image.default\">\n\t\t\t\t<div class=\"elementor-widget-container\">\n\t\t\t\t\t\t\t\t\t\t\t\t\t\t\t<img decoding=\"async\" width=\"2560\" height=\"838\" src=\"https:\/\/alpana-seals.com\/wp-content\/uploads\/2025\/08\/water-1-scaled.jpg\" class=\"attachment-full size-full wp-image-2893\" alt=\"\" srcset=\"https:\/\/alpana-seals.com\/wp-content\/uploads\/2025\/08\/water-1-scaled.jpg 2560w, https:\/\/alpana-seals.com\/wp-content\/uploads\/2025\/08\/water-1-300x98.jpg 300w, https:\/\/alpana-seals.com\/wp-content\/uploads\/2025\/08\/water-1-1024x335.jpg 1024w, https:\/\/alpana-seals.com\/wp-content\/uploads\/2025\/08\/water-1-768x251.jpg 768w, https:\/\/alpana-seals.com\/wp-content\/uploads\/2025\/08\/water-1-1536x503.jpg 1536w, https:\/\/alpana-seals.com\/wp-content\/uploads\/2025\/08\/water-1-2048x670.jpg 2048w\" sizes=\"(max-width: 2560px) 100vw, 2560px\" \/>\t\t\t\t\t\t\t\t\t\t\t\t\t\t\t<\/div>\n\t\t\t\t<\/div>\n\t\t\t\t<\/div>\n\t\t\t\t\t<\/div>\n\t\t\t\t<\/div>\n\t\t\t\t<\/div>\n\t\t\t\t<div data-elementor-type=\"loop-item\" data-elementor-id=\"977\" class=\"elementor elementor-977 e-loop-item e-loop-item-3229 post-3229 post type-post status-publish format-standard has-post-thumbnail hentry category-novice-blog\" data-elementor-post-type=\"elementor_library\" data-custom-edit-handle=\"1\">\n\t\t\t<div class=\"elementor-element elementor-element-3c32447 e-flex e-con-boxed e-con e-parent\" data-id=\"3c32447\" data-element_type=\"container\">\n\t\t\t\t\t<div class=\"e-con-inner\">\n\t\t<div class=\"elementor-element elementor-element-120f9eb e-con-full e-flex e-con e-child\" data-id=\"120f9eb\" data-element_type=\"container\">\n\t\t\t\t<div class=\"elementor-element elementor-element-fad8e26 elementor-widget elementor-widget-post-info\" data-id=\"fad8e26\" data-element_type=\"widget\" data-widget_type=\"post-info.default\">\n\t\t\t\t<div class=\"elementor-widget-container\">\n\t\t\t\t\t\t\t<ul class=\"elementor-inline-items elementor-icon-list-items elementor-post-info\">\n\t\t\t\t\t\t\t\t<li class=\"elementor-icon-list-item elementor-repeater-item-4f87f98 elementor-inline-item\" itemprop=\"datePublished\">\n\t\t\t\t\t\t<a href=\"https:\/\/alpana-seals.com\/sl\/2025\/07\/01\/\">\n\t\t\t\t\t\t\t\t\t\t\t\t\t\t<span class=\"elementor-icon-list-text elementor-post-info__item elementor-post-info__item--type-date\">\n\t\t\t\t\t\t\t\t\t\t<time>1 julija, 2025<\/time>\t\t\t\t\t<\/span>\n\t\t\t\t\t\t\t\t\t<\/a>\n\t\t\t\t<\/li>\n\t\t\t\t<\/ul>\n\t\t\t\t\t\t<\/div>\n\t\t\t\t<\/div>\n\t\t\t\t<div class=\"elementor-element elementor-element-c5eb9e6 elementor-widget elementor-widget-theme-post-title elementor-page-title elementor-widget-heading\" data-id=\"c5eb9e6\" data-element_type=\"widget\" data-widget_type=\"theme-post-title.default\">\n\t\t\t\t<div class=\"elementor-widget-container\">\n\t\t\t\t\t<h2 class=\"elementor-heading-title elementor-size-default\">Certifikat EC 1935\/2004 \u2013 pomemben korak naprej za ALPANA<\/h2>\t\t\t\t<\/div>\n\t\t\t\t<\/div>\n\t\t\t\t<div class=\"elementor-element elementor-element-b597e55 elementor-widget elementor-widget-theme-post-excerpt\" data-id=\"b597e55\" data-element_type=\"widget\" data-widget_type=\"theme-post-excerpt.default\">\n\t\t\t\t<div class=\"elementor-widget-container\">\n\t\t\t\t\tZ veseljem sporo\u010damo, da so vsi na\u0161i barvni materiali (razen sivega) zdaj certificirani v skladu z EC 1935\/2004 \u2013 klju\u010dnim predpisom EU za materiale, namenjene stiku z \u017eivili.\t\t\t\t<\/div>\n\t\t\t\t<\/div>\n\t\t\t\t<\/div>\n\t\t<div class=\"elementor-element elementor-element-5a0995d e-con-full e-flex e-con e-child\" data-id=\"5a0995d\" data-element_type=\"container\">\n\t\t\t\t<div class=\"elementor-element elementor-element-b7911a2 elementor-widget elementor-widget-theme-post-featured-image elementor-widget-image\" data-id=\"b7911a2\" data-element_type=\"widget\" data-widget_type=\"theme-post-featured-image.default\">\n\t\t\t\t<div class=\"elementor-widget-container\">\n\t\t\t\t\t\t\t\t\t\t\t\t\t\t\t<img decoding=\"async\" width=\"2560\" height=\"838\" src=\"https:\/\/alpana-seals.com\/wp-content\/uploads\/2025\/07\/certificate-scaled.jpg\" class=\"attachment-full size-full wp-image-3228\" alt=\"\" srcset=\"https:\/\/alpana-seals.com\/wp-content\/uploads\/2025\/07\/certificate-scaled.jpg 2560w, https:\/\/alpana-seals.com\/wp-content\/uploads\/2025\/07\/certificate-300x98.jpg 300w, https:\/\/alpana-seals.com\/wp-content\/uploads\/2025\/07\/certificate-1024x335.jpg 1024w, https:\/\/alpana-seals.com\/wp-content\/uploads\/2025\/07\/certificate-768x251.jpg 768w, https:\/\/alpana-seals.com\/wp-content\/uploads\/2025\/07\/certificate-1536x503.jpg 1536w, https:\/\/alpana-seals.com\/wp-content\/uploads\/2025\/07\/certificate-2048x670.jpg 2048w\" sizes=\"(max-width: 2560px) 100vw, 2560px\" \/>\t\t\t\t\t\t\t\t\t\t\t\t\t\t\t<\/div>\n\t\t\t\t<\/div>\n\t\t\t\t<\/div>\n\t\t\t\t\t<\/div>\n\t\t\t\t<\/div>\n\t\t\t\t<\/div>\n\t\t\t\t<div data-elementor-type=\"loop-item\" data-elementor-id=\"977\" class=\"elementor elementor-977 e-loop-item e-loop-item-3233 post-3233 post type-post status-publish format-standard has-post-thumbnail hentry category-novice-blog\" data-elementor-post-type=\"elementor_library\" data-custom-edit-handle=\"1\">\n\t\t\t<div class=\"elementor-element elementor-element-3c32447 e-flex e-con-boxed e-con e-parent\" data-id=\"3c32447\" data-element_type=\"container\">\n\t\t\t\t\t<div class=\"e-con-inner\">\n\t\t<div class=\"elementor-element elementor-element-120f9eb e-con-full e-flex e-con e-child\" data-id=\"120f9eb\" data-element_type=\"container\">\n\t\t\t\t<div class=\"elementor-element elementor-element-fad8e26 elementor-widget elementor-widget-post-info\" data-id=\"fad8e26\" data-element_type=\"widget\" data-widget_type=\"post-info.default\">\n\t\t\t\t<div class=\"elementor-widget-container\">\n\t\t\t\t\t\t\t<ul class=\"elementor-inline-items elementor-icon-list-items elementor-post-info\">\n\t\t\t\t\t\t\t\t<li class=\"elementor-icon-list-item elementor-repeater-item-4f87f98 elementor-inline-item\" itemprop=\"datePublished\">\n\t\t\t\t\t\t<a href=\"https:\/\/alpana-seals.com\/sl\/2025\/03\/20\/\">\n\t\t\t\t\t\t\t\t\t\t\t\t\t\t<span class=\"elementor-icon-list-text elementor-post-info__item elementor-post-info__item--type-date\">\n\t\t\t\t\t\t\t\t\t\t<time>20 marca, 2025<\/time>\t\t\t\t\t<\/span>\n\t\t\t\t\t\t\t\t\t<\/a>\n\t\t\t\t<\/li>\n\t\t\t\t<\/ul>\n\t\t\t\t\t\t<\/div>\n\t\t\t\t<\/div>\n\t\t\t\t<div class=\"elementor-element elementor-element-c5eb9e6 elementor-widget elementor-widget-theme-post-title elementor-page-title elementor-widget-heading\" data-id=\"c5eb9e6\" data-element_type=\"widget\" data-widget_type=\"theme-post-title.default\">\n\t\t\t\t<div class=\"elementor-widget-container\">\n\t\t\t\t\t<h2 class=\"elementor-heading-title elementor-size-default\">Pomen vpenjalnega obro\u010da pri velikih pu\u0161ah<\/h2>\t\t\t\t<\/div>\n\t\t\t\t<\/div>\n\t\t\t\t<div class=\"elementor-element elementor-element-b597e55 elementor-widget elementor-widget-theme-post-excerpt\" data-id=\"b597e55\" data-element_type=\"widget\" data-widget_type=\"theme-post-excerpt.default\">\n\t\t\t\t<div class=\"elementor-widget-container\">\n\t\t\t\t\tVsak izdelek, ki ga dobavimo \u2013 ne glede na premer \u2013 vklju\u010duje tudi vpenjalni obro\u010d. Tudi pri velikih dimenzijah. Pravzaprav predvsem pri njih.\t\t\t\t<\/div>\n\t\t\t\t<\/div>\n\t\t\t\t<\/div>\n\t\t<div class=\"elementor-element elementor-element-5a0995d e-con-full e-flex e-con e-child\" data-id=\"5a0995d\" data-element_type=\"container\">\n\t\t\t\t<div class=\"elementor-element elementor-element-b7911a2 elementor-widget elementor-widget-theme-post-featured-image elementor-widget-image\" data-id=\"b7911a2\" data-element_type=\"widget\" data-widget_type=\"theme-post-featured-image.default\">\n\t\t\t\t<div class=\"elementor-widget-container\">\n\t\t\t\t\t\t\t\t\t\t\t\t\t\t\t<img loading=\"lazy\" decoding=\"async\" width=\"2560\" height=\"838\" src=\"https:\/\/alpana-seals.com\/wp-content\/uploads\/2025\/08\/size-scaled.jpg\" class=\"attachment-full size-full wp-image-3232\" alt=\"\" srcset=\"https:\/\/alpana-seals.com\/wp-content\/uploads\/2025\/08\/size-scaled.jpg 2560w, https:\/\/alpana-seals.com\/wp-content\/uploads\/2025\/08\/size-300x98.jpg 300w, https:\/\/alpana-seals.com\/wp-content\/uploads\/2025\/08\/size-1024x335.jpg 1024w, https:\/\/alpana-seals.com\/wp-content\/uploads\/2025\/08\/size-768x251.jpg 768w, https:\/\/alpana-seals.com\/wp-content\/uploads\/2025\/08\/size-1536x503.jpg 1536w, https:\/\/alpana-seals.com\/wp-content\/uploads\/2025\/08\/size-2048x670.jpg 2048w\" sizes=\"(max-width: 2560px) 100vw, 2560px\" \/>\t\t\t\t\t\t\t\t\t\t\t\t\t\t\t<\/div>\n\t\t\t\t<\/div>\n\t\t\t\t<\/div>\n\t\t\t\t\t<\/div>\n\t\t\t\t<\/div>\n\t\t\t\t<\/div>\n\t\t\t\t<\/div>\n\t\t\n\t\t\t\t\t\t<\/div>\n\t\t\t\t<\/div>\n\t\t\t\t\t<\/div>\n\t\t\t\t<\/div>\n\t\t\t\t<\/div>\n\t\t","protected":false},"excerpt":{"rendered":"<p>Izdelki z visokimi tehni\u010dnimi lastnostmi ALPANA ponuja celovite in vsestranske re\u0161itve za stranke, ki potrebujejo izdelavo ali dobavo visokokakovostnih tesnil. Z zdru\u017eevanjem naprednega in\u017eenirskega znanja, vrhunskih surovin &#8230;<\/p>\n","protected":false},"author":2,"featured_media":0,"parent":0,"menu_order":0,"comment_status":"closed","ping_status":"closed","template":"elementor_header_footer","meta":{"footnotes":""},"class_list":["post-2363","page","type-page","status-publish","hentry"],"_links":{"self":[{"href":"https:\/\/alpana-seals.com\/sl\/wp-json\/wp\/v2\/pages\/2363","targetHints":{"allow":["GET"]}}],"collection":[{"href":"https:\/\/alpana-seals.com\/sl\/wp-json\/wp\/v2\/pages"}],"about":[{"href":"https:\/\/alpana-seals.com\/sl\/wp-json\/wp\/v2\/types\/page"}],"author":[{"embeddable":true,"href":"https:\/\/alpana-seals.com\/sl\/wp-json\/wp\/v2\/users\/2"}],"replies":[{"embeddable":true,"href":"https:\/\/alpana-seals.com\/sl\/wp-json\/wp\/v2\/comments?post=2363"}],"version-history":[{"count":1,"href":"https:\/\/alpana-seals.com\/sl\/wp-json\/wp\/v2\/pages\/2363\/revisions"}],"predecessor-version":[{"id":2365,"href":"https:\/\/alpana-seals.com\/sl\/wp-json\/wp\/v2\/pages\/2363\/revisions\/2365"}],"wp:attachment":[{"href":"https:\/\/alpana-seals.com\/sl\/wp-json\/wp\/v2\/media?parent=2363"}],"curies":[{"name":"wp","href":"https:\/\/api.w.org\/{rel}","templated":true}]}}