{"id":2345,"date":"2025-07-22T13:39:40","date_gmt":"2025-07-22T13:39:40","guid":{"rendered":"https:\/\/alpana-seals.com\/industrije\/farmacevtska-industrija\/"},"modified":"2026-02-05T22:20:52","modified_gmt":"2026-02-05T22:20:52","slug":"farmacevtska-industrija","status":"publish","type":"page","link":"https:\/\/alpana-seals.com\/sl\/industrije\/farmacevtska-industrija\/","title":{"rendered":"Farmacevtska industrija"},"content":{"rendered":"\t\t<div data-elementor-type=\"wp-page\" data-elementor-id=\"2345\" class=\"elementor elementor-2345 elementor-243\" data-elementor-post-type=\"page\">\n\t\t\t\t<div class=\"elementor-element elementor-element-8221b3c e-flex e-con-boxed e-con e-parent\" data-id=\"8221b3c\" data-element_type=\"container\">\n\t\t\t\t\t<div class=\"e-con-inner\">\n\t\t<div class=\"elementor-element elementor-element-f560f64 e-con-full e-flex e-con e-child\" data-id=\"f560f64\" data-element_type=\"container\" data-settings=\"{&quot;background_background&quot;:&quot;classic&quot;}\">\n\t\t\t\t<div class=\"elementor-element elementor-element-51bbaa4 elementor-widget elementor-widget-heading\" data-id=\"51bbaa4\" data-element_type=\"widget\" data-widget_type=\"heading.default\">\n\t\t\t\t<div class=\"elementor-widget-container\">\n\t\t\t\t\t<h1 class=\"elementor-heading-title elementor-size-default\">Tesnilni materiali<br>v \u017eivilski in farmacevtski<br>industriji<\/h1>\t\t\t\t<\/div>\n\t\t\t\t<\/div>\n\t\t\t\t<\/div>\n\t\t\t\t\t<\/div>\n\t\t\t\t<\/div>\n\t\t<div class=\"elementor-element elementor-element-f769152 e-flex e-con-boxed e-con e-parent\" data-id=\"f769152\" data-element_type=\"container\">\n\t\t\t\t\t<div class=\"e-con-inner\">\n\t\t<div class=\"elementor-element elementor-element-f9be227 e-con-full e-flex e-con e-child\" data-id=\"f9be227\" data-element_type=\"container\">\n\t\t\t\t<\/div>\n\t\t<div class=\"elementor-element elementor-element-21e1ee5 e-con-full e-flex e-con e-child\" data-id=\"21e1ee5\" data-element_type=\"container\">\n\t\t\t\t<div class=\"elementor-element elementor-element-6747ff7 elementor-widget elementor-widget-heading\" data-id=\"6747ff7\" data-element_type=\"widget\" data-widget_type=\"heading.default\">\n\t\t\t\t<div class=\"elementor-widget-container\">\n\t\t\t\t\t<h2 class=\"elementor-heading-title elementor-size-default\">\u010cistost in varnost na prvem mestu<\/h2>\t\t\t\t<\/div>\n\t\t\t\t<\/div>\n\t\t\t\t<div class=\"elementor-element elementor-element-47bdd60 elementor-widget elementor-widget-text-editor\" data-id=\"47bdd60\" data-element_type=\"widget\" data-widget_type=\"text-editor.default\">\n\t\t\t\t<div class=\"elementor-widget-container\">\n\t\t\t\t\t\t\t\t\t\u017divilski in farmacevtski sektor postavljata ene najstro\u017ejih zahtev za materiale, ki prihajajo v stik z izdelki. Zanesljivost, sterilnost, kemi\u010dna odpornost ter popolna skladnost s higienskimi standardi so klju\u010dni dejavniki pri izbiri tesnilnih in konstrukcijskih komponent za procesno opremo. \n<br><br>Polimerni materiali, uporabljeni v tej industriji, morajo biti kemi\u010dno inertni, brez \u0161kodljive migracije snovi in sposobni ohraniti svoje lastnosti ob izpostavljenosti vodi, pari, razku\u017eilom, \u010distilnim sredstvom, kislinam ter temperaturnim ekstremom. Posebna pozornost je namenjena skladnosti s standardi FDA, EC 1935\/2004 in USP Class VI. \t\t\t\t\t\t\t\t<\/div>\n\t\t\t\t<\/div>\n\t\t\t\t<div class=\"elementor-element elementor-element-5ea0bcf elementor-widget elementor-widget-spacer\" data-id=\"5ea0bcf\" data-element_type=\"widget\" data-widget_type=\"spacer.default\">\n\t\t\t\t<div class=\"elementor-widget-container\">\n\t\t\t\t\t\t\t<div class=\"elementor-spacer\">\n\t\t\t<div class=\"elementor-spacer-inner\"><\/div>\n\t\t<\/div>\n\t\t\t\t\t\t<\/div>\n\t\t\t\t<\/div>\n\t\t\t\t<div class=\"elementor-element elementor-element-d450c99 elementor-widget elementor-widget-heading\" data-id=\"d450c99\" data-element_type=\"widget\" data-widget_type=\"heading.default\">\n\t\t\t\t<div class=\"elementor-widget-container\">\n\t\t\t\t\t<h2 class=\"elementor-heading-title elementor-size-default\">Tipi\u010dne uporabe<\/h2>\t\t\t\t<\/div>\n\t\t\t\t<\/div>\n\t\t\t\t<div class=\"elementor-element elementor-element-b5ecc61 elementor-widget elementor-widget-text-editor\" data-id=\"b5ecc61\" data-element_type=\"widget\" data-widget_type=\"text-editor.default\">\n\t\t\t\t<div class=\"elementor-widget-container\">\n\t\t\t\t\t\t\t\t\t<ul><li>Tesnila in tesnilke v \u010drpalkah, me\u0161alnikih in ventilih<\/li><li>Izolacijski in vodilni elementi v polnilnih, dozirnih in pakirnih linijah<\/li><li>Tesnjenje rezervoarjev, sterilizatorjev in avtoklavov<\/li><li>Komponente v sistemih CIP\/SIP (\u010di\u0161\u010denje na mestu \/ sterilizacija na mestu s paro)<\/li><li>Deli v filtrih, farmacevtskih dozirnikih in laboratorijski opremi<\/li><\/ul>\t\t\t\t\t\t\t\t<\/div>\n\t\t\t\t<\/div>\n\t\t\t\t<div class=\"elementor-element elementor-element-f74f948 elementor-widget elementor-widget-heading\" data-id=\"f74f948\" data-element_type=\"widget\" data-widget_type=\"heading.default\">\n\t\t\t\t<div class=\"elementor-widget-container\">\n\t\t\t\t\t<h2 class=\"elementor-heading-title elementor-size-default\">Te komponente morajo delovati v pogojih:<\/h2>\t\t\t\t<\/div>\n\t\t\t\t<\/div>\n\t\t\t\t<div class=\"elementor-element elementor-element-de18042 elementor-widget elementor-widget-text-editor\" data-id=\"de18042\" data-element_type=\"widget\" data-widget_type=\"text-editor.default\">\n\t\t\t\t<div class=\"elementor-widget-container\">\n\t\t\t\t\t\t\t\t\t\n \t<li>neposrednega stika z \u017eivili, farmacevtskimi izdelki in pitno vodo<\/li>\n \t<li>visokih in nizkih temperaturnih nihanj<\/li>\n \t<li>pogostih ciklov razku\u017eevanja in sterilizacije<\/li>\n \t<li>strogih zahtev glede tesnjenja in ni\u010delnega tveganja kontaminacije<\/li>\n\t\t\t\t\t\t\t\t<\/div>\n\t\t\t\t<\/div>\n\t\t\t\t<div class=\"elementor-element elementor-element-fad02dc elementor-widget elementor-widget-spacer\" data-id=\"fad02dc\" data-element_type=\"widget\" data-widget_type=\"spacer.default\">\n\t\t\t\t<div class=\"elementor-widget-container\">\n\t\t\t\t\t\t\t<div class=\"elementor-spacer\">\n\t\t\t<div class=\"elementor-spacer-inner\"><\/div>\n\t\t<\/div>\n\t\t\t\t\t\t<\/div>\n\t\t\t\t<\/div>\n\t\t\t\t<div class=\"elementor-element elementor-element-17cc305 elementor-widget elementor-widget-heading\" data-id=\"17cc305\" data-element_type=\"widget\" data-widget_type=\"heading.default\">\n\t\t\t\t<div class=\"elementor-widget-container\">\n\t\t\t\t\t<h2 class=\"elementor-heading-title elementor-size-default\">Kaj ponuja Alpana<\/h2>\t\t\t\t<\/div>\n\t\t\t\t<\/div>\n\t\t\t\t<div class=\"elementor-element elementor-element-62c88d1 elementor-widget elementor-widget-text-editor\" data-id=\"62c88d1\" data-element_type=\"widget\" data-widget_type=\"text-editor.default\">\n\t\t\t\t<div class=\"elementor-widget-container\">\n\t\t\t\t\t\t\t\t\tAlpana zagotavlja napredne materialne re\u0161itve, prilagojene potrebam \u017eivilske in farmacevtske industrije. Vsi materiali so izbrani s poudarkom na \u010distosti, kemi\u010dni odpornosti, trajnosti in natan\u010dni obdelavi. \t\t\t\t\t\t\t\t<\/div>\n\t\t\t\t<\/div>\n\t\t\t\t<div class=\"elementor-element elementor-element-e5d1772 elementor-widget elementor-widget-heading\" data-id=\"e5d1772\" data-element_type=\"widget\" data-widget_type=\"heading.default\">\n\t\t\t\t<div class=\"elementor-widget-container\">\n\t\t\t\t\t<h2 class=\"elementor-heading-title elementor-size-default\">Na\u0161a ponudba izdelkov vklju\u010duje:<\/h2>\t\t\t\t<\/div>\n\t\t\t\t<\/div>\n\t\t\t\t<div class=\"elementor-element elementor-element-3e66637 elementor-icon-list--layout-traditional elementor-list-item-link-full_width elementor-widget elementor-widget-icon-list\" data-id=\"3e66637\" data-element_type=\"widget\" data-widget_type=\"icon-list.default\">\n\t\t\t\t<div class=\"elementor-widget-container\">\n\t\t\t\t\t\t\t<ul class=\"elementor-icon-list-items\">\n\t\t\t\t\t\t\t<li class=\"elementor-icon-list-item\">\n\t\t\t\t\t\t\t\t\t\t\t<span class=\"elementor-icon-list-icon\">\n\t\t\t\t\t\t\t<svg aria-hidden=\"true\" class=\"e-font-icon-svg e-fas-circle\" viewBox=\"0 0 512 512\" xmlns=\"http:\/\/www.w3.org\/2000\/svg\"><path d=\"M256 8C119 8 8 119 8 256s111 248 248 248 248-111 248-248S393 8 256 8z\"><\/path><\/svg>\t\t\t\t\t\t<\/span>\n\t\t\t\t\t\t\t\t\t\t<span class=\"elementor-icon-list-text\">\u017divilski poliuretani (serija Max) \u2013 odporni proti obrabi ter skladni s FDA \/ ES 1935\/2004 za neposreden stik z \u017eivili<\/span>\n\t\t\t\t\t\t\t\t\t<\/li>\n\t\t\t\t\t\t\t\t<li class=\"elementor-icon-list-item\">\n\t\t\t\t\t\t\t\t\t\t\t<span class=\"elementor-icon-list-icon\">\n\t\t\t\t\t\t\t<svg aria-hidden=\"true\" class=\"e-font-icon-svg e-fas-circle\" viewBox=\"0 0 512 512\" xmlns=\"http:\/\/www.w3.org\/2000\/svg\"><path d=\"M256 8C119 8 8 119 8 256s111 248 248 248 248-111 248-248S393 8 256 8z\"><\/path><\/svg>\t\t\t\t\t\t<\/span>\n\t\t\t\t\t\t\t\t\t\t<span class=\"elementor-icon-list-text\">EPDM \u2013 odporen na paro, vro\u010do vodo in \u010distilna sredstva; brez halogenov<\/span>\n\t\t\t\t\t\t\t\t\t<\/li>\n\t\t\t\t\t\t\t\t<li class=\"elementor-icon-list-item\">\n\t\t\t\t\t\t\t\t\t\t\t<span class=\"elementor-icon-list-icon\">\n\t\t\t\t\t\t\t<svg aria-hidden=\"true\" class=\"e-font-icon-svg e-fas-circle\" viewBox=\"0 0 512 512\" xmlns=\"http:\/\/www.w3.org\/2000\/svg\"><path d=\"M256 8C119 8 8 119 8 256s111 248 248 248 248-111 248-248S393 8 256 8z\"><\/path><\/svg>\t\t\t\t\t\t<\/span>\n\t\t\t\t\t\t\t\t\t\t<span class=\"elementor-icon-list-text\">MVQ (silikonska guma) \u2013 toplotno odporna, biokompatibilna in fleksibilna do +200 \u00b0C<\/span>\n\t\t\t\t\t\t\t\t\t<\/li>\n\t\t\t\t\t\t\t\t<li class=\"elementor-icon-list-item\">\n\t\t\t\t\t\t\t\t\t\t\t<span class=\"elementor-icon-list-icon\">\n\t\t\t\t\t\t\t<svg aria-hidden=\"true\" class=\"e-font-icon-svg e-fas-circle\" viewBox=\"0 0 512 512\" xmlns=\"http:\/\/www.w3.org\/2000\/svg\"><path d=\"M256 8C119 8 8 119 8 256s111 248 248 248 248-111 248-248S393 8 256 8z\"><\/path><\/svg>\t\t\t\t\t\t<\/span>\n\t\t\t\t\t\t\t\t\t\t<span class=\"elementor-icon-list-text\">PTFE in modificirani fluoropolimeri \u2013 kemi\u010dno inertni in idealni za sterilna ter agresivna okolja<\/span>\n\t\t\t\t\t\t\t\t\t<\/li>\n\t\t\t\t\t\t\t\t<li class=\"elementor-icon-list-item\">\n\t\t\t\t\t\t\t\t\t\t\t<span class=\"elementor-icon-list-icon\">\n\t\t\t\t\t\t\t<svg aria-hidden=\"true\" class=\"e-font-icon-svg e-fas-circle\" viewBox=\"0 0 512 512\" xmlns=\"http:\/\/www.w3.org\/2000\/svg\"><path d=\"M256 8C119 8 8 119 8 256s111 248 248 248 248-111 248-248S393 8 256 8z\"><\/path><\/svg>\t\t\t\t\t\t<\/span>\n\t\t\t\t\t\t\t\t\t\t<span class=\"elementor-icon-list-text\">POM in PA6 \u2013 togi konstrukcijski in\u017eenirski plastiki za strukturne komponente, ki ne reagirajo z izdelkom<\/span>\n\t\t\t\t\t\t\t\t\t<\/li>\n\t\t\t\t\t\t<\/ul>\n\t\t\t\t\t\t<\/div>\n\t\t\t\t<\/div>\n\t\t\t\t<div class=\"elementor-element elementor-element-1dde9de elementor-widget elementor-widget-spacer\" data-id=\"1dde9de\" data-element_type=\"widget\" data-widget_type=\"spacer.default\">\n\t\t\t\t<div class=\"elementor-widget-container\">\n\t\t\t\t\t\t\t<div class=\"elementor-spacer\">\n\t\t\t<div class=\"elementor-spacer-inner\"><\/div>\n\t\t<\/div>\n\t\t\t\t\t\t<\/div>\n\t\t\t\t<\/div>\n\t\t\t\t<div class=\"elementor-element elementor-element-121e1e5 elementor-widget elementor-widget-heading\" data-id=\"121e1e5\" data-element_type=\"widget\" data-widget_type=\"heading.default\">\n\t\t\t\t<div class=\"elementor-widget-container\">\n\t\t\t\t\t<h2 class=\"elementor-heading-title elementor-size-default\">Preizku\u0161ena varnost in zmogljivost<\/h2>\t\t\t\t<\/div>\n\t\t\t\t<\/div>\n\t\t\t\t<div class=\"elementor-element elementor-element-c292679 elementor-widget elementor-widget-text-editor\" data-id=\"c292679\" data-element_type=\"widget\" data-widget_type=\"text-editor.default\">\n\t\t\t\t<div class=\"elementor-widget-container\">\n\t\t\t\t\t\t\t\t\tAlpana je va\u0161 zaupanja vreden partner pri proizvodnji visokokakovostnih komponent za \u017eivilsko in farmacevtsko opremo. Na\u0161i materiali zagotavljajo maksimalno varnost, stabilnost in skladnost s higienskimi zahtevami v vseh fazah predelave in pakiranja. \t\t\t\t\t\t\t\t<\/div>\n\t\t\t\t<\/div>\n\t\t\t\t<\/div>\n\t\t\t\t\t<\/div>\n\t\t\t\t<\/div>\n\t\t<div class=\"elementor-element elementor-element-3520d6ea e-flex e-con-boxed e-con e-parent\" data-id=\"3520d6ea\" data-element_type=\"container\">\n\t\t\t\t\t<div class=\"e-con-inner\">\n\t\t<div class=\"elementor-element elementor-element-5a6f6e8 e-con-full e-flex e-con e-child\" data-id=\"5a6f6e8\" data-element_type=\"container\" data-settings=\"{&quot;background_background&quot;:&quot;classic&quot;}\">\n\t\t\t\t<div class=\"elementor-element elementor-element-5a8dc5cf elementor-widget elementor-widget-heading\" data-id=\"5a8dc5cf\" data-element_type=\"widget\" data-widget_type=\"heading.default\">\n\t\t\t\t<div class=\"elementor-widget-container\">\n\t\t\t\t\t<h2 class=\"elementor-heading-title elementor-size-default\">Ste pripravljeni na pogovor s strokovnjakom?<\/h2>\t\t\t\t<\/div>\n\t\t\t\t<\/div>\n\t\t\t\t<div class=\"elementor-element elementor-element-b6c3532 elementor-widget elementor-widget-text-editor\" data-id=\"b6c3532\" data-element_type=\"widget\" data-widget_type=\"text-editor.default\">\n\t\t\t\t<div class=\"elementor-widget-container\">\n\t\t\t\t\t\t\t\t\tNa\u0161a ekipa in\u017eenirjev ALPANA je pripravljena zagotoviti strokovno podporo \u2013 od izbire materiala do razvoja izdelkov po meri.\t\t\t\t\t\t\t\t<\/div>\n\t\t\t\t<\/div>\n\t\t\t\t<div class=\"elementor-element elementor-element-834c0a4 elementor-align-center elementor-widget elementor-widget-button\" data-id=\"834c0a4\" data-element_type=\"widget\" data-widget_type=\"button.default\">\n\t\t\t\t<div class=\"elementor-widget-container\">\n\t\t\t\t\t\t\t\t\t<div class=\"elementor-button-wrapper\">\n\t\t\t\t\t<a class=\"elementor-button elementor-button-link elementor-size-sm\" href=\"#elementor-action%3Aaction%3Dpopup%3Aopen%26settings%3DeyJpZCI6MTE5MywidG9nZ2xlIjpmYWxzZX0%3D\">\n\t\t\t\t\t\t<span class=\"elementor-button-content-wrapper\">\n\t\t\t\t\t\t\t\t\t<span class=\"elementor-button-text\">Kontaktirajte nas<\/span>\n\t\t\t\t\t<\/span>\n\t\t\t\t\t<\/a>\n\t\t\t\t<\/div>\n\t\t\t\t\t\t\t\t<\/div>\n\t\t\t\t<\/div>\n\t\t\t\t<\/div>\n\t\t\t\t\t<\/div>\n\t\t\t\t<\/div>\n\t\t\t\t<\/div>\n\t\t","protected":false},"excerpt":{"rendered":"<p>Tesnilni materialiv \u017eivilski in farmacevtskiindustriji \u010cistost in varnost na prvem mestu \u017divilski in farmacevtski sektor postavljata ene najstro\u017ejih zahtev za materiale, ki prihajajo v stik z izdelki. Zanesljivost, sterilnost, kemi\u010dna odpornost ter popolna skladnost s higienskimi standardi so klju\u010dni dejavniki pri izbiri tesnilnih in konstrukcijskih komponent za procesno opremo. Polimerni materiali, uporabljeni v tej industriji, [&hellip;]<\/p>\n","protected":false},"author":2,"featured_media":0,"parent":2215,"menu_order":0,"comment_status":"closed","ping_status":"closed","template":"elementor_header_footer","meta":{"footnotes":""},"class_list":["post-2345","page","type-page","status-publish","hentry"],"_links":{"self":[{"href":"https:\/\/alpana-seals.com\/sl\/wp-json\/wp\/v2\/pages\/2345","targetHints":{"allow":["GET"]}}],"collection":[{"href":"https:\/\/alpana-seals.com\/sl\/wp-json\/wp\/v2\/pages"}],"about":[{"href":"https:\/\/alpana-seals.com\/sl\/wp-json\/wp\/v2\/types\/page"}],"author":[{"embeddable":true,"href":"https:\/\/alpana-seals.com\/sl\/wp-json\/wp\/v2\/users\/2"}],"replies":[{"embeddable":true,"href":"https:\/\/alpana-seals.com\/sl\/wp-json\/wp\/v2\/comments?post=2345"}],"version-history":[{"count":1,"href":"https:\/\/alpana-seals.com\/sl\/wp-json\/wp\/v2\/pages\/2345\/revisions"}],"predecessor-version":[{"id":2346,"href":"https:\/\/alpana-seals.com\/sl\/wp-json\/wp\/v2\/pages\/2345\/revisions\/2346"}],"up":[{"embeddable":true,"href":"https:\/\/alpana-seals.com\/sl\/wp-json\/wp\/v2\/pages\/2215"}],"wp:attachment":[{"href":"https:\/\/alpana-seals.com\/sl\/wp-json\/wp\/v2\/media?parent=2345"}],"curies":[{"name":"wp","href":"https:\/\/api.w.org\/{rel}","templated":true}]}}