{"id":2286,"date":"2025-07-22T10:46:57","date_gmt":"2025-07-22T10:46:57","guid":{"rendered":"https:\/\/alpana-seals.com\/industrije\/komercialno-inzenirstvo\/"},"modified":"2026-02-05T13:01:21","modified_gmt":"2026-02-05T13:01:21","slug":"komercialno-inzenirstvo","status":"publish","type":"page","link":"https:\/\/alpana-seals.com\/sl\/industrije\/komercialno-inzenirstvo\/","title":{"rendered":"Komercialno in\u017eenirstvo"},"content":{"rendered":"\t\t<div data-elementor-type=\"wp-page\" data-elementor-id=\"2286\" class=\"elementor elementor-2286 elementor-232\" data-elementor-post-type=\"page\">\n\t\t\t\t<div class=\"elementor-element elementor-element-8221b3c e-flex e-con-boxed e-con e-parent\" data-id=\"8221b3c\" data-element_type=\"container\">\n\t\t\t\t\t<div class=\"e-con-inner\">\n\t\t<div class=\"elementor-element elementor-element-f560f64 e-con-full e-flex e-con e-child\" data-id=\"f560f64\" data-element_type=\"container\" data-settings=\"{&quot;background_background&quot;:&quot;classic&quot;}\">\n\t\t\t\t<div class=\"elementor-element elementor-element-51bbaa4 elementor-widget elementor-widget-heading\" data-id=\"51bbaa4\" data-element_type=\"widget\" data-widget_type=\"heading.default\">\n\t\t\t\t<div class=\"elementor-widget-container\">\n\t\t\t\t\t<h1 class=\"elementor-heading-title elementor-size-default\">Tesnilni materiali v<br>industrijskem in<br>komercialnem in\u017eenirstvu<\/h1>\t\t\t\t<\/div>\n\t\t\t\t<\/div>\n\t\t\t\t<\/div>\n\t\t\t\t\t<\/div>\n\t\t\t\t<\/div>\n\t\t<div class=\"elementor-element elementor-element-f769152 e-flex e-con-boxed e-con e-parent\" data-id=\"f769152\" data-element_type=\"container\">\n\t\t\t\t\t<div class=\"e-con-inner\">\n\t\t<div class=\"elementor-element elementor-element-f9be227 e-con-full e-flex e-con e-child\" data-id=\"f9be227\" data-element_type=\"container\">\n\t\t\t\t<\/div>\n\t\t<div class=\"elementor-element elementor-element-21e1ee5 e-con-full e-flex e-con e-child\" data-id=\"21e1ee5\" data-element_type=\"container\">\n\t\t\t\t<div class=\"elementor-element elementor-element-6747ff7 elementor-widget elementor-widget-heading\" data-id=\"6747ff7\" data-element_type=\"widget\" data-widget_type=\"heading.default\">\n\t\t\t\t<div class=\"elementor-widget-container\">\n\t\t\t\t\t<h2 class=\"elementor-heading-title elementor-size-default\">Hrbtenica sodobne industrije<\/h2>\t\t\t\t<\/div>\n\t\t\t\t<\/div>\n\t\t\t\t<div class=\"elementor-element elementor-element-47bdd60 elementor-widget elementor-widget-text-editor\" data-id=\"47bdd60\" data-element_type=\"widget\" data-widget_type=\"text-editor.default\">\n\t\t\t\t<div class=\"elementor-widget-container\">\n\t\t\t\t\t\t\t\t\tIndustrijsko in komercialno in\u017eenirstvo je temelj dana\u0161nje proizvodne infrastrukture. Zajema na\u010drtovanje in proizvodnjo opreme, ki se uporablja v tovarnah, logisti\u010dnih centrih, energetskih sistemih, avtomatiziranih proizvodnih linijah in velikih industrijskih obratih. Neprekinjeno in zanesljivo delovanje tak\u0161ne opreme je neposredno povezano z u\u010dinkovitostjo proizvodnih procesov, varnostjo zaposlenih in stabilnostjo poslovanja. \t\t\t\t\t\t\t\t<\/div>\n\t\t\t\t<\/div>\n\t\t\t\t<div class=\"elementor-element elementor-element-5ea0bcf elementor-widget elementor-widget-spacer\" data-id=\"5ea0bcf\" data-element_type=\"widget\" data-widget_type=\"spacer.default\">\n\t\t\t\t<div class=\"elementor-widget-container\">\n\t\t\t\t\t\t\t<div class=\"elementor-spacer\">\n\t\t\t<div class=\"elementor-spacer-inner\"><\/div>\n\t\t<\/div>\n\t\t\t\t\t\t<\/div>\n\t\t\t\t<\/div>\n\t\t\t\t<div class=\"elementor-element elementor-element-d450c99 elementor-widget elementor-widget-heading\" data-id=\"d450c99\" data-element_type=\"widget\" data-widget_type=\"heading.default\">\n\t\t\t\t<div class=\"elementor-widget-container\">\n\t\t\t\t\t<h2 class=\"elementor-heading-title elementor-size-default\">Visoke zahteve glede zmogljivosti<\/h2>\t\t\t\t<\/div>\n\t\t\t\t<\/div>\n\t\t\t\t<div class=\"elementor-element elementor-element-6a2749c elementor-widget elementor-widget-text-editor\" data-id=\"6a2749c\" data-element_type=\"widget\" data-widget_type=\"text-editor.default\">\n\t\t\t\t<div class=\"elementor-widget-container\">\n\t\t\t\t\t\t\t\t\tTa panoga zahteva komponente z izjemno zanesljivostjo, natan\u010dnostjo, odpornostjo proti obrabi in predvidljivim delovanjem v ekstremnih razmerah \u2014 vklju\u010dno z visokim tlakom, temperaturami, izpostavljenostjo oljem, hidravli\u010dnim teko\u010dinam, prahu in vibracijam. Vsak mehanski sistem vklju\u010duje ve\u010d deset elementov, ki skrbijo za tesnjenje, nadzor gibanja, prenos obremenitev ter za\u0161\u010dito pred ne\u010disto\u010dami. Kakovost teh delov neposredno vpliva na produktivnost in \u017eivljenjsko dobo drage industrijske opreme. \t\t\t\t\t\t\t\t<\/div>\n\t\t\t\t<\/div>\n\t\t\t\t<div class=\"elementor-element elementor-element-defbbec elementor-widget elementor-widget-spacer\" data-id=\"defbbec\" data-element_type=\"widget\" data-widget_type=\"spacer.default\">\n\t\t\t\t<div class=\"elementor-widget-container\">\n\t\t\t\t\t\t\t<div class=\"elementor-spacer\">\n\t\t\t<div class=\"elementor-spacer-inner\"><\/div>\n\t\t<\/div>\n\t\t\t\t\t\t<\/div>\n\t\t\t\t<\/div>\n\t\t\t\t<div class=\"elementor-element elementor-element-f74f948 elementor-widget elementor-widget-heading\" data-id=\"f74f948\" data-element_type=\"widget\" data-widget_type=\"heading.default\">\n\t\t\t\t<div class=\"elementor-widget-container\">\n\t\t\t\t\t<h2 class=\"elementor-heading-title elementor-size-default\">Kriti\u010dne uporabe<\/h2>\t\t\t\t<\/div>\n\t\t\t\t<\/div>\n\t\t\t\t<div class=\"elementor-element elementor-element-3de67c2 elementor-widget elementor-widget-text-editor\" data-id=\"3de67c2\" data-element_type=\"widget\" data-widget_type=\"text-editor.default\">\n\t\t\t\t<div class=\"elementor-widget-container\">\n\t\t\t\t\t\t\t\t\tKlju\u010dni sistemi, ki zahtevajo visoko zmogljive materiale:\t\t\t\t\t\t\t\t<\/div>\n\t\t\t\t<\/div>\n\t\t\t\t<div class=\"elementor-element elementor-element-de18042 elementor-widget elementor-widget-text-editor\" data-id=\"de18042\" data-element_type=\"widget\" data-widget_type=\"text-editor.default\">\n\t\t\t\t<div class=\"elementor-widget-container\">\n\t\t\t\t\t\t\t\t\t<ul><li>Hidravli\u010dni in pnevmatski sistemi<\/li><li>\u010crpalke, kompresorji, menjalniki in pogoni<\/li><li>Linearni in rotacijski spoji<\/li><li>Ohi\u0161ja, gredi, prirobnice, cilindri<\/li><li>Mazalni in hladilni sistemi<\/li><\/ul>\t\t\t\t\t\t\t\t<\/div>\n\t\t\t\t<\/div>\n\t\t\t\t<div class=\"elementor-element elementor-element-c760f04 elementor-widget elementor-widget-text-editor\" data-id=\"c760f04\" data-element_type=\"widget\" data-widget_type=\"text-editor.default\">\n\t\t\t\t<div class=\"elementor-widget-container\">\n\t\t\t\t\t\t\t\t\tTe uporabe temeljijo na in\u017eenirskih polimerih, ki zagotavljajo dolgoro\u010dno mehansko stabilnost in natan\u010dne tolerance. Materiali morajo ohranjati obliko pod tlakom, biti odporni na agresivne teko\u010dine ter zdr\u017eati na stotine tiso\u010d delovnih ciklov brez odpovedi. \t\t\t\t\t\t\t\t<\/div>\n\t\t\t\t<\/div>\n\t\t\t\t<div class=\"elementor-element elementor-element-fad02dc elementor-widget elementor-widget-spacer\" data-id=\"fad02dc\" data-element_type=\"widget\" data-widget_type=\"spacer.default\">\n\t\t\t\t<div class=\"elementor-widget-container\">\n\t\t\t\t\t\t\t<div class=\"elementor-spacer\">\n\t\t\t<div class=\"elementor-spacer-inner\"><\/div>\n\t\t<\/div>\n\t\t\t\t\t\t<\/div>\n\t\t\t\t<\/div>\n\t\t\t\t<div class=\"elementor-element elementor-element-17cc305 elementor-widget elementor-widget-heading\" data-id=\"17cc305\" data-element_type=\"widget\" data-widget_type=\"heading.default\">\n\t\t\t\t<div class=\"elementor-widget-container\">\n\t\t\t\t\t<h2 class=\"elementor-heading-title elementor-size-default\">Kaj Alpana ponuja za in\u017eenirsko industrijo<\/h2>\t\t\t\t<\/div>\n\t\t\t\t<\/div>\n\t\t\t\t<div class=\"elementor-element elementor-element-62c88d1 elementor-widget elementor-widget-text-editor\" data-id=\"62c88d1\" data-element_type=\"widget\" data-widget_type=\"text-editor.default\">\n\t\t\t\t<div class=\"elementor-widget-container\">\n\t\t\t\t\t\t\t\t\tAlpana dobavlja visoko zmogljive polizdelke in materiale, posebej razvite za potrebe industrijskega in komercialnega in\u017eenirstva.\t\t\t\t\t\t\t\t<\/div>\n\t\t\t\t<\/div>\n\t\t\t\t<div class=\"elementor-element elementor-element-e5d1772 elementor-widget elementor-widget-heading\" data-id=\"e5d1772\" data-element_type=\"widget\" data-widget_type=\"heading.default\">\n\t\t\t\t<div class=\"elementor-widget-container\">\n\t\t\t\t\t<h2 class=\"elementor-heading-title elementor-size-default\">Na\u0161a produktna linija vklju\u010duje:<\/h2>\t\t\t\t<\/div>\n\t\t\t\t<\/div>\n\t\t\t\t<div class=\"elementor-element elementor-element-3e66637 elementor-icon-list--layout-traditional elementor-list-item-link-full_width elementor-widget elementor-widget-icon-list\" data-id=\"3e66637\" data-element_type=\"widget\" data-widget_type=\"icon-list.default\">\n\t\t\t\t<div class=\"elementor-widget-container\">\n\t\t\t\t\t\t\t<ul class=\"elementor-icon-list-items\">\n\t\t\t\t\t\t\t<li class=\"elementor-icon-list-item\">\n\t\t\t\t\t\t\t\t\t\t\t<span class=\"elementor-icon-list-icon\">\n\t\t\t\t\t\t\t<svg aria-hidden=\"true\" class=\"e-font-icon-svg e-fas-circle\" viewBox=\"0 0 512 512\" xmlns=\"http:\/\/www.w3.org\/2000\/svg\"><path d=\"M256 8C119 8 8 119 8 256s111 248 248 248 248-111 248-248S393 8 256 8z\"><\/path><\/svg>\t\t\t\t\t\t<\/span>\n\t\t\t\t\t\t\t\t\t\t<span class=\"elementor-icon-list-text\">Visokozmogljive poliuretanske (PU) zmesi za dinami\u010dne tesnilne aplikacije (serija Max), vklju\u010dno z mo\u017enostmi, skladnimi s standardi FDA za stik z \u017eivili<\/span>\n\t\t\t\t\t\t\t\t\t<\/li>\n\t\t\t\t\t\t\t\t<li class=\"elementor-icon-list-item\">\n\t\t\t\t\t\t\t\t\t\t\t<span class=\"elementor-icon-list-icon\">\n\t\t\t\t\t\t\t<svg aria-hidden=\"true\" class=\"e-font-icon-svg e-fas-circle\" viewBox=\"0 0 512 512\" xmlns=\"http:\/\/www.w3.org\/2000\/svg\"><path d=\"M256 8C119 8 8 119 8 256s111 248 248 248 248-111 248-248S393 8 256 8z\"><\/path><\/svg>\t\t\t\t\t\t<\/span>\n\t\t\t\t\t\t\t\t\t\t<span class=\"elementor-icon-list-text\">NBR in H-NBR, odporna na olja, goriva in tlak<\/span>\n\t\t\t\t\t\t\t\t\t<\/li>\n\t\t\t\t\t\t\t\t<li class=\"elementor-icon-list-item\">\n\t\t\t\t\t\t\t\t\t\t\t<span class=\"elementor-icon-list-icon\">\n\t\t\t\t\t\t\t<svg aria-hidden=\"true\" class=\"e-font-icon-svg e-fas-circle\" viewBox=\"0 0 512 512\" xmlns=\"http:\/\/www.w3.org\/2000\/svg\"><path d=\"M256 8C119 8 8 119 8 256s111 248 248 248 248-111 248-248S393 8 256 8z\"><\/path><\/svg>\t\t\t\t\t\t<\/span>\n\t\t\t\t\t\t\t\t\t\t<span class=\"elementor-icon-list-text\">FKM elastomeri za visokotemperaturna in kemi\u010dno agresivna okolja<\/span>\n\t\t\t\t\t\t\t\t\t<\/li>\n\t\t\t\t\t\t\t\t<li class=\"elementor-icon-list-item\">\n\t\t\t\t\t\t\t\t\t\t\t<span class=\"elementor-icon-list-icon\">\n\t\t\t\t\t\t\t<svg aria-hidden=\"true\" class=\"e-font-icon-svg e-fas-circle\" viewBox=\"0 0 512 512\" xmlns=\"http:\/\/www.w3.org\/2000\/svg\"><path d=\"M256 8C119 8 8 119 8 256s111 248 248 248 248-111 248-248S393 8 256 8z\"><\/path><\/svg>\t\t\t\t\t\t<\/span>\n\t\t\t\t\t\t\t\t\t\t<span class=\"elementor-icon-list-text\">PTFE, kemi\u010dno inerten material z nizkim trenjem<\/span>\n\t\t\t\t\t\t\t\t\t<\/li>\n\t\t\t\t\t\t\t\t<li class=\"elementor-icon-list-item\">\n\t\t\t\t\t\t\t\t\t\t\t<span class=\"elementor-icon-list-icon\">\n\t\t\t\t\t\t\t<svg aria-hidden=\"true\" class=\"e-font-icon-svg e-fas-circle\" viewBox=\"0 0 512 512\" xmlns=\"http:\/\/www.w3.org\/2000\/svg\"><path d=\"M256 8C119 8 8 119 8 256s111 248 248 248 248-111 248-248S393 8 256 8z\"><\/path><\/svg>\t\t\t\t\t\t<\/span>\n\t\t\t\t\t\t\t\t\t\t<span class=\"elementor-icon-list-text\">PA6 in POM, konstrukcijske plastike z odli\u010dno dimenzijsko stabilnostjo in dobro obdelovalnostjo<\/span>\n\t\t\t\t\t\t\t\t\t<\/li>\n\t\t\t\t\t\t<\/ul>\n\t\t\t\t\t\t<\/div>\n\t\t\t\t<\/div>\n\t\t\t\t<div class=\"elementor-element elementor-element-1dde9de elementor-widget elementor-widget-spacer\" data-id=\"1dde9de\" data-element_type=\"widget\" data-widget_type=\"spacer.default\">\n\t\t\t\t<div class=\"elementor-widget-container\">\n\t\t\t\t\t\t\t<div class=\"elementor-spacer\">\n\t\t\t<div class=\"elementor-spacer-inner\"><\/div>\n\t\t<\/div>\n\t\t\t\t\t\t<\/div>\n\t\t\t\t<\/div>\n\t\t\t\t<div class=\"elementor-element elementor-element-121e1e5 elementor-widget elementor-widget-heading\" data-id=\"121e1e5\" data-element_type=\"widget\" data-widget_type=\"heading.default\">\n\t\t\t\t<div class=\"elementor-widget-container\">\n\t\t\t\t\t<h2 class=\"elementor-heading-title elementor-size-default\">Va\u0161 tehnolo\u0161ki partner<\/h2>\t\t\t\t<\/div>\n\t\t\t\t<\/div>\n\t\t\t\t<div class=\"elementor-element elementor-element-c292679 elementor-widget elementor-widget-text-editor\" data-id=\"c292679\" data-element_type=\"widget\" data-widget_type=\"text-editor.default\">\n\t\t\t\t<div class=\"elementor-widget-container\">\n\t\t\t\t\t\t\t\t\tAlpana je va\u0161 zaupanja vreden tehnolo\u0161ki partner za trajne, natan\u010dne in visoko zmogljive polimerne re\u0161itve v in\u017eenirski industriji.\t\t\t\t\t\t\t\t<\/div>\n\t\t\t\t<\/div>\n\t\t\t\t<\/div>\n\t\t\t\t\t<\/div>\n\t\t\t\t<\/div>\n\t\t<div class=\"elementor-element elementor-element-3520d6ea e-flex e-con-boxed e-con e-parent\" data-id=\"3520d6ea\" data-element_type=\"container\">\n\t\t\t\t\t<div class=\"e-con-inner\">\n\t\t<div class=\"elementor-element elementor-element-5a6f6e8 e-con-full e-flex e-con e-child\" data-id=\"5a6f6e8\" data-element_type=\"container\" data-settings=\"{&quot;background_background&quot;:&quot;classic&quot;}\">\n\t\t\t\t<div class=\"elementor-element elementor-element-5a8dc5cf elementor-widget elementor-widget-heading\" data-id=\"5a8dc5cf\" data-element_type=\"widget\" data-widget_type=\"heading.default\">\n\t\t\t\t<div class=\"elementor-widget-container\">\n\t\t\t\t\t<h2 class=\"elementor-heading-title elementor-size-default\">Ste pripravljeni na pogovor s strokovnjakom?<\/h2>\t\t\t\t<\/div>\n\t\t\t\t<\/div>\n\t\t\t\t<div class=\"elementor-element elementor-element-b6c3532 elementor-widget elementor-widget-text-editor\" data-id=\"b6c3532\" data-element_type=\"widget\" data-widget_type=\"text-editor.default\">\n\t\t\t\t<div class=\"elementor-widget-container\">\n\t\t\t\t\t\t\t\t\tNa\u0161a ekipa in\u017eenirjev ALPANA je pripravljena zagotoviti strokovno podporo \u2013 od izbire materiala do razvoja izdelkov po meri.\t\t\t\t\t\t\t\t<\/div>\n\t\t\t\t<\/div>\n\t\t\t\t<div class=\"elementor-element elementor-element-834c0a4 elementor-align-center elementor-widget elementor-widget-button\" data-id=\"834c0a4\" data-element_type=\"widget\" data-widget_type=\"button.default\">\n\t\t\t\t<div class=\"elementor-widget-container\">\n\t\t\t\t\t\t\t\t\t<div class=\"elementor-button-wrapper\">\n\t\t\t\t\t<a class=\"elementor-button elementor-button-link elementor-size-sm\" href=\"#elementor-action%3Aaction%3Dpopup%3Aopen%26settings%3DeyJpZCI6MTE5MywidG9nZ2xlIjpmYWxzZX0%3D\">\n\t\t\t\t\t\t<span class=\"elementor-button-content-wrapper\">\n\t\t\t\t\t\t\t\t\t<span class=\"elementor-button-text\">Kontaktirajte nas<\/span>\n\t\t\t\t\t<\/span>\n\t\t\t\t\t<\/a>\n\t\t\t\t<\/div>\n\t\t\t\t\t\t\t\t<\/div>\n\t\t\t\t<\/div>\n\t\t\t\t<\/div>\n\t\t\t\t\t<\/div>\n\t\t\t\t<\/div>\n\t\t\t\t<\/div>\n\t\t","protected":false},"excerpt":{"rendered":"<p>Tesnilni materiali vindustrijskem inkomercialnem in\u017eenirstvu Hrbtenica sodobne industrije Industrijsko in komercialno in\u017eenirstvo je temelj dana\u0161nje proizvodne infrastrukture. Zajema na\u010drtovanje in proizvodnjo opreme, ki se uporablja v tovarnah, logisti\u010dnih centrih, energetskih sistemih, avtomatiziranih proizvodnih linijah in velikih industrijskih obratih. Neprekinjeno in zanesljivo delovanje tak\u0161ne opreme je neposredno povezano z u\u010dinkovitostjo proizvodnih procesov, varnostjo zaposlenih in stabilnostjo [&hellip;]<\/p>\n","protected":false},"author":1,"featured_media":0,"parent":2215,"menu_order":0,"comment_status":"closed","ping_status":"closed","template":"","meta":{"footnotes":""},"class_list":["post-2286","page","type-page","status-publish","hentry"],"_links":{"self":[{"href":"https:\/\/alpana-seals.com\/sl\/wp-json\/wp\/v2\/pages\/2286","targetHints":{"allow":["GET"]}}],"collection":[{"href":"https:\/\/alpana-seals.com\/sl\/wp-json\/wp\/v2\/pages"}],"about":[{"href":"https:\/\/alpana-seals.com\/sl\/wp-json\/wp\/v2\/types\/page"}],"author":[{"embeddable":true,"href":"https:\/\/alpana-seals.com\/sl\/wp-json\/wp\/v2\/users\/1"}],"replies":[{"embeddable":true,"href":"https:\/\/alpana-seals.com\/sl\/wp-json\/wp\/v2\/comments?post=2286"}],"version-history":[{"count":1,"href":"https:\/\/alpana-seals.com\/sl\/wp-json\/wp\/v2\/pages\/2286\/revisions"}],"predecessor-version":[{"id":2287,"href":"https:\/\/alpana-seals.com\/sl\/wp-json\/wp\/v2\/pages\/2286\/revisions\/2287"}],"up":[{"embeddable":true,"href":"https:\/\/alpana-seals.com\/sl\/wp-json\/wp\/v2\/pages\/2215"}],"wp:attachment":[{"href":"https:\/\/alpana-seals.com\/sl\/wp-json\/wp\/v2\/media?parent=2286"}],"curies":[{"name":"wp","href":"https:\/\/api.w.org\/{rel}","templated":true}]}}