{"id":2257,"date":"2025-07-22T10:56:06","date_gmt":"2025-07-22T10:56:06","guid":{"rendered":"https:\/\/alpana-seals.com\/industrije\/avtomobilska-industrija\/"},"modified":"2026-02-04T18:22:29","modified_gmt":"2026-02-04T18:22:29","slug":"avtomobilska-industrija","status":"publish","type":"page","link":"https:\/\/alpana-seals.com\/sl\/industrije\/avtomobilska-industrija\/","title":{"rendered":"Avtomobilska industrija"},"content":{"rendered":"\t\t<div data-elementor-type=\"wp-page\" data-elementor-id=\"2257\" class=\"elementor elementor-2257 elementor-237\" data-elementor-post-type=\"page\">\n\t\t\t\t<div class=\"elementor-element elementor-element-8221b3c e-flex e-con-boxed e-con e-parent\" data-id=\"8221b3c\" data-element_type=\"container\">\n\t\t\t\t\t<div class=\"e-con-inner\">\n\t\t<div class=\"elementor-element elementor-element-f560f64 e-con-full e-flex e-con e-child\" data-id=\"f560f64\" data-element_type=\"container\" data-settings=\"{&quot;background_background&quot;:&quot;classic&quot;}\">\n\t\t\t\t<div class=\"elementor-element elementor-element-51bbaa4 elementor-widget elementor-widget-heading\" data-id=\"51bbaa4\" data-element_type=\"widget\" data-widget_type=\"heading.default\">\n\t\t\t\t<div class=\"elementor-widget-container\">\n\t\t\t\t\t<h1 class=\"elementor-heading-title elementor-size-default\">Tesnilni materiali v<br>avtomobilski industriji<br>Te\u017eka oprema in \u017eelezni\u0161ki promet<\/h1>\t\t\t\t<\/div>\n\t\t\t\t<\/div>\n\t\t\t\t<\/div>\n\t\t\t\t\t<\/div>\n\t\t\t\t<\/div>\n\t\t<div class=\"elementor-element elementor-element-f769152 e-flex e-con-boxed e-con e-parent\" data-id=\"f769152\" data-element_type=\"container\">\n\t\t\t\t\t<div class=\"e-con-inner\">\n\t\t<div class=\"elementor-element elementor-element-f9be227 e-con-full e-flex e-con e-child\" data-id=\"f9be227\" data-element_type=\"container\">\n\t\t\t\t<\/div>\n\t\t<div class=\"elementor-element elementor-element-21e1ee5 e-con-full e-flex e-con e-child\" data-id=\"21e1ee5\" data-element_type=\"container\">\n\t\t\t\t<div class=\"elementor-element elementor-element-6747ff7 elementor-widget elementor-widget-heading\" data-id=\"6747ff7\" data-element_type=\"widget\" data-widget_type=\"heading.default\">\n\t\t\t\t<div class=\"elementor-widget-container\">\n\t\t\t\t\t<h2 class=\"elementor-heading-title elementor-size-default\">Ekstremne obremenitve. Vi\u0161ji standardi <\/h2>\t\t\t\t<\/div>\n\t\t\t\t<\/div>\n\t\t\t\t<div class=\"elementor-element elementor-element-47bdd60 elementor-widget elementor-widget-text-editor\" data-id=\"47bdd60\" data-element_type=\"widget\" data-widget_type=\"text-editor.default\">\n\t\t\t\t<div class=\"elementor-widget-container\">\n\t\t\t\t\t\t\t\t\tAvtomobilski, \u017eelezni\u0161ki in sektor te\u017eke opreme delujejo v nekaterih najzahtevnej\u0161ih mehanskih okoljih. Komponente morajo zanesljivo delovati ob stalnih vibracijah, izpostavljenosti oljem in gorivom, temperaturnih nihanjih ter visokih dinami\u010dnih obremenitvah. Vsako tesnilo, pu\u0161a, vodilni obro\u010d ali drsni element mora biti odporen proti deformacijam in obrabi tudi v dolgoro\u010dnih pogojih te\u017eke uporabe.  \t\t\t\t\t\t\t\t<\/div>\n\t\t\t\t<\/div>\n\t\t\t\t<div class=\"elementor-element elementor-element-acf4c78 elementor-widget elementor-widget-heading\" data-id=\"acf4c78\" data-element_type=\"widget\" data-widget_type=\"heading.default\">\n\t\t\t\t<div class=\"elementor-widget-container\">\n\t\t\t\t\t<h2 class=\"elementor-heading-title elementor-size-default\">Ta industrija vklju\u010duje:<\/h2>\t\t\t\t<\/div>\n\t\t\t\t<\/div>\n\t\t\t\t<div class=\"elementor-element elementor-element-6a2749c elementor-widget elementor-widget-text-editor\" data-id=\"6a2749c\" data-element_type=\"widget\" data-widget_type=\"text-editor.default\">\n\t\t\t\t<div class=\"elementor-widget-container\">\n\t\t\t\t\t\t\t\t\t\n \t<li>Proizvodnjo osebnih in gospodarskih vozil<\/li>\n \t<li>Gradbeno, kmetijsko in komunalno mehanizacijo<\/li>\n \t<li>\u017delezni\u0161ki transport \u2013 od lokomotiv do sistemov \u017eelezni\u0161kih vozil<\/li>\n \t<li>Pogonske enote, hidravli\u010dne sisteme in velike mehanske sklope<\/li>\n\t\t\t\t\t\t\t\t<\/div>\n\t\t\t\t<\/div>\n\t\t\t\t<div class=\"elementor-element elementor-element-5ea0bcf elementor-widget elementor-widget-spacer\" data-id=\"5ea0bcf\" data-element_type=\"widget\" data-widget_type=\"spacer.default\">\n\t\t\t\t<div class=\"elementor-widget-container\">\n\t\t\t\t\t\t\t<div class=\"elementor-spacer\">\n\t\t\t<div class=\"elementor-spacer-inner\"><\/div>\n\t\t<\/div>\n\t\t\t\t\t\t<\/div>\n\t\t\t\t<\/div>\n\t\t\t\t<div class=\"elementor-element elementor-element-d450c99 elementor-widget elementor-widget-heading\" data-id=\"d450c99\" data-element_type=\"widget\" data-widget_type=\"heading.default\">\n\t\t\t\t<div class=\"elementor-widget-container\">\n\t\t\t\t\t<h2 class=\"elementor-heading-title elementor-size-default\">Klju\u010dne komponente<\/h2>\t\t\t\t<\/div>\n\t\t\t\t<\/div>\n\t\t\t\t<div class=\"elementor-element elementor-element-3de67c2 elementor-widget elementor-widget-text-editor\" data-id=\"3de67c2\" data-element_type=\"widget\" data-widget_type=\"text-editor.default\">\n\t\t\t\t<div class=\"elementor-widget-container\">\n\t\t\t\t\t\t\t\t\tV transportni tehnologiji imajo polimerni sestavni deli klju\u010dno vlogo pri ohranjanju zmogljivosti in varnosti:\t\t\t\t\t\t\t\t<\/div>\n\t\t\t\t<\/div>\n\t\t\t\t<div class=\"elementor-element elementor-element-de18042 elementor-widget elementor-widget-text-editor\" data-id=\"de18042\" data-element_type=\"widget\" data-widget_type=\"text-editor.default\">\n\t\t\t\t<div class=\"elementor-widget-container\">\n\t\t\t\t\t\t\t\t\t\n \t<li>Tesnila v hidravli\u010dnih in zavornih sistemih<\/li>\n \t<li>Tesnila gredi, O-tesnila, brisalci in vodilni obro\u010di<\/li>\n \t<li>Pu\u0161e in podporne tulke v vzmetenju in oseh<\/li>\n \t<li>Toplotno in kemi\u010dno odporna tesnila v motorjih in menjalnikih<\/li>\n \t<li>Za\u0161\u010ditni in tesnilni elementi za kabelske prehode in ohi\u0161ja<\/li>\n\t\t\t\t\t\t\t\t<\/div>\n\t\t\t\t<\/div>\n\t\t\t\t<div class=\"elementor-element elementor-element-f74f948 elementor-widget elementor-widget-heading\" data-id=\"f74f948\" data-element_type=\"widget\" data-widget_type=\"heading.default\">\n\t\t\t\t<div class=\"elementor-widget-container\">\n\t\t\t\t\t<h2 class=\"elementor-heading-title elementor-size-default\">Ti sestavni deli morajo delovati v pogojih:<\/h2>\t\t\t\t<\/div>\n\t\t\t\t<\/div>\n\t\t\t\t<div class=\"elementor-element elementor-element-d1b0ad4 elementor-widget elementor-widget-text-editor\" data-id=\"d1b0ad4\" data-element_type=\"widget\" data-widget_type=\"text-editor.default\">\n\t\t\t\t<div class=\"elementor-widget-container\">\n\t\t\t\t\t\t\t\t\t\n \t<li>Stalnih mehanskih obremenitev in vibracij<\/li>\n \t<li>Temperatur do +200 \u00b0C<\/li>\n \t<li>Stika z olji, gorivi, hladilnimi teko\u010dinami, vlago in prahom<\/li>\n \t<li>Sezonskih ciklov zmrzovanja in odtajanja<\/li>\n \t<li>Nenadnih sprememb tlaka in obremenitve<\/li>\n\t\t\t\t\t\t\t\t<\/div>\n\t\t\t\t<\/div>\n\t\t\t\t<div class=\"elementor-element elementor-element-fad02dc elementor-widget elementor-widget-spacer\" data-id=\"fad02dc\" data-element_type=\"widget\" data-widget_type=\"spacer.default\">\n\t\t\t\t<div class=\"elementor-widget-container\">\n\t\t\t\t\t\t\t<div class=\"elementor-spacer\">\n\t\t\t<div class=\"elementor-spacer-inner\"><\/div>\n\t\t<\/div>\n\t\t\t\t\t\t<\/div>\n\t\t\t\t<\/div>\n\t\t\t\t<div class=\"elementor-element elementor-element-17cc305 elementor-widget elementor-widget-heading\" data-id=\"17cc305\" data-element_type=\"widget\" data-widget_type=\"heading.default\">\n\t\t\t\t<div class=\"elementor-widget-container\">\n\t\t\t\t\t<h2 class=\"elementor-heading-title elementor-size-default\">Kaj Alpana ponuja za avtomobilsko industrijo<\/h2>\t\t\t\t<\/div>\n\t\t\t\t<\/div>\n\t\t\t\t<div class=\"elementor-element elementor-element-62c88d1 elementor-widget elementor-widget-text-editor\" data-id=\"62c88d1\" data-element_type=\"widget\" data-widget_type=\"text-editor.default\">\n\t\t\t\t<div class=\"elementor-widget-container\">\n\t\t\t\t\t\t\t\t\tAlpana dobavlja visoko zmogljive polizdelke in materiale, razvite posebej za uporabo v avtomobilski industriji in te\u017ekem transportu. Na\u0161i materiali so zasnovani tako, da prenesejo dolgotrajne obremenitve, kemi\u010dne vplive in mehanske udarce ter zagotavljajo varno in trajno delovanje v kriti\u010dnih aplikacijah. \t\t\t\t\t\t\t\t<\/div>\n\t\t\t\t<\/div>\n\t\t\t\t<div class=\"elementor-element elementor-element-e5d1772 elementor-widget elementor-widget-heading\" data-id=\"e5d1772\" data-element_type=\"widget\" data-widget_type=\"heading.default\">\n\t\t\t\t<div class=\"elementor-widget-container\">\n\t\t\t\t\t<h2 class=\"elementor-heading-title elementor-size-default\">Na\u0161a ponudba izdelkov vklju\u010duje:<\/h2>\t\t\t\t<\/div>\n\t\t\t\t<\/div>\n\t\t\t\t<div class=\"elementor-element elementor-element-3e66637 elementor-icon-list--layout-traditional elementor-list-item-link-full_width elementor-widget elementor-widget-icon-list\" data-id=\"3e66637\" data-element_type=\"widget\" data-widget_type=\"icon-list.default\">\n\t\t\t\t<div class=\"elementor-widget-container\">\n\t\t\t\t\t\t\t<ul class=\"elementor-icon-list-items\">\n\t\t\t\t\t\t\t<li class=\"elementor-icon-list-item\">\n\t\t\t\t\t\t\t\t\t\t\t<span class=\"elementor-icon-list-icon\">\n\t\t\t\t\t\t\t<svg aria-hidden=\"true\" class=\"e-font-icon-svg e-fas-circle\" viewBox=\"0 0 512 512\" xmlns=\"http:\/\/www.w3.org\/2000\/svg\"><path d=\"M256 8C119 8 8 119 8 256s111 248 248 248 248-111 248-248S393 8 256 8z\"><\/path><\/svg>\t\t\t\t\t\t<\/span>\n\t\t\t\t\t\t\t\t\t\t<span class=\"elementor-icon-list-text\">PU (serija Max) \u2013 visoko odporni poliuretani proti obrabi za dinami\u010dna tesnila in vodilne obro\u010de<\/span>\n\t\t\t\t\t\t\t\t\t<\/li>\n\t\t\t\t\t\t\t\t<li class=\"elementor-icon-list-item\">\n\t\t\t\t\t\t\t\t\t\t\t<span class=\"elementor-icon-list-icon\">\n\t\t\t\t\t\t\t<svg aria-hidden=\"true\" class=\"e-font-icon-svg e-fas-circle\" viewBox=\"0 0 512 512\" xmlns=\"http:\/\/www.w3.org\/2000\/svg\"><path d=\"M256 8C119 8 8 119 8 256s111 248 248 248 248-111 248-248S393 8 256 8z\"><\/path><\/svg>\t\t\t\t\t\t<\/span>\n\t\t\t\t\t\t\t\t\t\t<span class=\"elementor-icon-list-text\">H-NBR in NBR \u2013 elastomeri, odporni proti gorivom in oljem, za tesnila pogonskih sklopov in podvozja<\/span>\n\t\t\t\t\t\t\t\t\t<\/li>\n\t\t\t\t\t\t\t\t<li class=\"elementor-icon-list-item\">\n\t\t\t\t\t\t\t\t\t\t\t<span class=\"elementor-icon-list-icon\">\n\t\t\t\t\t\t\t<svg aria-hidden=\"true\" class=\"e-font-icon-svg e-fas-circle\" viewBox=\"0 0 512 512\" xmlns=\"http:\/\/www.w3.org\/2000\/svg\"><path d=\"M256 8C119 8 8 119 8 256s111 248 248 248 248-111 248-248S393 8 256 8z\"><\/path><\/svg>\t\t\t\t\t\t<\/span>\n\t\t\t\t\t\t\t\t\t\t<span class=\"elementor-icon-list-text\">FKM (fluoroelastomeri) \u2013 idealni za temperature do +200 \u00b0C in agresivne medije<\/span>\n\t\t\t\t\t\t\t\t\t<\/li>\n\t\t\t\t\t\t\t\t<li class=\"elementor-icon-list-item\">\n\t\t\t\t\t\t\t\t\t\t\t<span class=\"elementor-icon-list-icon\">\n\t\t\t\t\t\t\t<svg aria-hidden=\"true\" class=\"e-font-icon-svg e-fas-circle\" viewBox=\"0 0 512 512\" xmlns=\"http:\/\/www.w3.org\/2000\/svg\"><path d=\"M256 8C119 8 8 119 8 256s111 248 248 248 248-111 248-248S393 8 256 8z\"><\/path><\/svg>\t\t\t\t\t\t<\/span>\n\t\t\t\t\t\t\t\t\t\t<span class=\"elementor-icon-list-text\">PTFE \u2013 kemi\u010dno inerten material z nizkim trenjem za natan\u010dno tesnjenje<\/span>\n\t\t\t\t\t\t\t\t\t<\/li>\n\t\t\t\t\t\t\t\t<li class=\"elementor-icon-list-item\">\n\t\t\t\t\t\t\t\t\t\t\t<span class=\"elementor-icon-list-icon\">\n\t\t\t\t\t\t\t<svg aria-hidden=\"true\" class=\"e-font-icon-svg e-fas-circle\" viewBox=\"0 0 512 512\" xmlns=\"http:\/\/www.w3.org\/2000\/svg\"><path d=\"M256 8C119 8 8 119 8 256s111 248 248 248 248-111 248-248S393 8 256 8z\"><\/path><\/svg>\t\t\t\t\t\t<\/span>\n\t\t\t\t\t\t\t\t\t\t<span class=\"elementor-icon-list-text\">PA6 in POM \u2013 tehni\u010dni plastiki z visoko togostjo in dimenzijsko stabilnostjo<\/span>\n\t\t\t\t\t\t\t\t\t<\/li>\n\t\t\t\t\t\t<\/ul>\n\t\t\t\t\t\t<\/div>\n\t\t\t\t<\/div>\n\t\t\t\t<div class=\"elementor-element elementor-element-1dde9de elementor-widget elementor-widget-spacer\" data-id=\"1dde9de\" data-element_type=\"widget\" data-widget_type=\"spacer.default\">\n\t\t\t\t<div class=\"elementor-widget-container\">\n\t\t\t\t\t\t\t<div class=\"elementor-spacer\">\n\t\t\t<div class=\"elementor-spacer-inner\"><\/div>\n\t\t<\/div>\n\t\t\t\t\t\t<\/div>\n\t\t\t\t<\/div>\n\t\t\t\t<div class=\"elementor-element elementor-element-121e1e5 elementor-widget elementor-widget-heading\" data-id=\"121e1e5\" data-element_type=\"widget\" data-widget_type=\"heading.default\">\n\t\t\t\t<div class=\"elementor-widget-container\">\n\t\t\t\t\t<h2 class=\"elementor-heading-title elementor-size-default\">Va\u0161 tehnolo\u0161ki partner v gibanju<\/h2>\t\t\t\t<\/div>\n\t\t\t\t<\/div>\n\t\t\t\t<div class=\"elementor-element elementor-element-c292679 elementor-widget elementor-widget-text-editor\" data-id=\"c292679\" data-element_type=\"widget\" data-widget_type=\"text-editor.default\">\n\t\t\t\t<div class=\"elementor-widget-container\">\n\t\t\t\t\t\t\t\t\tAlpana je zaupanja vreden dobavitelj polimernih polizdelkov za avtomobilsko, \u017eelezni\u0161ko in te\u017eko strojno industrijo. Na\u0161e napredne re\u0161itve omogo\u010dajo izdelavo dolgotrajnih in zanesljivih komponent, zasnovanih za izpolnjevanje najzahtevnej\u0161ih tehni\u010dnih standardov v transportnem in\u017eenirstvu. \t\t\t\t\t\t\t\t<\/div>\n\t\t\t\t<\/div>\n\t\t\t\t<\/div>\n\t\t\t\t\t<\/div>\n\t\t\t\t<\/div>\n\t\t<div class=\"elementor-element elementor-element-3520d6ea e-flex e-con-boxed e-con e-parent\" data-id=\"3520d6ea\" data-element_type=\"container\">\n\t\t\t\t\t<div class=\"e-con-inner\">\n\t\t<div class=\"elementor-element elementor-element-5a6f6e8 e-con-full e-flex e-con e-child\" data-id=\"5a6f6e8\" data-element_type=\"container\" data-settings=\"{&quot;background_background&quot;:&quot;classic&quot;}\">\n\t\t\t\t<div class=\"elementor-element elementor-element-5a8dc5cf elementor-widget elementor-widget-heading\" data-id=\"5a8dc5cf\" data-element_type=\"widget\" data-widget_type=\"heading.default\">\n\t\t\t\t<div class=\"elementor-widget-container\">\n\t\t\t\t\t<h2 class=\"elementor-heading-title elementor-size-default\">Ste pripravljeni na pogovor s strokovnjakom?<\/h2>\t\t\t\t<\/div>\n\t\t\t\t<\/div>\n\t\t\t\t<div class=\"elementor-element elementor-element-b6c3532 elementor-widget elementor-widget-text-editor\" data-id=\"b6c3532\" data-element_type=\"widget\" data-widget_type=\"text-editor.default\">\n\t\t\t\t<div class=\"elementor-widget-container\">\n\t\t\t\t\t\t\t\t\t<p>Na\u0161a ekipa in\u017eenirjev ALPANA je pripravljena zagotoviti strokovno podporo \u2013 od izbire materiala do razvoja izdelkov po meri.<\/p>\t\t\t\t\t\t\t\t<\/div>\n\t\t\t\t<\/div>\n\t\t\t\t<div class=\"elementor-element elementor-element-834c0a4 elementor-align-center elementor-widget elementor-widget-button\" data-id=\"834c0a4\" data-element_type=\"widget\" data-widget_type=\"button.default\">\n\t\t\t\t<div class=\"elementor-widget-container\">\n\t\t\t\t\t\t\t\t\t<div class=\"elementor-button-wrapper\">\n\t\t\t\t\t<a class=\"elementor-button elementor-button-link elementor-size-sm\" href=\"#elementor-action%3Aaction%3Dpopup%3Aopen%26settings%3DeyJpZCI6MTE5MywidG9nZ2xlIjpmYWxzZX0%3D\">\n\t\t\t\t\t\t<span class=\"elementor-button-content-wrapper\">\n\t\t\t\t\t\t\t\t\t<span class=\"elementor-button-text\">Kontaktirajte nas<\/span>\n\t\t\t\t\t<\/span>\n\t\t\t\t\t<\/a>\n\t\t\t\t<\/div>\n\t\t\t\t\t\t\t\t<\/div>\n\t\t\t\t<\/div>\n\t\t\t\t<\/div>\n\t\t\t\t\t<\/div>\n\t\t\t\t<\/div>\n\t\t\t\t<\/div>\n\t\t","protected":false},"excerpt":{"rendered":"<p>Tesnilni materiali vavtomobilski industrijiTe\u017eka oprema in \u017eelezni\u0161ki promet Ekstremne obremenitve. Vi\u0161ji standardi Avtomobilski, \u017eelezni\u0161ki in sektor te\u017eke opreme delujejo v nekaterih najzahtevnej\u0161ih mehanskih okoljih. Komponente morajo zanesljivo delovati ob stalnih vibracijah, izpostavljenosti oljem in gorivom, temperaturnih nihanjih ter visokih dinami\u010dnih obremenitvah. Vsako tesnilo, pu\u0161a, vodilni obro\u010d ali drsni element mora biti odporen proti deformacijam in [&hellip;]<\/p>\n","protected":false},"author":2,"featured_media":0,"parent":2215,"menu_order":0,"comment_status":"closed","ping_status":"closed","template":"","meta":{"footnotes":""},"class_list":["post-2257","page","type-page","status-publish","hentry"],"_links":{"self":[{"href":"https:\/\/alpana-seals.com\/sl\/wp-json\/wp\/v2\/pages\/2257","targetHints":{"allow":["GET"]}}],"collection":[{"href":"https:\/\/alpana-seals.com\/sl\/wp-json\/wp\/v2\/pages"}],"about":[{"href":"https:\/\/alpana-seals.com\/sl\/wp-json\/wp\/v2\/types\/page"}],"author":[{"embeddable":true,"href":"https:\/\/alpana-seals.com\/sl\/wp-json\/wp\/v2\/users\/2"}],"replies":[{"embeddable":true,"href":"https:\/\/alpana-seals.com\/sl\/wp-json\/wp\/v2\/comments?post=2257"}],"version-history":[{"count":1,"href":"https:\/\/alpana-seals.com\/sl\/wp-json\/wp\/v2\/pages\/2257\/revisions"}],"predecessor-version":[{"id":2258,"href":"https:\/\/alpana-seals.com\/sl\/wp-json\/wp\/v2\/pages\/2257\/revisions\/2258"}],"up":[{"embeddable":true,"href":"https:\/\/alpana-seals.com\/sl\/wp-json\/wp\/v2\/pages\/2215"}],"wp:attachment":[{"href":"https:\/\/alpana-seals.com\/sl\/wp-json\/wp\/v2\/media?parent=2257"}],"curies":[{"name":"wp","href":"https:\/\/api.w.org\/{rel}","templated":true}]}}