{"id":2215,"date":"2025-07-22T10:41:23","date_gmt":"2025-07-22T10:41:23","guid":{"rendered":"https:\/\/alpana-seals.com\/industrije\/"},"modified":"2026-02-04T12:44:09","modified_gmt":"2026-02-04T12:44:09","slug":"industrije","status":"publish","type":"page","link":"https:\/\/alpana-seals.com\/sl\/industrije\/","title":{"rendered":"Industrije"},"content":{"rendered":"\t\t<div data-elementor-type=\"wp-page\" data-elementor-id=\"2215\" class=\"elementor elementor-2215 elementor-227\" data-elementor-post-type=\"page\">\n\t\t\t\t<div class=\"elementor-element elementor-element-31b70d4 e-flex e-con-boxed e-con e-parent\" data-id=\"31b70d4\" data-element_type=\"container\">\n\t\t\t\t\t<div class=\"e-con-inner\">\n\t\t<div class=\"elementor-element elementor-element-f7b0c6b e-con-full e-flex e-con e-child\" data-id=\"f7b0c6b\" data-element_type=\"container\" data-settings=\"{&quot;background_background&quot;:&quot;classic&quot;}\">\n\t\t\t\t<div class=\"elementor-element elementor-element-f60748f elementor-widget__width-initial elementor-widget elementor-widget-heading\" data-id=\"f60748f\" data-element_type=\"widget\" data-widget_type=\"heading.default\">\n\t\t\t\t<div class=\"elementor-widget-container\">\n\t\t\t\t\t<h2 class=\"elementor-heading-title elementor-size-default\">Industrije, kjer se uporabljajo poliuretanska tesnila<\/h2>\t\t\t\t<\/div>\n\t\t\t\t<\/div>\n\t\t\t\t<\/div>\n\t\t\t\t\t<\/div>\n\t\t\t\t<\/div>\n\t\t<div class=\"elementor-element elementor-element-390f9a9 e-flex e-con-boxed e-con e-parent\" data-id=\"390f9a9\" data-element_type=\"container\">\n\t\t\t\t\t<div class=\"e-con-inner\">\n\t\t<div class=\"elementor-element elementor-element-27f1c9d e-con-full e-flex e-con e-child\" data-id=\"27f1c9d\" data-element_type=\"container\">\n\t\t\t\t<\/div>\n\t\t<div class=\"elementor-element elementor-element-05b6863 e-con-full e-flex e-con e-child\" data-id=\"05b6863\" data-element_type=\"container\">\n\t\t<div class=\"elementor-element elementor-element-a6ad8af e-con-full e-flex e-con e-child\" data-id=\"a6ad8af\" data-element_type=\"container\">\n\t\t\t\t<div class=\"elementor-element elementor-element-354b04b elementor-widget elementor-widget-heading\" data-id=\"354b04b\" data-element_type=\"widget\" data-widget_type=\"heading.default\">\n\t\t\t\t<div class=\"elementor-widget-container\">\n\t\t\t\t\t<h2 class=\"elementor-heading-title elementor-size-default\">Hidravlika in pnevmatika<\/h2>\t\t\t\t<\/div>\n\t\t\t\t<\/div>\n\t\t\t\t<div class=\"elementor-element elementor-element-267e597 elementor-widget elementor-widget-text-editor\" data-id=\"267e597\" data-element_type=\"widget\" data-widget_type=\"text-editor.default\">\n\t\t\t\t<div class=\"elementor-widget-container\">\n\t\t\t\t\t\t\t\t\tPoliuretanska tesnila se uporabljajo v hidravli\u010dnih cilindrih, \u010drpalkah, ventilih in drugih komponentah, kjer je nujno zatesnjevanje pri visokem tlaku.\t\t\t\t\t\t\t\t<\/div>\n\t\t\t\t<\/div>\n\t\t\t\t<div class=\"elementor-element elementor-element-a736acb elementor-widget elementor-widget-heading\" data-id=\"a736acb\" data-element_type=\"widget\" data-widget_type=\"heading.default\">\n\t\t\t\t<div class=\"elementor-widget-container\">\n\t\t\t\t\t<h2 class=\"elementor-heading-title elementor-size-default\">Zakaj jih uporabljamo:<\/h2>\t\t\t\t<\/div>\n\t\t\t\t<\/div>\n\t\t\t\t<div class=\"elementor-element elementor-element-909b986 elementor-widget elementor-widget-text-editor\" data-id=\"909b986\" data-element_type=\"widget\" data-widget_type=\"text-editor.default\">\n\t\t\t\t<div class=\"elementor-widget-container\">\n\t\t\t\t\t\t\t\t\t<ul><li>Odpornost na mehanske obremenitve<\/li><li>Pove\u010dana odpornost proti obrabi<\/li><li>Delovanje ob temperaturnih nihanjih<\/li><\/ul>\t\t\t\t\t\t\t\t<\/div>\n\t\t\t\t<\/div>\n\t\t\t\t<\/div>\n\t\t<a class=\"eael-wrapper-link-94e9697 --eael-wrapper-link-tag\" href=\"\/industrials\/mining-industry\/\"><\/a><div data-eael-wrapper-link=\"eael-wrapper-link-94e9697\" class=\"elementor-element elementor-element-94e9697 e-con-full e-flex e-con e-child\" data-id=\"94e9697\" data-element_type=\"container\">\n\t\t\t\t<div class=\"elementor-element elementor-element-2e39da8 elementor-widget elementor-widget-heading\" data-id=\"2e39da8\" data-element_type=\"widget\" data-widget_type=\"heading.default\">\n\t\t\t\t<div class=\"elementor-widget-container\">\n\t\t\t\t\t<h2 class=\"elementor-heading-title elementor-size-default\">Rudarska industrija<\/h2>\t\t\t\t<\/div>\n\t\t\t\t<\/div>\n\t\t\t\t<div class=\"elementor-element elementor-element-9caee84 elementor-widget elementor-widget-text-editor\" data-id=\"9caee84\" data-element_type=\"widget\" data-widget_type=\"text-editor.default\">\n\t\t\t\t<div class=\"elementor-widget-container\">\n\t\t\t\t\t\t\t\t\tStroji, ki delujejo v rudnikih in kamnolomih, so izpostavljeni ekstremnim obremenitvam in abrazivni obrabi. Tesnila \u0161\u010ditijo mehanizme pred prahom, umazanijo in vlago. \t\t\t\t\t\t\t\t<\/div>\n\t\t\t\t<\/div>\n\t\t\t\t<div class=\"elementor-element elementor-element-ee1472b elementor-widget elementor-widget-heading\" data-id=\"ee1472b\" data-element_type=\"widget\" data-widget_type=\"heading.default\">\n\t\t\t\t<div class=\"elementor-widget-container\">\n\t\t\t\t\t<h2 class=\"elementor-heading-title elementor-size-default\">Zakaj jih uporabljamo:<\/h2>\t\t\t\t<\/div>\n\t\t\t\t<\/div>\n\t\t\t\t<div class=\"elementor-element elementor-element-137456c elementor-widget elementor-widget-text-editor\" data-id=\"137456c\" data-element_type=\"widget\" data-widget_type=\"text-editor.default\">\n\t\t\t\t<div class=\"elementor-widget-container\">\n\t\t\t\t\t\t\t\t\t<ul><li>Visoka odpornost proti trganju<\/li><li>Odpornost proti obrabi<\/li><li>Zanesljivo delovanje v zahtevnih okoljih<\/li><\/ul>\t\t\t\t\t\t\t\t<\/div>\n\t\t\t\t<\/div>\n\t\t\t\t<\/div>\n\t\t<a class=\"eael-wrapper-link-b0d3907 --eael-wrapper-link-tag\" href=\"\/industrials\/agricultural-machinery\/\"><\/a><div data-eael-wrapper-link=\"eael-wrapper-link-b0d3907\" class=\"elementor-element elementor-element-b0d3907 e-con-full e-flex e-con e-child\" data-id=\"b0d3907\" data-element_type=\"container\">\n\t\t\t\t<div class=\"elementor-element elementor-element-3f8ba23 elementor-widget elementor-widget-heading\" data-id=\"3f8ba23\" data-element_type=\"widget\" data-widget_type=\"heading.default\">\n\t\t\t\t<div class=\"elementor-widget-container\">\n\t\t\t\t\t<h2 class=\"elementor-heading-title elementor-size-default\">Kmetijska mehanizacija<\/h2>\t\t\t\t<\/div>\n\t\t\t\t<\/div>\n\t\t\t\t<div class=\"elementor-element elementor-element-0fbcc30 elementor-widget elementor-widget-text-editor\" data-id=\"0fbcc30\" data-element_type=\"widget\" data-widget_type=\"text-editor.default\">\n\t\t\t\t<div class=\"elementor-widget-container\">\n\t\t\t\t\t\t\t\t\tKmetijska mehanizacija deluje v pra\u0161nih, mokrih in umazanih okoljih. Tesnila \u0161\u010ditijo komponente in zagotavljajo nemoteno delovanje. \t\t\t\t\t\t\t\t<\/div>\n\t\t\t\t<\/div>\n\t\t\t\t<div class=\"elementor-element elementor-element-98d1635 elementor-widget elementor-widget-heading\" data-id=\"98d1635\" data-element_type=\"widget\" data-widget_type=\"heading.default\">\n\t\t\t\t<div class=\"elementor-widget-container\">\n\t\t\t\t\t<h2 class=\"elementor-heading-title elementor-size-default\">Zakaj jih uporabljamo:<\/h2>\t\t\t\t<\/div>\n\t\t\t\t<\/div>\n\t\t\t\t<div class=\"elementor-element elementor-element-17825b0 elementor-widget elementor-widget-text-editor\" data-id=\"17825b0\" data-element_type=\"widget\" data-widget_type=\"text-editor.default\">\n\t\t\t\t<div class=\"elementor-widget-container\">\n\t\t\t\t\t\t\t\t\t<ul><li>Odpornost proti vlagi, gnojilom in umazaniji<\/li><li>Enostavno vzdr\u017eevanje<\/li><li>Zmanj\u0161an \u010das izpadov (manj zastojev v delovanju)<\/li><\/ul>\t\t\t\t\t\t\t\t<\/div>\n\t\t\t\t<\/div>\n\t\t\t\t<\/div>\n\t\t<div class=\"elementor-element elementor-element-ae26e4e e-con-full e-flex e-con e-child\" data-id=\"ae26e4e\" data-element_type=\"container\">\n\t\t\t\t<div class=\"elementor-element elementor-element-ccbe3f5 elementor-widget elementor-widget-heading\" data-id=\"ccbe3f5\" data-element_type=\"widget\" data-widget_type=\"heading.default\">\n\t\t\t\t<div class=\"elementor-widget-container\">\n\t\t\t\t\t<h2 class=\"elementor-heading-title elementor-size-default\">Naftna in plinska industrija<\/h2>\t\t\t\t<\/div>\n\t\t\t\t<\/div>\n\t\t\t\t<div class=\"elementor-element elementor-element-83779dc elementor-widget elementor-widget-text-editor\" data-id=\"83779dc\" data-element_type=\"widget\" data-widget_type=\"text-editor.default\">\n\t\t\t\t<div class=\"elementor-widget-container\">\n\t\t\t\t\t\t\t\t\tOprema za vrtanje, \u010drpanje in skladi\u0161\u010denje zahteva zanesljive re\u0161itve za tesnjenje pri delovanju pod tlakom.\t\t\t\t\t\t\t\t<\/div>\n\t\t\t\t<\/div>\n\t\t\t\t<div class=\"elementor-element elementor-element-6c67324 elementor-widget elementor-widget-heading\" data-id=\"6c67324\" data-element_type=\"widget\" data-widget_type=\"heading.default\">\n\t\t\t\t<div class=\"elementor-widget-container\">\n\t\t\t\t\t<h2 class=\"elementor-heading-title elementor-size-default\">Zakaj jih uporabljamo:<\/h2>\t\t\t\t<\/div>\n\t\t\t\t<\/div>\n\t\t\t\t<div class=\"elementor-element elementor-element-30e3bbb elementor-widget elementor-widget-text-editor\" data-id=\"30e3bbb\" data-element_type=\"widget\" data-widget_type=\"text-editor.default\">\n\t\t\t\t<div class=\"elementor-widget-container\">\n\t\t\t\t\t\t\t\t\t<ul><li>Odpornost proti oljem in kemikalijam<\/li><li>Zanesljivo delovanje pri visokem tlaku<\/li><li>Podalj\u0161ana \u017eivljenjska doba opreme<\/li><\/ul>\t\t\t\t\t\t\t\t<\/div>\n\t\t\t\t<\/div>\n\t\t\t\t<\/div>\n\t\t<a class=\"eael-wrapper-link-baa3b8f --eael-wrapper-link-tag\" href=\"\/industrials\/automotive-industry\/\"><\/a><div data-eael-wrapper-link=\"eael-wrapper-link-baa3b8f\" class=\"elementor-element elementor-element-baa3b8f e-con-full e-flex e-con e-child\" data-id=\"baa3b8f\" data-element_type=\"container\">\n\t\t\t\t<div class=\"elementor-element elementor-element-7f94132 elementor-widget elementor-widget-heading\" data-id=\"7f94132\" data-element_type=\"widget\" data-widget_type=\"heading.default\">\n\t\t\t\t<div class=\"elementor-widget-container\">\n\t\t\t\t\t<h2 class=\"elementor-heading-title elementor-size-default\">Avtomobilska industrija<\/h2>\t\t\t\t<\/div>\n\t\t\t\t<\/div>\n\t\t\t\t<div class=\"elementor-element elementor-element-00e84d8 elementor-widget elementor-widget-text-editor\" data-id=\"00e84d8\" data-element_type=\"widget\" data-widget_type=\"text-editor.default\">\n\t\t\t\t<div class=\"elementor-widget-container\">\n\t\t\t\t\t\t\t\t\tPoliuretan se uporablja v sistemih vzmetenja, krmiljenja in zavornih sistemih, kjer je potrebno trajno in zanesljivo tesnjenje.\t\t\t\t\t\t\t\t<\/div>\n\t\t\t\t<\/div>\n\t\t\t\t<div class=\"elementor-element elementor-element-9022f3d elementor-widget elementor-widget-heading\" data-id=\"9022f3d\" data-element_type=\"widget\" data-widget_type=\"heading.default\">\n\t\t\t\t<div class=\"elementor-widget-container\">\n\t\t\t\t\t<h2 class=\"elementor-heading-title elementor-size-default\">Zakaj jih uporabljamo:<\/h2>\t\t\t\t<\/div>\n\t\t\t\t<\/div>\n\t\t\t\t<div class=\"elementor-element elementor-element-2555fb6 elementor-widget elementor-widget-text-editor\" data-id=\"2555fb6\" data-element_type=\"widget\" data-widget_type=\"text-editor.default\">\n\t\t\t\t<div class=\"elementor-widget-container\">\n\t\t\t\t\t\t\t\t\t<ul><li>Odpornost proti gorivu in olju<\/li><li>Fleksibilnost pri nizkih temperaturah<\/li><li>Zanesljivo delovanje v dinami\u010dnih sistemih<\/li><\/ul>\t\t\t\t\t\t\t\t<\/div>\n\t\t\t\t<\/div>\n\t\t\t\t<\/div>\n\t\t<div class=\"elementor-element elementor-element-63bccff e-con-full e-flex e-con e-child\" data-id=\"63bccff\" data-element_type=\"container\">\n\t\t\t\t<div class=\"elementor-element elementor-element-d3fde83 elementor-widget elementor-widget-heading\" data-id=\"d3fde83\" data-element_type=\"widget\" data-widget_type=\"heading.default\">\n\t\t\t\t<div class=\"elementor-widget-container\">\n\t\t\t\t\t<h2 class=\"elementor-heading-title elementor-size-default\">Proizvodnja in avtomatizacija<\/h2>\t\t\t\t<\/div>\n\t\t\t\t<\/div>\n\t\t\t\t<div class=\"elementor-element elementor-element-5017470 elementor-widget elementor-widget-text-editor\" data-id=\"5017470\" data-element_type=\"widget\" data-widget_type=\"text-editor.default\">\n\t\t\t\t<div class=\"elementor-widget-container\">\n\t\t\t\t\t\t\t\t\tV sistemih za avtomatsko podajanje, brizganje, litje in pakiranje poliuretanska tesnila delujejo kot tesnilni in du\u0161ilni elementi.\t\t\t\t\t\t\t\t<\/div>\n\t\t\t\t<\/div>\n\t\t\t\t<div class=\"elementor-element elementor-element-74781cf elementor-widget elementor-widget-heading\" data-id=\"74781cf\" data-element_type=\"widget\" data-widget_type=\"heading.default\">\n\t\t\t\t<div class=\"elementor-widget-container\">\n\t\t\t\t\t<h2 class=\"elementor-heading-title elementor-size-default\">Zakaj jih uporabljamo:<\/h2>\t\t\t\t<\/div>\n\t\t\t\t<\/div>\n\t\t\t\t<div class=\"elementor-element elementor-element-0165d44 elementor-widget elementor-widget-text-editor\" data-id=\"0165d44\" data-element_type=\"widget\" data-widget_type=\"text-editor.default\">\n\t\t\t\t<div class=\"elementor-widget-container\">\n\t\t\t\t\t\t\t\t\t<ul><li>Odpornost proti kemikalijam in toplotnim obremenitvam<\/li><li>Natan\u010dnost in stabilnost delovanja<\/li><li>Zmanj\u0161ana obraba opreme<\/li><\/ul>\t\t\t\t\t\t\t\t<\/div>\n\t\t\t\t<\/div>\n\t\t\t\t<\/div>\n\t\t\t\t<\/div>\n\t\t\t\t\t<\/div>\n\t\t\t\t<\/div>\n\t\t<div class=\"elementor-element elementor-element-3f5db51 e-flex e-con-boxed e-con e-parent\" data-id=\"3f5db51\" data-element_type=\"container\">\n\t\t\t\t\t<div class=\"e-con-inner\">\n\t\t<div class=\"elementor-element elementor-element-41562d99 e-con-full e-flex e-con e-child\" data-id=\"41562d99\" data-element_type=\"container\" data-settings=\"{&quot;background_background&quot;:&quot;classic&quot;}\">\n\t\t\t\t<div class=\"elementor-element elementor-element-346af2c elementor-widget elementor-widget-heading\" data-id=\"346af2c\" data-element_type=\"widget\" data-widget_type=\"heading.default\">\n\t\t\t\t<div class=\"elementor-widget-container\">\n\t\t\t\t\t<h2 class=\"elementor-heading-title elementor-size-default\">Ste pripravljeni na pogovor s strokovnjakom?<\/h2>\t\t\t\t<\/div>\n\t\t\t\t<\/div>\n\t\t\t\t<div class=\"elementor-element elementor-element-14cebd3b elementor-widget elementor-widget-text-editor\" data-id=\"14cebd3b\" data-element_type=\"widget\" data-widget_type=\"text-editor.default\">\n\t\t\t\t<div class=\"elementor-widget-container\">\n\t\t\t\t\t\t\t\t\tNa\u0161a ekipa in\u017eenirjev ALPANA je pripravljena zagotoviti strokovno podporo \u2013 od izbire materiala do razvoja izdelkov po meri.\t\t\t\t\t\t\t\t<\/div>\n\t\t\t\t<\/div>\n\t\t\t\t<div class=\"elementor-element elementor-element-21899247 elementor-align-center elementor-widget elementor-widget-button\" data-id=\"21899247\" data-element_type=\"widget\" data-widget_type=\"button.default\">\n\t\t\t\t<div class=\"elementor-widget-container\">\n\t\t\t\t\t\t\t\t\t<div class=\"elementor-button-wrapper\">\n\t\t\t\t\t<a class=\"elementor-button elementor-button-link elementor-size-sm\" href=\"#elementor-action%3Aaction%3Dpopup%3Aopen%26settings%3DeyJpZCI6MTE5MywidG9nZ2xlIjpmYWxzZX0%3D\">\n\t\t\t\t\t\t<span class=\"elementor-button-content-wrapper\">\n\t\t\t\t\t\t\t\t\t<span class=\"elementor-button-text\">Kontaktirajte nas<\/span>\n\t\t\t\t\t<\/span>\n\t\t\t\t\t<\/a>\n\t\t\t\t<\/div>\n\t\t\t\t\t\t\t\t<\/div>\n\t\t\t\t<\/div>\n\t\t\t\t<\/div>\n\t\t\t\t\t<\/div>\n\t\t\t\t<\/div>\n\t\t\t\t<\/div>\n\t\t","protected":false},"excerpt":{"rendered":"<p>Industrije, kjer se uporabljajo poliuretanska tesnila Hidravlika in pnevmatika Poliuretanska tesnila se uporabljajo v hidravli\u010dnih cilindrih, \u010drpalkah, ventilih in drugih komponentah, kjer je nujno zatesnjevanje pri visokem tlaku. Zakaj jih uporabljamo: Odpornost na mehanske obremenitve Pove\u010dana odpornost proti obrabi Delovanje ob temperaturnih nihanjih Rudarska industrija Stroji, ki delujejo v rudnikih in kamnolomih, so izpostavljeni ekstremnim [&hellip;]<\/p>\n","protected":false},"author":2,"featured_media":0,"parent":0,"menu_order":0,"comment_status":"closed","ping_status":"closed","template":"","meta":{"footnotes":""},"class_list":["post-2215","page","type-page","status-publish","hentry"],"_links":{"self":[{"href":"https:\/\/alpana-seals.com\/sl\/wp-json\/wp\/v2\/pages\/2215","targetHints":{"allow":["GET"]}}],"collection":[{"href":"https:\/\/alpana-seals.com\/sl\/wp-json\/wp\/v2\/pages"}],"about":[{"href":"https:\/\/alpana-seals.com\/sl\/wp-json\/wp\/v2\/types\/page"}],"author":[{"embeddable":true,"href":"https:\/\/alpana-seals.com\/sl\/wp-json\/wp\/v2\/users\/2"}],"replies":[{"embeddable":true,"href":"https:\/\/alpana-seals.com\/sl\/wp-json\/wp\/v2\/comments?post=2215"}],"version-history":[{"count":1,"href":"https:\/\/alpana-seals.com\/sl\/wp-json\/wp\/v2\/pages\/2215\/revisions"}],"predecessor-version":[{"id":2217,"href":"https:\/\/alpana-seals.com\/sl\/wp-json\/wp\/v2\/pages\/2215\/revisions\/2217"}],"wp:attachment":[{"href":"https:\/\/alpana-seals.com\/sl\/wp-json\/wp\/v2\/media?parent=2215"}],"curies":[{"name":"wp","href":"https:\/\/api.w.org\/{rel}","templated":true}]}}