{"id":1929,"date":"2025-07-22T10:56:06","date_gmt":"2025-07-22T10:56:06","guid":{"rendered":"https:\/\/alpana-seals.com\/sectores-industriales\/industria-automotriz\/"},"modified":"2026-02-04T18:29:54","modified_gmt":"2026-02-04T18:29:54","slug":"industria-automotriz","status":"publish","type":"page","link":"https:\/\/alpana-seals.com\/es\/sectores-industriales\/industria-automotriz\/","title":{"rendered":"Industria Automotriz"},"content":{"rendered":"\t\t<div data-elementor-type=\"wp-page\" data-elementor-id=\"1929\" class=\"elementor elementor-1929 elementor-237\" data-elementor-post-type=\"page\">\n\t\t\t\t<div class=\"elementor-element elementor-element-8221b3c e-flex e-con-boxed e-con e-parent\" data-id=\"8221b3c\" data-element_type=\"container\">\n\t\t\t\t\t<div class=\"e-con-inner\">\n\t\t<div class=\"elementor-element elementor-element-f560f64 e-con-full e-flex e-con e-child\" data-id=\"f560f64\" data-element_type=\"container\" data-settings=\"{&quot;background_background&quot;:&quot;classic&quot;}\">\n\t\t\t\t<div class=\"elementor-element elementor-element-51bbaa4 elementor-widget elementor-widget-heading\" data-id=\"51bbaa4\" data-element_type=\"widget\" data-widget_type=\"heading.default\">\n\t\t\t\t<div class=\"elementor-widget-container\">\n\t\t\t\t\t<h1 class=\"elementor-heading-title elementor-size-default\">Materiales de Sellado para l<br>a Industria Automotriz y el<br>Transporte Pesado &amp; Ferroviario<\/h1>\t\t\t\t<\/div>\n\t\t\t\t<\/div>\n\t\t\t\t<\/div>\n\t\t\t\t\t<\/div>\n\t\t\t\t<\/div>\n\t\t<div class=\"elementor-element elementor-element-f769152 e-flex e-con-boxed e-con e-parent\" data-id=\"f769152\" data-element_type=\"container\">\n\t\t\t\t\t<div class=\"e-con-inner\">\n\t\t<div class=\"elementor-element elementor-element-f9be227 e-con-full e-flex e-con e-child\" data-id=\"f9be227\" data-element_type=\"container\">\n\t\t\t\t<\/div>\n\t\t<div class=\"elementor-element elementor-element-21e1ee5 e-con-full e-flex e-con e-child\" data-id=\"21e1ee5\" data-element_type=\"container\">\n\t\t\t\t<div class=\"elementor-element elementor-element-6747ff7 elementor-widget elementor-widget-heading\" data-id=\"6747ff7\" data-element_type=\"widget\" data-widget_type=\"heading.default\">\n\t\t\t\t<div class=\"elementor-widget-container\">\n\t\t\t\t\t<h2 class=\"elementor-heading-title elementor-size-default\">Cargas Extremas. Est\u00e1ndares Elevados<\/h2>\t\t\t\t<\/div>\n\t\t\t\t<\/div>\n\t\t\t\t<div class=\"elementor-element elementor-element-47bdd60 elementor-widget elementor-widget-text-editor\" data-id=\"47bdd60\" data-element_type=\"widget\" data-widget_type=\"text-editor.default\">\n\t\t\t\t<div class=\"elementor-widget-container\">\n\t\t\t\t\t\t\t\t\tLos sectores de la automoci\u00f3n, el ferrocarril y los equipos pesados operan en algunos de los entornos mec\u00e1nicos m\u00e1s duros. Los componentes deben funcionar con fiabilidad bajo vibraci\u00f3n constante, exposici\u00f3n a aceites y combustibles, fluctuaciones de temperatura y altas cargas din\u00e1micas. Cada junta, buje, anillo gu\u00eda o elemento deslizante debe resistir la deformaci\u00f3n y el desgaste, incluso en condiciones de servicio prolongado y pesado.\t\t\t\t\t\t\t\t<\/div>\n\t\t\t\t<\/div>\n\t\t\t\t<div class=\"elementor-element elementor-element-acf4c78 elementor-widget elementor-widget-heading\" data-id=\"acf4c78\" data-element_type=\"widget\" data-widget_type=\"heading.default\">\n\t\t\t\t<div class=\"elementor-widget-container\">\n\t\t\t\t\t<h2 class=\"elementor-heading-title elementor-size-default\">Esta industria incluye:<\/h2>\t\t\t\t<\/div>\n\t\t\t\t<\/div>\n\t\t\t\t<div class=\"elementor-element elementor-element-6a2749c elementor-widget elementor-widget-text-editor\" data-id=\"6a2749c\" data-element_type=\"widget\" data-widget_type=\"text-editor.default\">\n\t\t\t\t<div class=\"elementor-widget-container\">\n\t\t\t\t\t\t\t\t\t\n \t<li>Fabricaci\u00f3n de veh\u00edculos de pasajeros y comerciales<\/li>\n \t<li>Maquinaria de construcci\u00f3n, agr\u00edcola y municipal<\/li>\n \t<li>Transporte ferroviario \u2014 desde locomotoras hasta sistemas de material rodante<\/li>\n \t<li>Grupos electr\u00f3genos, sistemas hidr\u00e1ulicos y grandes conjuntos mec\u00e1nicos<\/li>\n\t\t\t\t\t\t\t\t<\/div>\n\t\t\t\t<\/div>\n\t\t\t\t<div class=\"elementor-element elementor-element-5ea0bcf elementor-widget elementor-widget-spacer\" data-id=\"5ea0bcf\" data-element_type=\"widget\" data-widget_type=\"spacer.default\">\n\t\t\t\t<div class=\"elementor-widget-container\">\n\t\t\t\t\t\t\t<div class=\"elementor-spacer\">\n\t\t\t<div class=\"elementor-spacer-inner\"><\/div>\n\t\t<\/div>\n\t\t\t\t\t\t<\/div>\n\t\t\t\t<\/div>\n\t\t\t\t<div class=\"elementor-element elementor-element-d450c99 elementor-widget elementor-widget-heading\" data-id=\"d450c99\" data-element_type=\"widget\" data-widget_type=\"heading.default\">\n\t\t\t\t<div class=\"elementor-widget-container\">\n\t\t\t\t\t<h2 class=\"elementor-heading-title elementor-size-default\">Componentes Que Importan<\/h2>\t\t\t\t<\/div>\n\t\t\t\t<\/div>\n\t\t\t\t<div class=\"elementor-element elementor-element-3de67c2 elementor-widget elementor-widget-text-editor\" data-id=\"3de67c2\" data-element_type=\"widget\" data-widget_type=\"text-editor.default\">\n\t\t\t\t<div class=\"elementor-widget-container\">\n\t\t\t\t\t\t\t\t\tEn la tecnolog\u00eda del transporte, los componentes de base polim\u00e9rica desempe\u00f1an un papel fundamental en el mantenimiento del rendimiento y la seguridad:\t\t\t\t\t\t\t\t<\/div>\n\t\t\t\t<\/div>\n\t\t\t\t<div class=\"elementor-element elementor-element-de18042 elementor-widget elementor-widget-text-editor\" data-id=\"de18042\" data-element_type=\"widget\" data-widget_type=\"text-editor.default\">\n\t\t\t\t<div class=\"elementor-widget-container\">\n\t\t\t\t\t\t\t\t\t\n \t<li>Juntas en sistemas hidr\u00e1ulicos y de frenado<\/li>\n \t<li>Retenes de ejes, juntas t\u00f3ricas, limpiav\u00e1stagos y anillos gu\u00eda<\/li>\n \t<li>Bujes y manguitos de apoyo en suspensiones y ejes<\/li>\n \t<li>Junta termo y quimiorresistente en motores y cajas de cambios<\/li>\n \t<li>Elementos de protecci\u00f3n y sellado para pasacables y carcasas<\/li>\n\t\t\t\t\t\t\t\t<\/div>\n\t\t\t\t<\/div>\n\t\t\t\t<div class=\"elementor-element elementor-element-f74f948 elementor-widget elementor-widget-heading\" data-id=\"f74f948\" data-element_type=\"widget\" data-widget_type=\"heading.default\">\n\t\t\t\t<div class=\"elementor-widget-container\">\n\t\t\t\t\t<h2 class=\"elementor-heading-title elementor-size-default\">Estos componentes deben funcionar bajo:<\/h2>\t\t\t\t<\/div>\n\t\t\t\t<\/div>\n\t\t\t\t<div class=\"elementor-element elementor-element-d1b0ad4 elementor-widget elementor-widget-text-editor\" data-id=\"d1b0ad4\" data-element_type=\"widget\" data-widget_type=\"text-editor.default\">\n\t\t\t\t<div class=\"elementor-widget-container\">\n\t\t\t\t\t\t\t\t\t\n \t<li>Estr\u00e9s mec\u00e1nico y vibraci\u00f3n constantes<\/li>\n \t<li>Temperaturas de hasta +200\u202f\u00b0C<\/li>\n \t<li>Contacto con aceites, combustibles, refrigerantes, humedad y polvo<\/li>\n \t<li>Ciclos estacionales de congelaci\u00f3n\/descongelaci\u00f3n<\/li>\n \t<li>Cambios repentinos de presi\u00f3n y carga<\/li>\n\t\t\t\t\t\t\t\t<\/div>\n\t\t\t\t<\/div>\n\t\t\t\t<div class=\"elementor-element elementor-element-fad02dc elementor-widget elementor-widget-spacer\" data-id=\"fad02dc\" data-element_type=\"widget\" data-widget_type=\"spacer.default\">\n\t\t\t\t<div class=\"elementor-widget-container\">\n\t\t\t\t\t\t\t<div class=\"elementor-spacer\">\n\t\t\t<div class=\"elementor-spacer-inner\"><\/div>\n\t\t<\/div>\n\t\t\t\t\t\t<\/div>\n\t\t\t\t<\/div>\n\t\t\t\t<div class=\"elementor-element elementor-element-17cc305 elementor-widget elementor-widget-heading\" data-id=\"17cc305\" data-element_type=\"widget\" data-widget_type=\"heading.default\">\n\t\t\t\t<div class=\"elementor-widget-container\">\n\t\t\t\t\t<h2 class=\"elementor-heading-title elementor-size-default\">Qu\u00e9 Ofrece Alpana para la Industria Automotriz<\/h2>\t\t\t\t<\/div>\n\t\t\t\t<\/div>\n\t\t\t\t<div class=\"elementor-element elementor-element-62c88d1 elementor-widget elementor-widget-text-editor\" data-id=\"62c88d1\" data-element_type=\"widget\" data-widget_type=\"text-editor.default\">\n\t\t\t\t<div class=\"elementor-widget-container\">\n\t\t\t\t\t\t\t\t\tAlpana suministra productos semielaborados y materiales de alto rendimiento desarrollados espec\u00edficamente para aplicaciones automotrices y de transporte pesado. Nuestros materiales est\u00e1n dise\u00f1ados para soportar estr\u00e9s a largo plazo, exposici\u00f3n qu\u00edmica e impacto mec\u00e1nico, garantizando un rendimiento seguro y duradero en ensamblajes cr\u00edticos.\t\t\t\t\t\t\t\t<\/div>\n\t\t\t\t<\/div>\n\t\t\t\t<div class=\"elementor-element elementor-element-e5d1772 elementor-widget elementor-widget-heading\" data-id=\"e5d1772\" data-element_type=\"widget\" data-widget_type=\"heading.default\">\n\t\t\t\t<div class=\"elementor-widget-container\">\n\t\t\t\t\t<h2 class=\"elementor-heading-title elementor-size-default\">Nuestra gama de productos incluye:<\/h2>\t\t\t\t<\/div>\n\t\t\t\t<\/div>\n\t\t\t\t<div class=\"elementor-element elementor-element-3e66637 elementor-icon-list--layout-traditional elementor-list-item-link-full_width elementor-widget elementor-widget-icon-list\" data-id=\"3e66637\" data-element_type=\"widget\" data-widget_type=\"icon-list.default\">\n\t\t\t\t<div class=\"elementor-widget-container\">\n\t\t\t\t\t\t\t<ul class=\"elementor-icon-list-items\">\n\t\t\t\t\t\t\t<li class=\"elementor-icon-list-item\">\n\t\t\t\t\t\t\t\t\t\t\t<span class=\"elementor-icon-list-icon\">\n\t\t\t\t\t\t\t<svg aria-hidden=\"true\" class=\"e-font-icon-svg e-fas-circle\" viewBox=\"0 0 512 512\" xmlns=\"http:\/\/www.w3.org\/2000\/svg\"><path d=\"M256 8C119 8 8 119 8 256s111 248 248 248 248-111 248-248S393 8 256 8z\"><\/path><\/svg>\t\t\t\t\t\t<\/span>\n\t\t\t\t\t\t\t\t\t\t<span class=\"elementor-icon-list-text\">PU (Max series) \u2013 highly wear-resistant polyurethanes for dynamic seals and guide rings<\/span>\n\t\t\t\t\t\t\t\t\t<\/li>\n\t\t\t\t\t\t\t\t<li class=\"elementor-icon-list-item\">\n\t\t\t\t\t\t\t\t\t\t\t<span class=\"elementor-icon-list-icon\">\n\t\t\t\t\t\t\t<svg aria-hidden=\"true\" class=\"e-font-icon-svg e-fas-circle\" viewBox=\"0 0 512 512\" xmlns=\"http:\/\/www.w3.org\/2000\/svg\"><path d=\"M256 8C119 8 8 119 8 256s111 248 248 248 248-111 248-248S393 8 256 8z\"><\/path><\/svg>\t\t\t\t\t\t<\/span>\n\t\t\t\t\t\t\t\t\t\t<span class=\"elementor-icon-list-text\">H-NBR y NBR \u2013 elast\u00f3meros resistentes al combustible y al aceite para juntas de trenes de potencia y chasis<\/span>\n\t\t\t\t\t\t\t\t\t<\/li>\n\t\t\t\t\t\t\t\t<li class=\"elementor-icon-list-item\">\n\t\t\t\t\t\t\t\t\t\t\t<span class=\"elementor-icon-list-icon\">\n\t\t\t\t\t\t\t<svg aria-hidden=\"true\" class=\"e-font-icon-svg e-fas-circle\" viewBox=\"0 0 512 512\" xmlns=\"http:\/\/www.w3.org\/2000\/svg\"><path d=\"M256 8C119 8 8 119 8 256s111 248 248 248 248-111 248-248S393 8 256 8z\"><\/path><\/svg>\t\t\t\t\t\t<\/span>\n\t\t\t\t\t\t\t\t\t\t<span class=\"elementor-icon-list-text\">FKM (fluoroeelast\u00f3meros) \u2013 ideal para temperaturas de hasta +200\u202f\u00b0C y medios agresivos<\/span>\n\t\t\t\t\t\t\t\t\t<\/li>\n\t\t\t\t\t\t\t\t<li class=\"elementor-icon-list-item\">\n\t\t\t\t\t\t\t\t\t\t\t<span class=\"elementor-icon-list-icon\">\n\t\t\t\t\t\t\t<svg aria-hidden=\"true\" class=\"e-font-icon-svg e-fas-circle\" viewBox=\"0 0 512 512\" xmlns=\"http:\/\/www.w3.org\/2000\/svg\"><path d=\"M256 8C119 8 8 119 8 256s111 248 248 248 248-111 248-248S393 8 256 8z\"><\/path><\/svg>\t\t\t\t\t\t<\/span>\n\t\t\t\t\t\t\t\t\t\t<span class=\"elementor-icon-list-text\">PTFE \u2013 material qu\u00edmicamente inerte y de baja fricci\u00f3n para sellado de precisi\u00f3n<\/span>\n\t\t\t\t\t\t\t\t\t<\/li>\n\t\t\t\t\t\t\t\t<li class=\"elementor-icon-list-item\">\n\t\t\t\t\t\t\t\t\t\t\t<span class=\"elementor-icon-list-icon\">\n\t\t\t\t\t\t\t<svg aria-hidden=\"true\" class=\"e-font-icon-svg e-fas-circle\" viewBox=\"0 0 512 512\" xmlns=\"http:\/\/www.w3.org\/2000\/svg\"><path d=\"M256 8C119 8 8 119 8 256s111 248 248 248 248-111 248-248S393 8 256 8z\"><\/path><\/svg>\t\t\t\t\t\t<\/span>\n\t\t\t\t\t\t\t\t\t\t<span class=\"elementor-icon-list-text\">PA6 y POM \u2013 pl\u00e1sticos de ingenier\u00eda con alta rigidez y estabilidad dimensional<\/span>\n\t\t\t\t\t\t\t\t\t<\/li>\n\t\t\t\t\t\t<\/ul>\n\t\t\t\t\t\t<\/div>\n\t\t\t\t<\/div>\n\t\t\t\t<div class=\"elementor-element elementor-element-1dde9de elementor-widget elementor-widget-spacer\" data-id=\"1dde9de\" data-element_type=\"widget\" data-widget_type=\"spacer.default\">\n\t\t\t\t<div class=\"elementor-widget-container\">\n\t\t\t\t\t\t\t<div class=\"elementor-spacer\">\n\t\t\t<div class=\"elementor-spacer-inner\"><\/div>\n\t\t<\/div>\n\t\t\t\t\t\t<\/div>\n\t\t\t\t<\/div>\n\t\t\t\t<div class=\"elementor-element elementor-element-121e1e5 elementor-widget elementor-widget-heading\" data-id=\"121e1e5\" data-element_type=\"widget\" data-widget_type=\"heading.default\">\n\t\t\t\t<div class=\"elementor-widget-container\">\n\t\t\t\t\t<h2 class=\"elementor-heading-title elementor-size-default\">Su Socio Tecnol\u00f3gico en Movimiento<\/h2>\t\t\t\t<\/div>\n\t\t\t\t<\/div>\n\t\t\t\t<div class=\"elementor-element elementor-element-c292679 elementor-widget elementor-widget-text-editor\" data-id=\"c292679\" data-element_type=\"widget\" data-widget_type=\"text-editor.default\">\n\t\t\t\t<div class=\"elementor-widget-container\">\n\t\t\t\t\t\t\t\t\tAlpana es un proveedor de confianza de materiales semielaborados polim\u00e9ricos para los sectores de la automoci\u00f3n, el ferrocarril y la maquinaria pesada. Nuestras soluciones avanzadas permiten crear componentes duraderos y fiables, dise\u00f1ados para cumplir con los est\u00e1ndares t\u00e9cnicos m\u00e1s exigentes de la ingenier\u00eda del transporte.\t\t\t\t\t\t\t\t<\/div>\n\t\t\t\t<\/div>\n\t\t\t\t<\/div>\n\t\t\t\t\t<\/div>\n\t\t\t\t<\/div>\n\t\t<div class=\"elementor-element elementor-element-3520d6ea e-flex e-con-boxed e-con e-parent\" data-id=\"3520d6ea\" data-element_type=\"container\">\n\t\t\t\t\t<div class=\"e-con-inner\">\n\t\t<div class=\"elementor-element elementor-element-5a6f6e8 e-con-full e-flex e-con e-child\" data-id=\"5a6f6e8\" data-element_type=\"container\" data-settings=\"{&quot;background_background&quot;:&quot;classic&quot;}\">\n\t\t\t\t<div class=\"elementor-element elementor-element-5a8dc5cf elementor-widget elementor-widget-heading\" data-id=\"5a8dc5cf\" data-element_type=\"widget\" data-widget_type=\"heading.default\">\n\t\t\t\t<div class=\"elementor-widget-container\">\n\t\t\t\t\t<h2 class=\"elementor-heading-title elementor-size-default\">\u00bfListo para hablar con un experto?<\/h2>\t\t\t\t<\/div>\n\t\t\t\t<\/div>\n\t\t\t\t<div class=\"elementor-element elementor-element-b6c3532 elementor-widget elementor-widget-text-editor\" data-id=\"b6c3532\" data-element_type=\"widget\" data-widget_type=\"text-editor.default\">\n\t\t\t\t<div class=\"elementor-widget-container\">\n\t\t\t\t\t\t\t\t\t<p>Nuestro equipo de ingenieros de ALPANA est\u00e1 preparado para ofrecer un soporte experto, desde la selecci\u00f3n del material hasta el desarrollo de productos personalizados.<\/p>\t\t\t\t\t\t\t\t<\/div>\n\t\t\t\t<\/div>\n\t\t\t\t<div class=\"elementor-element elementor-element-834c0a4 elementor-align-center elementor-widget elementor-widget-button\" data-id=\"834c0a4\" data-element_type=\"widget\" data-widget_type=\"button.default\">\n\t\t\t\t<div class=\"elementor-widget-container\">\n\t\t\t\t\t\t\t\t\t<div class=\"elementor-button-wrapper\">\n\t\t\t\t\t<a class=\"elementor-button elementor-button-link elementor-size-sm\" href=\"#elementor-action%3Aaction%3Dpopup%3Aopen%26settings%3DeyJpZCI6MTE5MywidG9nZ2xlIjpmYWxzZX0%3D\">\n\t\t\t\t\t\t<span class=\"elementor-button-content-wrapper\">\n\t\t\t\t\t\t\t\t\t<span class=\"elementor-button-text\">Cont\u00e1ctenos<\/span>\n\t\t\t\t\t<\/span>\n\t\t\t\t\t<\/a>\n\t\t\t\t<\/div>\n\t\t\t\t\t\t\t\t<\/div>\n\t\t\t\t<\/div>\n\t\t\t\t<\/div>\n\t\t\t\t\t<\/div>\n\t\t\t\t<\/div>\n\t\t\t\t<\/div>\n\t\t","protected":false},"excerpt":{"rendered":"<p>Materiales de Sellado para la Industria Automotriz y elTransporte Pesado &amp; Ferroviario Cargas Extremas. Est\u00e1ndares Elevados Los sectores de la automoci\u00f3n, el ferrocarril y los equipos pesados operan en algunos de los entornos mec\u00e1nicos m\u00e1s duros. Los componentes deben funcionar con fiabilidad bajo vibraci\u00f3n constante, exposici\u00f3n a aceites y combustibles, fluctuaciones de temperatura y altas [&hellip;]<\/p>\n","protected":false},"author":2,"featured_media":0,"parent":1915,"menu_order":0,"comment_status":"closed","ping_status":"closed","template":"","meta":{"footnotes":""},"class_list":["post-1929","page","type-page","status-publish","hentry"],"_links":{"self":[{"href":"https:\/\/alpana-seals.com\/es\/wp-json\/wp\/v2\/pages\/1929","targetHints":{"allow":["GET"]}}],"collection":[{"href":"https:\/\/alpana-seals.com\/es\/wp-json\/wp\/v2\/pages"}],"about":[{"href":"https:\/\/alpana-seals.com\/es\/wp-json\/wp\/v2\/types\/page"}],"author":[{"embeddable":true,"href":"https:\/\/alpana-seals.com\/es\/wp-json\/wp\/v2\/users\/2"}],"replies":[{"embeddable":true,"href":"https:\/\/alpana-seals.com\/es\/wp-json\/wp\/v2\/comments?post=1929"}],"version-history":[{"count":2,"href":"https:\/\/alpana-seals.com\/es\/wp-json\/wp\/v2\/pages\/1929\/revisions"}],"predecessor-version":[{"id":2262,"href":"https:\/\/alpana-seals.com\/es\/wp-json\/wp\/v2\/pages\/1929\/revisions\/2262"}],"up":[{"embeddable":true,"href":"https:\/\/alpana-seals.com\/es\/wp-json\/wp\/v2\/pages\/1915"}],"wp:attachment":[{"href":"https:\/\/alpana-seals.com\/es\/wp-json\/wp\/v2\/media?parent=1929"}],"curies":[{"name":"wp","href":"https:\/\/api.w.org\/{rel}","templated":true}]}}