{"id":1915,"date":"2025-07-22T10:41:23","date_gmt":"2025-07-22T10:41:23","guid":{"rendered":"https:\/\/alpana-seals.com\/sectores-industriales\/"},"modified":"2026-02-04T12:34:17","modified_gmt":"2026-02-04T12:34:17","slug":"sectores-industriales","status":"publish","type":"page","link":"https:\/\/alpana-seals.com\/es\/sectores-industriales\/","title":{"rendered":"Sectores Industriales"},"content":{"rendered":"\t\t<div data-elementor-type=\"wp-page\" data-elementor-id=\"1915\" class=\"elementor elementor-1915 elementor-227\" data-elementor-post-type=\"page\">\n\t\t\t\t<div class=\"elementor-element elementor-element-31b70d4 e-flex e-con-boxed e-con e-parent\" data-id=\"31b70d4\" data-element_type=\"container\">\n\t\t\t\t\t<div class=\"e-con-inner\">\n\t\t<div class=\"elementor-element elementor-element-f7b0c6b e-con-full e-flex e-con e-child\" data-id=\"f7b0c6b\" data-element_type=\"container\" data-settings=\"{&quot;background_background&quot;:&quot;classic&quot;}\">\n\t\t\t\t<div class=\"elementor-element elementor-element-f60748f elementor-widget__width-initial elementor-widget elementor-widget-heading\" data-id=\"f60748f\" data-element_type=\"widget\" data-widget_type=\"heading.default\">\n\t\t\t\t<div class=\"elementor-widget-container\">\n\t\t\t\t\t<h2 class=\"elementor-heading-title elementor-size-default\">Sectores Industriales en los que se utilizan juntas de poliuretano<\/h2>\t\t\t\t<\/div>\n\t\t\t\t<\/div>\n\t\t\t\t<\/div>\n\t\t\t\t\t<\/div>\n\t\t\t\t<\/div>\n\t\t<div class=\"elementor-element elementor-element-390f9a9 e-flex e-con-boxed e-con e-parent\" data-id=\"390f9a9\" data-element_type=\"container\">\n\t\t\t\t\t<div class=\"e-con-inner\">\n\t\t<div class=\"elementor-element elementor-element-27f1c9d e-con-full e-flex e-con e-child\" data-id=\"27f1c9d\" data-element_type=\"container\">\n\t\t\t\t<\/div>\n\t\t<div class=\"elementor-element elementor-element-05b6863 e-con-full e-flex e-con e-child\" data-id=\"05b6863\" data-element_type=\"container\">\n\t\t<div class=\"elementor-element elementor-element-a6ad8af e-con-full e-flex e-con e-child\" data-id=\"a6ad8af\" data-element_type=\"container\">\n\t\t\t\t<div class=\"elementor-element elementor-element-354b04b elementor-widget elementor-widget-heading\" data-id=\"354b04b\" data-element_type=\"widget\" data-widget_type=\"heading.default\">\n\t\t\t\t<div class=\"elementor-widget-container\">\n\t\t\t\t\t<h2 class=\"elementor-heading-title elementor-size-default\">Hidr\u00e1ulica y Neum\u00e1tica<\/h2>\t\t\t\t<\/div>\n\t\t\t\t<\/div>\n\t\t\t\t<div class=\"elementor-element elementor-element-267e597 elementor-widget elementor-widget-text-editor\" data-id=\"267e597\" data-element_type=\"widget\" data-widget_type=\"text-editor.default\">\n\t\t\t\t<div class=\"elementor-widget-container\">\n\t\t\t\t\t\t\t\t\tLas juntas de poliuretano se utilizan en cilindros hidr\u00e1ulicos, bombas, v\u00e1lvulas y otros componentes donde un sellado de alta presi\u00f3n es esencial.\t\t\t\t\t\t\t\t<\/div>\n\t\t\t\t<\/div>\n\t\t\t\t<div class=\"elementor-element elementor-element-a736acb elementor-widget elementor-widget-heading\" data-id=\"a736acb\" data-element_type=\"widget\" data-widget_type=\"heading.default\">\n\t\t\t\t<div class=\"elementor-widget-container\">\n\t\t\t\t\t<h2 class=\"elementor-heading-title elementor-size-default\">\u00bfPor qu\u00e9 utilizarlas?<\/h2>\t\t\t\t<\/div>\n\t\t\t\t<\/div>\n\t\t\t\t<div class=\"elementor-element elementor-element-909b986 elementor-widget elementor-widget-text-editor\" data-id=\"909b986\" data-element_type=\"widget\" data-widget_type=\"text-editor.default\">\n\t\t\t\t<div class=\"elementor-widget-container\">\n\t\t\t\t\t\t\t\t\t<ul><li>Resistencia al estr\u00e9s mec\u00e1nico<\/li><li>Mayor resistencia al desgaste<\/li><li>Funcionamiento en condiciones de temperatura fluctuante<\/li><\/ul>\t\t\t\t\t\t\t\t<\/div>\n\t\t\t\t<\/div>\n\t\t\t\t<\/div>\n\t\t<a class=\"eael-wrapper-link-94e9697 --eael-wrapper-link-tag\" href=\"\/industrials\/mining-industry\/\"><\/a><div data-eael-wrapper-link=\"eael-wrapper-link-94e9697\" class=\"elementor-element elementor-element-94e9697 e-con-full e-flex e-con e-child\" data-id=\"94e9697\" data-element_type=\"container\">\n\t\t\t\t<div class=\"elementor-element elementor-element-2e39da8 elementor-widget elementor-widget-heading\" data-id=\"2e39da8\" data-element_type=\"widget\" data-widget_type=\"heading.default\">\n\t\t\t\t<div class=\"elementor-widget-container\">\n\t\t\t\t\t<h2 class=\"elementor-heading-title elementor-size-default\">Sector Minero<\/h2>\t\t\t\t<\/div>\n\t\t\t\t<\/div>\n\t\t\t\t<div class=\"elementor-element elementor-element-9caee84 elementor-widget elementor-widget-text-editor\" data-id=\"9caee84\" data-element_type=\"widget\" data-widget_type=\"text-editor.default\">\n\t\t\t\t<div class=\"elementor-widget-container\">\n\t\t\t\t\t\t\t\t\tLa maquinaria que opera en minas y canteras est\u00e1 sujeta a cargas extremas y desgaste abrasivo. Las juntas protegen los mecanismos del polvo, la suciedad y la humedad. \t\t\t\t\t\t\t\t<\/div>\n\t\t\t\t<\/div>\n\t\t\t\t<div class=\"elementor-element elementor-element-ee1472b elementor-widget elementor-widget-heading\" data-id=\"ee1472b\" data-element_type=\"widget\" data-widget_type=\"heading.default\">\n\t\t\t\t<div class=\"elementor-widget-container\">\n\t\t\t\t\t<h2 class=\"elementor-heading-title elementor-size-default\">\u00bfPor qu\u00e9 utilizarlas?<\/h2>\t\t\t\t<\/div>\n\t\t\t\t<\/div>\n\t\t\t\t<div class=\"elementor-element elementor-element-137456c elementor-widget elementor-widget-text-editor\" data-id=\"137456c\" data-element_type=\"widget\" data-widget_type=\"text-editor.default\">\n\t\t\t\t<div class=\"elementor-widget-container\">\n\t\t\t\t\t\t\t\t\t<ul><li>Alta resistencia al desgarro<\/li><li>Resistencia a la abrasi\u00f3n<\/li><li>Funcionamiento fiable en entornos severos<\/li><\/ul>\t\t\t\t\t\t\t\t<\/div>\n\t\t\t\t<\/div>\n\t\t\t\t<\/div>\n\t\t<a class=\"eael-wrapper-link-b0d3907 --eael-wrapper-link-tag\" href=\"\/industrials\/agricultural-machinery\/\"><\/a><div data-eael-wrapper-link=\"eael-wrapper-link-b0d3907\" class=\"elementor-element elementor-element-b0d3907 e-con-full e-flex e-con e-child\" data-id=\"b0d3907\" data-element_type=\"container\">\n\t\t\t\t<div class=\"elementor-element elementor-element-3f8ba23 elementor-widget elementor-widget-heading\" data-id=\"3f8ba23\" data-element_type=\"widget\" data-widget_type=\"heading.default\">\n\t\t\t\t<div class=\"elementor-widget-container\">\n\t\t\t\t\t<h2 class=\"elementor-heading-title elementor-size-default\">Maquinaria Agr\u00edcola<\/h2>\t\t\t\t<\/div>\n\t\t\t\t<\/div>\n\t\t\t\t<div class=\"elementor-element elementor-element-0fbcc30 elementor-widget elementor-widget-text-editor\" data-id=\"0fbcc30\" data-element_type=\"widget\" data-widget_type=\"text-editor.default\">\n\t\t\t\t<div class=\"elementor-widget-container\">\n\t\t\t\t\t\t\t\t\tLa maquinaria agr\u00edcola opera en entornos polvorientos, h\u00famedos y sucios. Las juntas protegen los componentes y garantizan un funcionamiento ininterrumpido. \t\t\t\t\t\t\t\t<\/div>\n\t\t\t\t<\/div>\n\t\t\t\t<div class=\"elementor-element elementor-element-98d1635 elementor-widget elementor-widget-heading\" data-id=\"98d1635\" data-element_type=\"widget\" data-widget_type=\"heading.default\">\n\t\t\t\t<div class=\"elementor-widget-container\">\n\t\t\t\t\t<h2 class=\"elementor-heading-title elementor-size-default\">\u00bfPor qu\u00e9 utilizarlas?<\/h2>\t\t\t\t<\/div>\n\t\t\t\t<\/div>\n\t\t\t\t<div class=\"elementor-element elementor-element-17825b0 elementor-widget elementor-widget-text-editor\" data-id=\"17825b0\" data-element_type=\"widget\" data-widget_type=\"text-editor.default\">\n\t\t\t\t<div class=\"elementor-widget-container\">\n\t\t\t\t\t\t\t\t\t<ul><li>Resistencia a la humedad, los fertilizantes y la suciedad<\/li><li>F\u00e1cil mantenimiento<\/li><li>Reducci\u00f3n del tiempo de inactividad<\/li><\/ul>\t\t\t\t\t\t\t\t<\/div>\n\t\t\t\t<\/div>\n\t\t\t\t<\/div>\n\t\t<div class=\"elementor-element elementor-element-ae26e4e e-con-full e-flex e-con e-child\" data-id=\"ae26e4e\" data-element_type=\"container\">\n\t\t\t\t<div class=\"elementor-element elementor-element-ccbe3f5 elementor-widget elementor-widget-heading\" data-id=\"ccbe3f5\" data-element_type=\"widget\" data-widget_type=\"heading.default\">\n\t\t\t\t<div class=\"elementor-widget-container\">\n\t\t\t\t\t<h2 class=\"elementor-heading-title elementor-size-default\">Industria del Petr\u00f3leo y el Gas<\/h2>\t\t\t\t<\/div>\n\t\t\t\t<\/div>\n\t\t\t\t<div class=\"elementor-element elementor-element-83779dc elementor-widget elementor-widget-text-editor\" data-id=\"83779dc\" data-element_type=\"widget\" data-widget_type=\"text-editor.default\">\n\t\t\t\t<div class=\"elementor-widget-container\">\n\t\t\t\t\t\t\t\t\tLos equipos de perforaci\u00f3n, bombeo y almacenamiento requieren soluciones de sellado fiables bajo presi\u00f3n.\t\t\t\t\t\t\t\t<\/div>\n\t\t\t\t<\/div>\n\t\t\t\t<div class=\"elementor-element elementor-element-6c67324 elementor-widget elementor-widget-heading\" data-id=\"6c67324\" data-element_type=\"widget\" data-widget_type=\"heading.default\">\n\t\t\t\t<div class=\"elementor-widget-container\">\n\t\t\t\t\t<h2 class=\"elementor-heading-title elementor-size-default\">\u00bfPor qu\u00e9 utilizarlas?<\/h2>\t\t\t\t<\/div>\n\t\t\t\t<\/div>\n\t\t\t\t<div class=\"elementor-element elementor-element-30e3bbb elementor-widget elementor-widget-text-editor\" data-id=\"30e3bbb\" data-element_type=\"widget\" data-widget_type=\"text-editor.default\">\n\t\t\t\t<div class=\"elementor-widget-container\">\n\t\t\t\t\t\t\t\t\t<ul><li>Resistencia a aceites y productos qu\u00edmicos<\/li><li>Funcionamiento fiable a alta presi\u00f3n<\/li><li>Mayor vida \u00fatil del equipo<\/li><\/ul>\t\t\t\t\t\t\t\t<\/div>\n\t\t\t\t<\/div>\n\t\t\t\t<\/div>\n\t\t<a class=\"eael-wrapper-link-baa3b8f --eael-wrapper-link-tag\" href=\"\/industrials\/automotive-industry\/\"><\/a><div data-eael-wrapper-link=\"eael-wrapper-link-baa3b8f\" class=\"elementor-element elementor-element-baa3b8f e-con-full e-flex e-con e-child\" data-id=\"baa3b8f\" data-element_type=\"container\">\n\t\t\t\t<div class=\"elementor-element elementor-element-7f94132 elementor-widget elementor-widget-heading\" data-id=\"7f94132\" data-element_type=\"widget\" data-widget_type=\"heading.default\">\n\t\t\t\t<div class=\"elementor-widget-container\">\n\t\t\t\t\t<h2 class=\"elementor-heading-title elementor-size-default\">Industria Automotriz<\/h2>\t\t\t\t<\/div>\n\t\t\t\t<\/div>\n\t\t\t\t<div class=\"elementor-element elementor-element-00e84d8 elementor-widget elementor-widget-text-editor\" data-id=\"00e84d8\" data-element_type=\"widget\" data-widget_type=\"text-editor.default\">\n\t\t\t\t<div class=\"elementor-widget-container\">\n\t\t\t\t\t\t\t\t\tEl poliuretano se utiliza en sistemas de suspensi\u00f3n, direcci\u00f3n y frenado donde se requiere un sellado duradero.\t\t\t\t\t\t\t\t<\/div>\n\t\t\t\t<\/div>\n\t\t\t\t<div class=\"elementor-element elementor-element-9022f3d elementor-widget elementor-widget-heading\" data-id=\"9022f3d\" data-element_type=\"widget\" data-widget_type=\"heading.default\">\n\t\t\t\t<div class=\"elementor-widget-container\">\n\t\t\t\t\t<h2 class=\"elementor-heading-title elementor-size-default\">\u00bfPor qu\u00e9 utilizarlas?<\/h2>\t\t\t\t<\/div>\n\t\t\t\t<\/div>\n\t\t\t\t<div class=\"elementor-element elementor-element-2555fb6 elementor-widget elementor-widget-text-editor\" data-id=\"2555fb6\" data-element_type=\"widget\" data-widget_type=\"text-editor.default\">\n\t\t\t\t<div class=\"elementor-widget-container\">\n\t\t\t\t\t\t\t\t\t<ul><li>Resistencia al combustible y al aceite<\/li><li>Flexibilidad a bajas temperaturas<\/li><li>Funcionamiento fiable en sistemas din\u00e1micos<\/li><\/ul>\t\t\t\t\t\t\t\t<\/div>\n\t\t\t\t<\/div>\n\t\t\t\t<\/div>\n\t\t<div class=\"elementor-element elementor-element-63bccff e-con-full e-flex e-con e-child\" data-id=\"63bccff\" data-element_type=\"container\">\n\t\t\t\t<div class=\"elementor-element elementor-element-d3fde83 elementor-widget elementor-widget-heading\" data-id=\"d3fde83\" data-element_type=\"widget\" data-widget_type=\"heading.default\">\n\t\t\t\t<div class=\"elementor-widget-container\">\n\t\t\t\t\t<h2 class=\"elementor-heading-title elementor-size-default\">Fabricaci\u00f3n y Automatizaci\u00f3n<\/h2>\t\t\t\t<\/div>\n\t\t\t\t<\/div>\n\t\t\t\t<div class=\"elementor-element elementor-element-5017470 elementor-widget elementor-widget-text-editor\" data-id=\"5017470\" data-element_type=\"widget\" data-widget_type=\"text-editor.default\">\n\t\t\t\t<div class=\"elementor-widget-container\">\n\t\t\t\t\t\t\t\t\tEn sistemas de alimentaci\u00f3n autom\u00e1tica, moldeo, fundici\u00f3n y envasado, las juntas de poliuretano act\u00faan como elementos de sellado y amortiguaci\u00f3n.\t\t\t\t\t\t\t\t<\/div>\n\t\t\t\t<\/div>\n\t\t\t\t<div class=\"elementor-element elementor-element-74781cf elementor-widget elementor-widget-heading\" data-id=\"74781cf\" data-element_type=\"widget\" data-widget_type=\"heading.default\">\n\t\t\t\t<div class=\"elementor-widget-container\">\n\t\t\t\t\t<h2 class=\"elementor-heading-title elementor-size-default\">\u00bfPor qu\u00e9 utilizarlas?<\/h2>\t\t\t\t<\/div>\n\t\t\t\t<\/div>\n\t\t\t\t<div class=\"elementor-element elementor-element-0165d44 elementor-widget elementor-widget-text-editor\" data-id=\"0165d44\" data-element_type=\"widget\" data-widget_type=\"text-editor.default\">\n\t\t\t\t<div class=\"elementor-widget-container\">\n\t\t\t\t\t\t\t\t\t<ul><li>Resistencia a productos qu\u00edmicos y cargas t\u00e9rmicas<\/li><li>Precisi\u00f3n y estabilidad operativa<\/li><li>Reducci\u00f3n del desgaste del equipo<\/li><\/ul>\t\t\t\t\t\t\t\t<\/div>\n\t\t\t\t<\/div>\n\t\t\t\t<\/div>\n\t\t\t\t<\/div>\n\t\t\t\t\t<\/div>\n\t\t\t\t<\/div>\n\t\t<div class=\"elementor-element elementor-element-3f5db51 e-flex e-con-boxed e-con e-parent\" data-id=\"3f5db51\" data-element_type=\"container\">\n\t\t\t\t\t<div class=\"e-con-inner\">\n\t\t<div class=\"elementor-element elementor-element-41562d99 e-con-full e-flex e-con e-child\" data-id=\"41562d99\" data-element_type=\"container\" data-settings=\"{&quot;background_background&quot;:&quot;classic&quot;}\">\n\t\t\t\t<div class=\"elementor-element elementor-element-346af2c elementor-widget elementor-widget-heading\" data-id=\"346af2c\" data-element_type=\"widget\" data-widget_type=\"heading.default\">\n\t\t\t\t<div class=\"elementor-widget-container\">\n\t\t\t\t\t<h2 class=\"elementor-heading-title elementor-size-default\">\u00bfListo para hablar con un experto?<\/h2>\t\t\t\t<\/div>\n\t\t\t\t<\/div>\n\t\t\t\t<div class=\"elementor-element elementor-element-14cebd3b elementor-widget elementor-widget-text-editor\" data-id=\"14cebd3b\" data-element_type=\"widget\" data-widget_type=\"text-editor.default\">\n\t\t\t\t<div class=\"elementor-widget-container\">\n\t\t\t\t\t\t\t\t\tNuestro equipo de ingenieros de ALPANA est\u00e1 preparado para ofrecer un soporte experto, desde la selecci\u00f3n del material hasta el desarrollo de productos personalizados.\t\t\t\t\t\t\t\t<\/div>\n\t\t\t\t<\/div>\n\t\t\t\t<div class=\"elementor-element elementor-element-21899247 elementor-align-center elementor-widget elementor-widget-button\" data-id=\"21899247\" data-element_type=\"widget\" data-widget_type=\"button.default\">\n\t\t\t\t<div class=\"elementor-widget-container\">\n\t\t\t\t\t\t\t\t\t<div class=\"elementor-button-wrapper\">\n\t\t\t\t\t<a class=\"elementor-button elementor-button-link elementor-size-sm\" href=\"#elementor-action%3Aaction%3Dpopup%3Aopen%26settings%3DeyJpZCI6MTE5MywidG9nZ2xlIjpmYWxzZX0%3D\">\n\t\t\t\t\t\t<span class=\"elementor-button-content-wrapper\">\n\t\t\t\t\t\t\t\t\t<span class=\"elementor-button-text\">Cont\u00e1ctenos<\/span>\n\t\t\t\t\t<\/span>\n\t\t\t\t\t<\/a>\n\t\t\t\t<\/div>\n\t\t\t\t\t\t\t\t<\/div>\n\t\t\t\t<\/div>\n\t\t\t\t<\/div>\n\t\t\t\t\t<\/div>\n\t\t\t\t<\/div>\n\t\t\t\t<\/div>\n\t\t","protected":false},"excerpt":{"rendered":"<p>Sectores Industriales en los que se utilizan juntas de poliuretano Hidr\u00e1ulica y Neum\u00e1tica Las juntas de poliuretano se utilizan en cilindros hidr\u00e1ulicos, bombas, v\u00e1lvulas y otros componentes donde un sellado de alta presi\u00f3n es esencial. \u00bfPor qu\u00e9 utilizarlas? Resistencia al estr\u00e9s mec\u00e1nico Mayor resistencia al desgaste Funcionamiento en condiciones de temperatura fluctuante Sector Minero La [&hellip;]<\/p>\n","protected":false},"author":2,"featured_media":0,"parent":0,"menu_order":0,"comment_status":"closed","ping_status":"closed","template":"","meta":{"footnotes":""},"class_list":["post-1915","page","type-page","status-publish","hentry"],"_links":{"self":[{"href":"https:\/\/alpana-seals.com\/es\/wp-json\/wp\/v2\/pages\/1915","targetHints":{"allow":["GET"]}}],"collection":[{"href":"https:\/\/alpana-seals.com\/es\/wp-json\/wp\/v2\/pages"}],"about":[{"href":"https:\/\/alpana-seals.com\/es\/wp-json\/wp\/v2\/types\/page"}],"author":[{"embeddable":true,"href":"https:\/\/alpana-seals.com\/es\/wp-json\/wp\/v2\/users\/2"}],"replies":[{"embeddable":true,"href":"https:\/\/alpana-seals.com\/es\/wp-json\/wp\/v2\/comments?post=1915"}],"version-history":[{"count":4,"href":"https:\/\/alpana-seals.com\/es\/wp-json\/wp\/v2\/pages\/1915\/revisions"}],"predecessor-version":[{"id":2213,"href":"https:\/\/alpana-seals.com\/es\/wp-json\/wp\/v2\/pages\/1915\/revisions\/2213"}],"wp:attachment":[{"href":"https:\/\/alpana-seals.com\/es\/wp-json\/wp\/v2\/media?parent=1915"}],"curies":[{"name":"wp","href":"https:\/\/api.w.org\/{rel}","templated":true}]}}