{"id":1863,"date":"2025-11-25T16:16:24","date_gmt":"2025-11-25T16:16:24","guid":{"rendered":"https:\/\/alpana-seals.com\/terminos-y-condiciones-generales\/"},"modified":"2026-02-26T12:24:11","modified_gmt":"2026-02-26T12:24:11","slug":"terminos-y-condiciones-generales","status":"publish","type":"page","link":"https:\/\/alpana-seals.com\/es\/terminos-y-condiciones-generales\/","title":{"rendered":"T\u00e9rminos y Condiciones Generales"},"content":{"rendered":"\t\t<div data-elementor-type=\"wp-page\" data-elementor-id=\"1863\" class=\"elementor elementor-1863 elementor-1805\" data-elementor-post-type=\"page\">\n\t\t\t\t<div class=\"elementor-element elementor-element-6a8a13b e-flex e-con-boxed e-con e-parent\" data-id=\"6a8a13b\" data-element_type=\"container\">\n\t\t\t\t\t<div class=\"e-con-inner\">\n\t\t<div class=\"elementor-element elementor-element-be5a24a e-con-full e-flex e-con e-child\" data-id=\"be5a24a\" data-element_type=\"container\">\n\t\t\t\t<div class=\"elementor-element elementor-element-e43b046 elementor-widget elementor-widget-heading\" data-id=\"e43b046\" data-element_type=\"widget\" data-widget_type=\"heading.default\">\n\t\t\t\t<div class=\"elementor-widget-container\">\n\t\t\t\t\t<h2 class=\"elementor-heading-title elementor-size-default\">General Terms and Conditions<\/h2>\t\t\t\t<\/div>\n\t\t\t\t<\/div>\n\t\t\t\t<\/div>\n\t\t\t\t\t<\/div>\n\t\t\t\t<\/div>\n\t\t<div class=\"elementor-element elementor-element-261d847 e-flex e-con-boxed e-con e-parent\" data-id=\"261d847\" data-element_type=\"container\">\n\t\t\t\t\t<div class=\"e-con-inner\">\n\t\t<div class=\"elementor-element elementor-element-adbf4b7 e-con-full e-flex e-con e-child\" data-id=\"adbf4b7\" data-element_type=\"container\">\n\t\t\t\t<div class=\"elementor-element elementor-element-21feb37 elementor-widget elementor-widget-text-editor\" data-id=\"21feb37\" data-element_type=\"widget\" data-widget_type=\"text-editor.default\">\n\t\t\t\t<div class=\"elementor-widget-container\">\n\t\t\t\t\t\t\t\t\t1. Disposiciones Generales\t\t\t\t\t\t\t\t<\/div>\n\t\t\t\t<\/div>\n\t\t\t\t<div class=\"elementor-element elementor-element-39d8136 elementor-widget elementor-widget-text-editor\" data-id=\"39d8136\" data-element_type=\"widget\" data-widget_type=\"text-editor.default\">\n\t\t\t\t<div class=\"elementor-widget-container\">\n\t\t\t\t\t\t\t\t\t<p>1.1. Las presentes Condiciones Generales rigen todas las relaciones comerciales entre Alpana d.o.o. y el Comprador.<\/p><p>1.2. Las presentes Condiciones Generales se aplican en particular a la compraventa y entrega de bienes muebles, independientemente de que los bienes sean fabricados por nosotros o adquiridos a terceros (proveedores).<br>Asimismo, las presentes Condiciones Generales ser\u00e1n de aplicaci\u00f3n para consultor\u00edas previas y cualquier otra modalidad de colaboraci\u00f3n o prestaci\u00f3n de servicios.<\/p><p>1.3. Cualquier modificaci\u00f3n de las presentes Condiciones Generales tendr\u00e1 validez \u00fanicamente mediante acuerdo por escrito confirmado por ambas partes. Toda comunicaci\u00f3n escrita deber\u00e1 efectuarse a trav\u00e9s de medios electr\u00f3nicos (v.gr., correo electr\u00f3nico), a menos que Alpana d.o.o. disponga expresamente de otro modo. <\/p><p>1.4. De existir un convenio particular, sus cl\u00e1usulas prevalecer\u00e1n exclusivamente sobre aquellas materias que regulen de manera expresa; permaneciendo en todo lo dem\u00e1s plenamente aplicables el resto de las estipulaciones contenidas en las presentes Condiciones Generales.<\/p><p>1.5. La realizaci\u00f3n de un pedido por parte del Comprador constituye la aceptaci\u00f3n plena e incondicional de estos TyC.<\/p><p>1.6. Salvo pacto por escrito en contrario, estos TyC se aplicar\u00e1n tambi\u00e9n a cualquier contrato, transacci\u00f3n, pedido o colaboraci\u00f3n futuros con el Comprador, incluidos aquellos para productos o servicios diferentes, sin necesidad de hacer referencia a ellos nuevamente. Mediante la realizaci\u00f3n de un pedido futuro o el inicio de una nueva colaboraci\u00f3n, el Comprador confirma su aceptaci\u00f3n de estos TyC, salvo que los rechace expresamente por escrito. <\/p><p>1.7. Cualquier notificaci\u00f3n con relevancia jur\u00eddica realizada por el Comprador en relaci\u00f3n con el contrato (por ejemplo, el establecimiento de plazos, la notificaci\u00f3n de defectos, la resoluci\u00f3n o la reducci\u00f3n del precio) deber\u00e1 efectuarse por escrito.<\/p><p>1.8 Estas Condiciones Generales se publican en el sitio web de la empresa (https:\/\/alpana-seals.com) y est\u00e1n disponibles en todos los establecimientos comerciales de Alpana d.o.o. El Comprador tambi\u00e9n puede solicitar una copia digital antes de celebrar un contrato. En caso de discrepancias entre las distintas versiones ling\u00fc\u00edsticas de estas CG, la versi\u00f3n en ingl\u00e9s prevalecer\u00e1 sobre todas las dem\u00e1s. <\/p><p>1.9. Algunas estipulaciones de estos T\u00e9rminos y Condiciones Generales contienen limitaciones espec\u00edficas u obligaciones adicionales para el Comprador, tales como:<br>\u2022 la limitaci\u00f3n de responsabilidad de Alpana d.o.o. por los productos finales (p\u00e1rrafo 2 del Art\u00edculo 10).<\/p><p>\u2022 condiciones estrictas para la presentaci\u00f3n de reclamaciones, incluida la documentaci\u00f3n y fotograf\u00edas requeridas (apartado 2 del Art\u00edculo 5),<\/p><p>\u2022 disposiciones sobre los costes derivados de la cancelaci\u00f3n o modificaci\u00f3n de pedidos (apartado 5 del Art\u00edculo 3 y apartado 3 del Art\u00edculo 4).<\/p><p>Mediante este aviso, se informa expresamente al Comprador de estas disposiciones, las cuales son aplicables desde la celebraci\u00f3n del contrato.<\/p>\t\t\t\t\t\t\t\t<\/div>\n\t\t\t\t<\/div>\n\t\t\t\t<div class=\"elementor-element elementor-element-622561e elementor-widget elementor-widget-text-editor\" data-id=\"622561e\" data-element_type=\"widget\" data-widget_type=\"text-editor.default\">\n\t\t\t\t<div class=\"elementor-widget-container\">\n\t\t\t\t\t\t\t\t\t2. Presupuestos y Realizaci\u00f3n de Pedidos\t\t\t\t\t\t\t\t<\/div>\n\t\t\t\t<\/div>\n\t\t\t\t<div class=\"elementor-element elementor-element-dcac88e elementor-widget elementor-widget-text-editor\" data-id=\"dcac88e\" data-element_type=\"widget\" data-widget_type=\"text-editor.default\">\n\t\t\t\t<div class=\"elementor-widget-container\">\n\t\t\t\t\t\t\t\t\t<p>2.1. Las ofertas \/ cotizaciones tienen \u00fanicamente fines informativos.<\/p><p>2.2. Un pedido se considerar\u00e1 v\u00e1lido \u00fanicamente una vez que los elementos esenciales del contrato hayan sido acordados por escrito por todas las partes y confirmados por escrito por Alpana d.o.o..<\/p><p>2.3. Todos los requisitos especiales (color, embalaje, etiquetado, etc.) deber\u00e1n ser especificados por escrito por el Comprador en el momento de realizar el pedido.<\/p><p>2.4. Una vez confirmado un pedido de conformidad con los apartados 1, 2 y 3 del presente Art\u00edculo, el Comprador solo podr\u00e1 modificar un pedido ya v\u00e1lido de acuerdo con lo establecido en el Art\u00edculo 1, apartado 3 de los TyC.<\/p><p>2.5. Please note that our offers are non-binding. This policy remains applicable even in cases where we have furnished the Buyer with technical documentation, such as drawings or data sheets. <\/p>\t\t\t\t\t\t\t\t<\/div>\n\t\t\t\t<\/div>\n\t\t\t\t<div class=\"elementor-element elementor-element-ae670d0 elementor-widget elementor-widget-text-editor\" data-id=\"ae670d0\" data-element_type=\"widget\" data-widget_type=\"text-editor.default\">\n\t\t\t\t<div class=\"elementor-widget-container\">\n\t\t\t\t\t\t\t\t\t<p>3. Precios y Condiciones de Pago<\/p>\t\t\t\t\t\t\t\t<\/div>\n\t\t\t\t<\/div>\n\t\t\t\t<div class=\"elementor-element elementor-element-54a229c elementor-widget elementor-widget-text-editor\" data-id=\"54a229c\" data-element_type=\"widget\" data-widget_type=\"text-editor.default\">\n\t\t\t\t<div class=\"elementor-widget-container\">\n\t\t\t\t\t\t\t\t\t<p>3.1. Los precios se expresan en euros, excluido el IVA, y se basan en condiciones EXW en el almac\u00e9n de Alpana d.o.o. en Liubliana, Eslovenia. El coste del embalaje, etiquetado, pal\u00e9s y otros servicios auxiliares no est\u00e1 incluido en el precio del producto y se calcular\u00e1 por separado, salvo pacto en contrario. <\/p><p>3.2. El precio se determina en la fecha de confirmaci\u00f3n del pedido, de acuerdo con el apartado 2 de los TyC y la lista de precios vigente en ese momento. Cualquier modificaci\u00f3n posterior de un pedido ya confirmado contendr\u00e1 los precios de los productos seg\u00fan la lista de precios en la fecha de dicha modificaci\u00f3n, salvo que se pacte lo contrario por escrito. <\/p><p>3.2. Alpana d.o.o. se reserva el derecho a modificar el listado de precios en cualquier momento a su exclusivo criterio, sin previo aviso al Comprador.<\/p><p>3.3. El pago deber\u00e1 realizarse mediante prepago \u00edntegro (100%), a menos que se pacte expresamente otra modalidad por escrito.<\/p><p>3.4. Un retraso en el pago superior a 15 d\u00edas faculta a Alpana d.o.o. para suspender las entregas, revisar las condiciones de venta y reclamar una indemnizaci\u00f3n por da\u00f1os y perjuicios. En caso de demora en el pago del pedido, Alpana d.o.o. cobrar\u00e1 tambi\u00e9n al Comprador los intereses legales de mora de conformidad con la legislaci\u00f3n eslovena. <\/p><p>3.5. Si el Comprador realiza un pago anticipado (total o parcial) y, durante la producci\u00f3n del pedido, desea cambiar, modificar o cancelar el pedido por cualquier motivo, Alpana d.o.o. podr\u00e1 retener del anticipo ya abonado por el Comprador el coste de la parte del pedido ya producida. Si esta cantidad fuera insuficiente para cubrir los costes, Alpana d.o.o. informar\u00e1 al Comprador y le otorgar\u00e1 un plazo para el pago de los costes restantes. En caso de que el Comprador no los abone dentro de dicho plazo, Alpana d.o.o. proceder\u00e1 de acuerdo con lo dispuesto en el apartado 4 del presente Art\u00edculo. <\/p>\t\t\t\t\t\t\t\t<\/div>\n\t\t\t\t<\/div>\n\t\t\t\t<div class=\"elementor-element elementor-element-4fa1abb elementor-widget elementor-widget-text-editor\" data-id=\"4fa1abb\" data-element_type=\"widget\" data-widget_type=\"text-editor.default\">\n\t\t\t\t<div class=\"elementor-widget-container\">\n\t\t\t\t\t\t\t\t\t<p>4. Entrega<\/p>\t\t\t\t\t\t\t\t<\/div>\n\t\t\t\t<\/div>\n\t\t\t\t<div class=\"elementor-element elementor-element-6c50a25 elementor-widget elementor-widget-text-editor\" data-id=\"6c50a25\" data-element_type=\"widget\" data-widget_type=\"text-editor.default\">\n\t\t\t\t<div class=\"elementor-widget-container\">\n\t\t\t\t\t\t\t\t\t<p>4.1. Los t\u00e9rminos de entrega se especifican en la confirmaci\u00f3n del pedido e indican la fecha aproximada en que la mercanc\u00eda estar\u00e1 lista para su expedici\u00f3n.<\/p><p>4.2. Alpana d.o.o. tiene derecho a realizar entregas parciales, a menos que el Comprador se oponga expresamente por escrito a dichas entregas en un plazo de 3 d\u00edas desde la confirmaci\u00f3n del pedido. La objeci\u00f3n deber\u00e1 presentarse por correo electr\u00f3nico. Si el Comprador no formula oposici\u00f3n dentro de este plazo, se considerar\u00e1 que ha dado su conformidad a las entregas parciales.  <\/p><p>4.3. Si el Comprador cancela el pedido despu\u00e9s de su confirmaci\u00f3n, estar\u00e1 obligado a indemnizar todos los costes y gastos incurridos por Alpana d.o.o., entre otros, los de materiales, producci\u00f3n y log\u00edstica. Alpana d.o.o. informar\u00e1 al Comprador de esta indemnizaci\u00f3n y dicho documento ser\u00e1 tratado como obligaci\u00f3n de pago exigible. En caso de demora en el pago, Alpana d.o.o. cobrar\u00e1 tambi\u00e9n al Comprador los intereses legales de mora de conformidad con la legislaci\u00f3n eslovena.  <\/p><p>4.4. El riesgo de p\u00e9rdida o da\u00f1o de los productos se transfiere al Comprador en el momento en que estos se entregan al transportista en el punto de entrega EXW, incluso si Alpana d.o.o. organiza el transporte.<\/p>\t\t\t\t\t\t\t\t<\/div>\n\t\t\t\t<\/div>\n\t\t\t\t<div class=\"elementor-element elementor-element-3b3677c elementor-widget elementor-widget-text-editor\" data-id=\"3b3677c\" data-element_type=\"widget\" data-widget_type=\"text-editor.default\">\n\t\t\t\t<div class=\"elementor-widget-container\">\n\t\t\t\t\t\t\t\t\t5. Calidad y Garant\u00eda\t\t\t\t\t\t\t\t<\/div>\n\t\t\t\t<\/div>\n\t\t\t\t<div class=\"elementor-element elementor-element-67aadf1 elementor-widget elementor-widget-text-editor\" data-id=\"67aadf1\" data-element_type=\"widget\" data-widget_type=\"text-editor.default\">\n\t\t\t\t<div class=\"elementor-widget-container\">\n\t\t\t\t\t\t\t\t\t<p>5.1. Alpana d.o.o. garantiza que los productos est\u00e1n listos para su uso, cumplen con la Documentaci\u00f3n T\u00e9cnica (TDS) que se proporciona en su sitio web (enlace: <a href=\"https:\/\/alpana-seals.com\/es\/productos\/elastomeros-de-poliuretano\/max-h-pur\/\">https:\/\/alpana-seals.com\/products\/polyurethane-elastomers\/max-h-pur\/<\/a>) y son adecuados para los fines indicados.<\/p><p>5.2. Las reclamaciones relativas a la cantidad ser\u00e1n aceptadas por escrito dentro de los 15 d\u00edas posteriores a la entrega de la mercanc\u00eda al Comprador. Las reclamaciones por calidad ser\u00e1n aceptadas por escrito dentro de los 15 d\u00edas a partir de la fecha de descubrimiento del defecto. Las reclamaciones sobre cantidad y\/o calidad deber\u00e1n indicar el n\u00famero de lote, la factura, la fecha de recepci\u00f3n \u2014incluyendo el documento que acredite dicha fecha\u2014 e incluir una descripci\u00f3n detallada de la reclamaci\u00f3n. Asimismo, es obligatorio que la reclamaci\u00f3n incluya una fotograf\u00eda de la etiqueta del producto y de cualquier desviaci\u00f3n o da\u00f1o denunciado. Las reclamaciones que no est\u00e9n documentadas en su totalidad o que solo lo est\u00e9n parcialmente (por ejemplo, se fotograf\u00eda una desviaci\u00f3n pero se enumeran varias otras sin fotografiarlas) no ser\u00e1n consideradas en su integridad. Si Alpana d.o.o. considera necesario que se le devuelvan las mercanc\u00edas para evaluar la reclamaci\u00f3n, lo notificar\u00e1 al Comprador, quien deber\u00e1 hacerlo dentro de un plazo razonable (no superior a 30 d\u00edas). Si el Comprador rechazara dicha solicitud, se considerar\u00e1 autom\u00e1ticamente que ha renunciado a la reclamaci\u00f3n.      <\/p><p>5.3. Las desviaciones menores (como las de color, geometr\u00eda o apariencia) que no afecten a la funcionalidad no ser\u00e1n objeto de reclamaci\u00f3n.<\/p><p>5.4. No se admitir\u00e1n reclamaciones derivadas de un almacenamiento o uso inadecuado por parte del Comprador.<\/p>\t\t\t\t\t\t\t\t<\/div>\n\t\t\t\t<\/div>\n\t\t\t\t<div class=\"elementor-element elementor-element-e171c3d elementor-widget elementor-widget-text-editor\" data-id=\"e171c3d\" data-element_type=\"widget\" data-widget_type=\"text-editor.default\">\n\t\t\t\t<div class=\"elementor-widget-container\">\n\t\t\t\t\t\t\t\t\t6. Confidencialidad y Propiedad Intelectual\t\t\t\t\t\t\t\t<\/div>\n\t\t\t\t<\/div>\n\t\t\t\t<div class=\"elementor-element elementor-element-5c5a93b elementor-widget elementor-widget-text-editor\" data-id=\"5c5a93b\" data-element_type=\"widget\" data-widget_type=\"text-editor.default\">\n\t\t\t\t<div class=\"elementor-widget-container\">\n\t\t\t\t\t\t\t\t\t<p>6.1. Se considerar\u00e1 confidencial toda informaci\u00f3n t\u00e9cnica, comercial o de otra \u00edndole \u2014en particular, precios, descuentos, m\u00e9todos de pago y divisa de pago\u2014 intercambiada durante la cooperaci\u00f3n o negociaci\u00f3n entre Alpana d.o.o., el Comprador o un potencial comprador.<\/p><p>6.2. El Comprador (y el potencial comprador) se compromete a no divulgar dicha informaci\u00f3n a terceros sin el consentimiento por escrito de Alpana d.o.o.<\/p><p>6.3. Todas las muestras, planos, f\u00f3rmulas, recetas y metodolog\u00edas son propiedad exclusiva de Alpana d.o.o., incluso si han sido desarrolladas a solicitud o con la ayuda del Comprador (o del potencial comprador).<\/p>\t\t\t\t\t\t\t\t<\/div>\n\t\t\t\t<\/div>\n\t\t\t\t<div class=\"elementor-element elementor-element-0a6e2a6 elementor-widget elementor-widget-text-editor\" data-id=\"0a6e2a6\" data-element_type=\"widget\" data-widget_type=\"text-editor.default\">\n\t\t\t\t<div class=\"elementor-widget-container\">\n\t\t\t\t\t\t\t\t\t7. Control de Exportaciones\t\t\t\t\t\t\t\t<\/div>\n\t\t\t\t<\/div>\n\t\t\t\t<div class=\"elementor-element elementor-element-5552913 elementor-widget elementor-widget-text-editor\" data-id=\"5552913\" data-element_type=\"widget\" data-widget_type=\"text-editor.default\">\n\t\t\t\t<div class=\"elementor-widget-container\">\n\t\t\t\t\t\t\t\t\t<p>7.1. El Comprador est\u00e1 obligado a cumplir con toda la normativa de control de exportaciones aplicable, incluida la legislaci\u00f3n de la UE y las leyes del pa\u00eds de destino.<\/p><p>7.2. Alpana d.o.o. no asume responsabilidad alguna por el uso de los productos en pa\u00edses o para fines sujetos a restricciones.<\/p>\t\t\t\t\t\t\t\t<\/div>\n\t\t\t\t<\/div>\n\t\t\t\t<div class=\"elementor-element elementor-element-1f16d2a elementor-widget elementor-widget-text-editor\" data-id=\"1f16d2a\" data-element_type=\"widget\" data-widget_type=\"text-editor.default\">\n\t\t\t\t<div class=\"elementor-widget-container\">\n\t\t\t\t\t\t\t\t\t8. Fuerza Mayor y Caso Fortuito\t\t\t\t\t\t\t\t<\/div>\n\t\t\t\t<\/div>\n\t\t\t\t<div class=\"elementor-element elementor-element-8b58046 elementor-widget elementor-widget-text-editor\" data-id=\"8b58046\" data-element_type=\"widget\" data-widget_type=\"text-editor.default\">\n\t\t\t\t<div class=\"elementor-widget-container\">\n\t\t\t\t\t\t\t\t\t<p>8.1. Las reclamaciones por fuerza mayor se regir\u00e1n por la legislaci\u00f3n eslovena.<\/p><p>8.2. Alpana d.o.o. tiene derecho a suspender sus obligaciones en caso de fuerza mayor sin indemnizaci\u00f3n alguna para el Comprador.<\/p>\t\t\t\t\t\t\t\t<\/div>\n\t\t\t\t<\/div>\n\t\t\t\t<div class=\"elementor-element elementor-element-7fce703 elementor-widget elementor-widget-text-editor\" data-id=\"7fce703\" data-element_type=\"widget\" data-widget_type=\"text-editor.default\">\n\t\t\t\t<div class=\"elementor-widget-container\">\n\t\t\t\t\t\t\t\t\t9. Ley Aplicable y Resoluci\u00f3n de Conflictos\t\t\t\t\t\t\t\t<\/div>\n\t\t\t\t<\/div>\n\t\t\t\t<div class=\"elementor-element elementor-element-ae433a3 elementor-widget elementor-widget-text-editor\" data-id=\"ae433a3\" data-element_type=\"widget\" data-widget_type=\"text-editor.default\">\n\t\t\t\t<div class=\"elementor-widget-container\">\n\t\t\t\t\t\t\t\t\t<p>9.1. Los presentes T\u00e9rminos se rigen por las leyes de la Rep\u00fablica de Eslovenia.<\/p><p>9.2. Las partes se esforzar\u00e1n por resolver las controversias de manera amistosa.<\/p><p>9.3. De no ser posible dicha resoluci\u00f3n, las controversias ser\u00e1n competencia de los tribunales de Liubliana (Eslovenia).<\/p>\t\t\t\t\t\t\t\t<\/div>\n\t\t\t\t<\/div>\n\t\t\t\t<div class=\"elementor-element elementor-element-ac02e3c elementor-widget elementor-widget-text-editor\" data-id=\"ac02e3c\" data-element_type=\"widget\" data-widget_type=\"text-editor.default\">\n\t\t\t\t<div class=\"elementor-widget-container\">\n\t\t\t\t\t\t\t\t\t<p>10. Exclusi\u00f3n de Responsabilidad por Productos<\/p>\t\t\t\t\t\t\t\t<\/div>\n\t\t\t\t<\/div>\n\t\t\t\t<div class=\"elementor-element elementor-element-44d2936 elementor-widget elementor-widget-text-editor\" data-id=\"44d2936\" data-element_type=\"widget\" data-widget_type=\"text-editor.default\">\n\t\t\t\t<div class=\"elementor-widget-container\">\n\t\t\t\t\t\t\t\t\t<p>10.1. Alpana d.o.o. comercializa productos semielaborados destinados a un posterior procesamiento para la fabricaci\u00f3n de productos finales, tales como juntas y componentes t\u00e9cnicos.<\/p><p>10.2. Alpana d.o.o. no asume responsabilidad alguna por la calidad, seguridad o conformidad de los productos finales fabricados por el Comprador o por terceros utilizando los productos semielaborados suministrados.<\/p><p>10.3. La responsabilidad total de Alpana d.o.o. no exceder\u00e1 del precio de compra de los bienes en cuesti\u00f3n. En ning\u00fan caso Alpana d.o.o. ser\u00e1 responsable por da\u00f1os indirectos, incidentales o consecuentes.  <\/p>\t\t\t\t\t\t\t\t<\/div>\n\t\t\t\t<\/div>\n\t\t\t\t<\/div>\n\t\t\t\t\t<\/div>\n\t\t\t\t<\/div>\n\t\t<div class=\"elementor-element elementor-element-87ee81 e-flex e-con-boxed e-con e-parent\" data-id=\"87ee81\" data-element_type=\"container\">\n\t\t\t\t\t<div class=\"e-con-inner\">\n\t\t<div class=\"elementor-element elementor-element-277517d6 e-con-full e-flex e-con e-child\" data-id=\"277517d6\" data-element_type=\"container\" data-settings=\"{&quot;background_background&quot;:&quot;classic&quot;}\">\n\t\t\t\t<div class=\"elementor-element elementor-element-7ef2719a elementor-widget elementor-widget-heading\" data-id=\"7ef2719a\" data-element_type=\"widget\" data-widget_type=\"heading.default\">\n\t\t\t\t<div class=\"elementor-widget-container\">\n\t\t\t\t\t<h2 class=\"elementor-heading-title elementor-size-default\">\u00bfListo para hablar con un experto?<\/h2>\t\t\t\t<\/div>\n\t\t\t\t<\/div>\n\t\t\t\t<div class=\"elementor-element elementor-element-7a253951 elementor-widget elementor-widget-text-editor\" data-id=\"7a253951\" data-element_type=\"widget\" data-widget_type=\"text-editor.default\">\n\t\t\t\t<div class=\"elementor-widget-container\">\n\t\t\t\t\t\t\t\t\tEncontremos el material y la soluci\u00f3n adecuados para su aplicaci\u00f3n de sellado: r\u00e1pido, preciso y fiable.\t\t\t\t\t\t\t\t<\/div>\n\t\t\t\t<\/div>\n\t\t\t\t<div class=\"elementor-element elementor-element-1e33f2c2 elementor-align-center elementor-widget elementor-widget-button\" data-id=\"1e33f2c2\" data-element_type=\"widget\" data-widget_type=\"button.default\">\n\t\t\t\t<div class=\"elementor-widget-container\">\n\t\t\t\t\t\t\t\t\t<div class=\"elementor-button-wrapper\">\n\t\t\t\t\t<a class=\"elementor-button elementor-button-link elementor-size-sm\" href=\"#\">\n\t\t\t\t\t\t<span class=\"elementor-button-content-wrapper\">\n\t\t\t\t\t\t\t\t\t<span class=\"elementor-button-text\">Cont\u00e1ctenos<\/span>\n\t\t\t\t\t<\/span>\n\t\t\t\t\t<\/a>\n\t\t\t\t<\/div>\n\t\t\t\t\t\t\t\t<\/div>\n\t\t\t\t<\/div>\n\t\t\t\t<\/div>\n\t\t\t\t\t<\/div>\n\t\t\t\t<\/div>\n\t\t\t\t<\/div>\n\t\t","protected":false},"excerpt":{"rendered":"<p>General Terms and Conditions 1. Disposiciones Generales 1.1. Las presentes Condiciones Generales rigen todas las relaciones comerciales entre Alpana d.o.o. y el Comprador. 1.2. Las presentes Condiciones Generales se aplican en particular a la compraventa y entrega de bienes muebles, independientemente de que los bienes sean fabricados por nosotros o adquiridos a terceros (proveedores).Asimismo, las [&hellip;]<\/p>\n","protected":false},"author":2,"featured_media":0,"parent":0,"menu_order":0,"comment_status":"closed","ping_status":"closed","template":"","meta":{"footnotes":""},"class_list":["post-1863","page","type-page","status-publish","hentry"],"_links":{"self":[{"href":"https:\/\/alpana-seals.com\/es\/wp-json\/wp\/v2\/pages\/1863","targetHints":{"allow":["GET"]}}],"collection":[{"href":"https:\/\/alpana-seals.com\/es\/wp-json\/wp\/v2\/pages"}],"about":[{"href":"https:\/\/alpana-seals.com\/es\/wp-json\/wp\/v2\/types\/page"}],"author":[{"embeddable":true,"href":"https:\/\/alpana-seals.com\/es\/wp-json\/wp\/v2\/users\/2"}],"replies":[{"embeddable":true,"href":"https:\/\/alpana-seals.com\/es\/wp-json\/wp\/v2\/comments?post=1863"}],"version-history":[{"count":9,"href":"https:\/\/alpana-seals.com\/es\/wp-json\/wp\/v2\/pages\/1863\/revisions"}],"predecessor-version":[{"id":2910,"href":"https:\/\/alpana-seals.com\/es\/wp-json\/wp\/v2\/pages\/1863\/revisions\/2910"}],"wp:attachment":[{"href":"https:\/\/alpana-seals.com\/es\/wp-json\/wp\/v2\/media?parent=1863"}],"curies":[{"name":"wp","href":"https:\/\/api.w.org\/{rel}","templated":true}]}}