{"id":1846,"date":"2025-10-07T08:29:39","date_gmt":"2025-10-07T08:29:39","guid":{"rendered":"https:\/\/alpana-seals.com\/sobre-nosotros\/"},"modified":"2026-01-29T21:46:34","modified_gmt":"2026-01-29T21:46:34","slug":"sobre-nosotros","status":"publish","type":"page","link":"https:\/\/alpana-seals.com\/es\/sobre-nosotros\/","title":{"rendered":"Sobre Nosotros"},"content":{"rendered":"\t\t<div data-elementor-type=\"wp-page\" data-elementor-id=\"1846\" class=\"elementor elementor-1846 elementor-1006\" data-elementor-post-type=\"page\">\n\t\t\t\t<div class=\"elementor-element elementor-element-31b70d4 e-flex e-con-boxed e-con e-parent\" data-id=\"31b70d4\" data-element_type=\"container\">\n\t\t\t\t\t<div class=\"e-con-inner\">\n\t\t<div class=\"elementor-element elementor-element-f7b0c6b e-con-full e-flex e-con e-child\" data-id=\"f7b0c6b\" data-element_type=\"container\" data-settings=\"{&quot;background_background&quot;:&quot;classic&quot;}\">\n\t\t\t\t<div class=\"elementor-element elementor-element-f60748f elementor-widget__width-initial elementor-widget elementor-widget-heading\" data-id=\"f60748f\" data-element_type=\"widget\" data-widget_type=\"heading.default\">\n\t\t\t\t<div class=\"elementor-widget-container\">\n\t\t\t\t\t<h2 class=\"elementor-heading-title elementor-size-default\">Sobre Nosotros<\/h2>\t\t\t\t<\/div>\n\t\t\t\t<\/div>\n\t\t\t\t<\/div>\n\t\t\t\t\t<\/div>\n\t\t\t\t<\/div>\n\t\t<div class=\"elementor-element elementor-element-390f9a9 e-flex e-con-boxed e-con e-parent\" data-id=\"390f9a9\" data-element_type=\"container\">\n\t\t\t\t\t<div class=\"e-con-inner\">\n\t\t<div class=\"elementor-element elementor-element-27f1c9d e-con-full e-flex e-con e-child\" data-id=\"27f1c9d\" data-element_type=\"container\">\n\t\t\t\t<\/div>\n\t\t<div class=\"elementor-element elementor-element-05b6863 e-con-full e-flex e-con e-child\" data-id=\"05b6863\" data-element_type=\"container\">\n\t\t<div class=\"elementor-element elementor-element-a6ad8af e-con-full e-flex e-con e-child\" data-id=\"a6ad8af\" data-element_type=\"container\">\n\t\t\t\t<div class=\"elementor-element elementor-element-267e597 elementor-widget elementor-widget-text-editor\" data-id=\"267e597\" data-element_type=\"widget\" data-widget_type=\"text-editor.default\">\n\t\t\t\t<div class=\"elementor-widget-container\">\n\t\t\t\t\t\t\t\t\t<p>Alpana, una empresa internacional de materias primas para sellado, ha logrado su reputaci\u00f3n como proveedor confiable de excelencia a trav\u00e9s de un compromiso inquebrantable con el futuro y la mejora continua. Priorizamos el crecimiento y desarrollo de nuestros productos, as\u00ed como de nuestros empleados, clientes, proveedores y socios. <br><br>Nuestros valores fundamentales est\u00e1n vinculados a ofrecer una calidad excepcional, una resoluci\u00f3n efectiva de problemas y la satisfacci\u00f3n total del cliente. Estos principios gu\u00edan todos los aspectos de nuestro negocio y contribuyen a nuestro continuo \u00e9xito. <\/p>\t\t\t\t\t\t\t\t<\/div>\n\t\t\t\t<\/div>\n\t\t\t\t<div class=\"elementor-element elementor-element-a736acb elementor-widget elementor-widget-heading\" data-id=\"a736acb\" data-element_type=\"widget\" data-widget_type=\"heading.default\">\n\t\t\t\t<div class=\"elementor-widget-container\">\n\t\t\t\t\t<h2 class=\"elementor-heading-title elementor-size-default\">NUESTRA VISI\u00d3N<\/h2>\t\t\t\t<\/div>\n\t\t\t\t<\/div>\n\t\t<div class=\"elementor-element elementor-element-c5fc946 e-con-full e-flex e-con e-child\" data-id=\"c5fc946\" data-element_type=\"container\">\n\t\t<div class=\"elementor-element elementor-element-a96286e e-con-full e-flex e-con e-child\" data-id=\"a96286e\" data-element_type=\"container\">\n\t\t\t\t<div class=\"elementor-element elementor-element-e71d42a elementor-widget elementor-widget-text-editor\" data-id=\"e71d42a\" data-element_type=\"widget\" data-widget_type=\"text-editor.default\">\n\t\t\t\t<div class=\"elementor-widget-container\">\n\t\t\t\t\t\t\t\t\tALPANA se visualiza como l\u00edder en el proceso de producci\u00f3n de sellos. Esto abarca caracter\u00edsticas como la atenci\u00f3n al detalle, la calidad premium y, lo m\u00e1s importante, la realizaci\u00f3n de los deseos de los clientes. \t\t\t\t\t\t\t\t<\/div>\n\t\t\t\t<\/div>\n\t\t\t\t<\/div>\n\t\t<div class=\"elementor-element elementor-element-6042e33 e-con-full e-flex e-con e-child\" data-id=\"6042e33\" data-element_type=\"container\">\n\t\t\t\t<div class=\"elementor-element elementor-element-7375692 elementor-widget elementor-widget-text-editor\" data-id=\"7375692\" data-element_type=\"widget\" data-widget_type=\"text-editor.default\">\n\t\t\t\t<div class=\"elementor-widget-container\">\n\t\t\t\t\t\t\t\t\tALPANA aspira a ser un actor dominante y el principal impulsor de las futuras innovaciones en el campo de la tecnolog\u00eda de sellos. Cuando se piensa en sellos y calidad, se piensa en ALPANA; de ah\u00ed nuestro lema: \u00ab\u00a1Siente la Mejora!\u00bb (\u00abFeel The Upgrade\u00bb). \t\t\t\t\t\t\t\t<\/div>\n\t\t\t\t<\/div>\n\t\t\t\t<\/div>\n\t\t\t\t<\/div>\n\t\t\t\t<div class=\"elementor-element elementor-element-e451a3f elementor-widget elementor-widget-heading\" data-id=\"e451a3f\" data-element_type=\"widget\" data-widget_type=\"heading.default\">\n\t\t\t\t<div class=\"elementor-widget-container\">\n\t\t\t\t\t<h2 class=\"elementor-heading-title elementor-size-default\">NUESTRA MISI\u00d3N<\/h2>\t\t\t\t<\/div>\n\t\t\t\t<\/div>\n\t\t<div class=\"elementor-element elementor-element-3bd230a e-con-full e-flex e-con e-child\" data-id=\"3bd230a\" data-element_type=\"container\">\n\t\t<div class=\"elementor-element elementor-element-1234a66 e-con-full e-flex e-con e-child\" data-id=\"1234a66\" data-element_type=\"container\">\n\t\t\t\t<div class=\"elementor-element elementor-element-f17aa3b elementor-widget elementor-widget-text-editor\" data-id=\"f17aa3b\" data-element_type=\"widget\" data-widget_type=\"text-editor.default\">\n\t\t\t\t<div class=\"elementor-widget-container\">\n\t\t\t\t\t\t\t\t\tLa misi\u00f3n de ALPANA es sencilla: proporcionar productos de alta calidad a los precios m\u00e1s competitivos para lograr la mayor satisfacci\u00f3n imaginable del cliente. ALPANA est\u00e1 presente en todos los mercados globales, ofreciendo a los clientes una variedad de soluciones para obtener resultados efectivos, confiables y de calidad. \t\t\t\t\t\t\t\t<\/div>\n\t\t\t\t<\/div>\n\t\t\t\t<\/div>\n\t\t<div class=\"elementor-element elementor-element-e1085e0 e-con-full e-flex e-con e-child\" data-id=\"e1085e0\" data-element_type=\"container\">\n\t\t\t\t<div class=\"elementor-element elementor-element-5e68189 elementor-widget elementor-widget-text-editor\" data-id=\"5e68189\" data-element_type=\"widget\" data-widget_type=\"text-editor.default\">\n\t\t\t\t<div class=\"elementor-widget-container\">\n\t\t\t\t\t\t\t\t\tCuando el equipo de los clientes no permite alcanzar los resultados necesarios, ALPANA ofrece el servicio de recomendar y producir sellos de cualquier tipo y de una amplia gama. No somos simplemente otro proveedor, sino tambi\u00e9n un consultor y una autoridad en todo lo relacionado con sellos. \t\t\t\t\t\t\t\t<\/div>\n\t\t\t\t<\/div>\n\t\t\t\t<\/div>\n\t\t\t\t<\/div>\n\t\t\t\t<div class=\"elementor-element elementor-element-ff3dd5e elementor-widget elementor-widget-heading\" data-id=\"ff3dd5e\" data-element_type=\"widget\" data-widget_type=\"heading.default\">\n\t\t\t\t<div class=\"elementor-widget-container\">\n\t\t\t\t\t<h2 class=\"elementor-heading-title elementor-size-default\">VIDEO Sobre Nosotros<\/h2>\t\t\t\t<\/div>\n\t\t\t\t<\/div>\n\t\t\t\t<div class=\"elementor-element elementor-element-33e6885 elementor-widget elementor-widget-video\" data-id=\"33e6885\" data-element_type=\"widget\" data-settings=\"{&quot;youtube_url&quot;:&quot;https:\\\/\\\/youtu.be\\\/7QG1wuTy9KA?si=xUHDzVnKb7qFBekD&quot;,&quot;video_type&quot;:&quot;youtube&quot;,&quot;controls&quot;:&quot;yes&quot;}\" data-widget_type=\"video.default\">\n\t\t\t\t<div class=\"elementor-widget-container\">\n\t\t\t\t\t\t\t<div class=\"elementor-wrapper elementor-open-inline\">\n\t\t\t<div class=\"elementor-video\"><\/div>\t\t<\/div>\n\t\t\t\t\t\t<\/div>\n\t\t\t\t<\/div>\n\t\t\t\t<\/div>\n\t\t\t\t<\/div>\n\t\t\t\t\t<\/div>\n\t\t\t\t<\/div>\n\t\t<div class=\"elementor-element elementor-element-3f5db51 e-flex e-con-boxed e-con e-parent\" data-id=\"3f5db51\" data-element_type=\"container\">\n\t\t\t\t\t<div class=\"e-con-inner\">\n\t\t<div class=\"elementor-element elementor-element-41562d99 e-con-full e-flex e-con e-child\" data-id=\"41562d99\" data-element_type=\"container\" data-settings=\"{&quot;background_background&quot;:&quot;classic&quot;}\">\n\t\t\t\t<div class=\"elementor-element elementor-element-346af2c elementor-widget elementor-widget-heading\" data-id=\"346af2c\" data-element_type=\"widget\" data-widget_type=\"heading.default\">\n\t\t\t\t<div class=\"elementor-widget-container\">\n\t\t\t\t\t<h2 class=\"elementor-heading-title elementor-size-default\">\u00bfListo para hablar con un experto?<\/h2>\t\t\t\t<\/div>\n\t\t\t\t<\/div>\n\t\t\t\t<div class=\"elementor-element elementor-element-14cebd3b elementor-widget elementor-widget-text-editor\" data-id=\"14cebd3b\" data-element_type=\"widget\" data-widget_type=\"text-editor.default\">\n\t\t\t\t<div class=\"elementor-widget-container\">\n\t\t\t\t\t\t\t\t\tImpulsemos tus operaciones con sistemas de movimiento y rob\u00f3tica m\u00e1s inteligentes\t\t\t\t\t\t\t\t<\/div>\n\t\t\t\t<\/div>\n\t\t\t\t<div class=\"elementor-element elementor-element-21899247 elementor-align-center elementor-widget elementor-widget-button\" data-id=\"21899247\" data-element_type=\"widget\" data-widget_type=\"button.default\">\n\t\t\t\t<div class=\"elementor-widget-container\">\n\t\t\t\t\t\t\t\t\t<div class=\"elementor-button-wrapper\">\n\t\t\t\t\t<a class=\"elementor-button elementor-button-link elementor-size-sm\" href=\"#elementor-action%3Aaction%3Dpopup%3Aopen%26settings%3DeyJpZCI6MTE5MywidG9nZ2xlIjpmYWxzZX0%3D\">\n\t\t\t\t\t\t<span class=\"elementor-button-content-wrapper\">\n\t\t\t\t\t\t\t\t\t<span class=\"elementor-button-text\">Cont\u00e1ctenos<\/span>\n\t\t\t\t\t<\/span>\n\t\t\t\t\t<\/a>\n\t\t\t\t<\/div>\n\t\t\t\t\t\t\t\t<\/div>\n\t\t\t\t<\/div>\n\t\t\t\t<\/div>\n\t\t\t\t\t<\/div>\n\t\t\t\t<\/div>\n\t\t\t\t<\/div>\n\t\t","protected":false},"excerpt":{"rendered":"<p>Sobre Nosotros Alpana, una empresa internacional de materias primas para sellado, ha logrado su reputaci\u00f3n como proveedor confiable de excelencia a trav\u00e9s de un compromiso inquebrantable con el futuro y la mejora continua. Priorizamos el crecimiento y desarrollo de nuestros productos, as\u00ed como de nuestros empleados, clientes, proveedores y socios. Nuestros valores fundamentales est\u00e1n vinculados [&hellip;]<\/p>\n","protected":false},"author":2,"featured_media":0,"parent":0,"menu_order":0,"comment_status":"closed","ping_status":"closed","template":"","meta":{"footnotes":""},"class_list":["post-1846","page","type-page","status-publish","hentry"],"_links":{"self":[{"href":"https:\/\/alpana-seals.com\/es\/wp-json\/wp\/v2\/pages\/1846","targetHints":{"allow":["GET"]}}],"collection":[{"href":"https:\/\/alpana-seals.com\/es\/wp-json\/wp\/v2\/pages"}],"about":[{"href":"https:\/\/alpana-seals.com\/es\/wp-json\/wp\/v2\/types\/page"}],"author":[{"embeddable":true,"href":"https:\/\/alpana-seals.com\/es\/wp-json\/wp\/v2\/users\/2"}],"replies":[{"embeddable":true,"href":"https:\/\/alpana-seals.com\/es\/wp-json\/wp\/v2\/comments?post=1846"}],"version-history":[{"count":4,"href":"https:\/\/alpana-seals.com\/es\/wp-json\/wp\/v2\/pages\/1846\/revisions"}],"predecessor-version":[{"id":1860,"href":"https:\/\/alpana-seals.com\/es\/wp-json\/wp\/v2\/pages\/1846\/revisions\/1860"}],"wp:attachment":[{"href":"https:\/\/alpana-seals.com\/es\/wp-json\/wp\/v2\/media?parent=1846"}],"curies":[{"name":"wp","href":"https:\/\/api.w.org\/{rel}","templated":true}]}}