{"id":2223,"date":"2025-07-22T10:41:23","date_gmt":"2025-07-22T10:41:23","guid":{"rendered":"https:\/\/alpana-seals.com\/industrien\/"},"modified":"2026-02-04T13:58:04","modified_gmt":"2026-02-04T13:58:04","slug":"industrien","status":"publish","type":"page","link":"https:\/\/alpana-seals.com\/de\/industrien\/","title":{"rendered":"Industrien"},"content":{"rendered":"\t\t<div data-elementor-type=\"wp-page\" data-elementor-id=\"2223\" class=\"elementor elementor-2223 elementor-227\" data-elementor-post-type=\"page\">\n\t\t\t\t<div class=\"elementor-element elementor-element-31b70d4 e-flex e-con-boxed e-con e-parent\" data-id=\"31b70d4\" data-element_type=\"container\">\n\t\t\t\t\t<div class=\"e-con-inner\">\n\t\t<div class=\"elementor-element elementor-element-f7b0c6b e-con-full e-flex e-con e-child\" data-id=\"f7b0c6b\" data-element_type=\"container\" data-settings=\"{&quot;background_background&quot;:&quot;classic&quot;}\">\n\t\t\t\t<div class=\"elementor-element elementor-element-f60748f elementor-widget__width-initial elementor-widget elementor-widget-heading\" data-id=\"f60748f\" data-element_type=\"widget\" data-widget_type=\"heading.default\">\n\t\t\t\t<div class=\"elementor-widget-container\">\n\t\t\t\t\t<h2 class=\"elementor-heading-title elementor-size-default\">Branchen, in denen Polyurethan-Dichtungen eingesetzt werden<\/h2>\t\t\t\t<\/div>\n\t\t\t\t<\/div>\n\t\t\t\t<\/div>\n\t\t\t\t\t<\/div>\n\t\t\t\t<\/div>\n\t\t<div class=\"elementor-element elementor-element-390f9a9 e-flex e-con-boxed e-con e-parent\" data-id=\"390f9a9\" data-element_type=\"container\">\n\t\t\t\t\t<div class=\"e-con-inner\">\n\t\t<div class=\"elementor-element elementor-element-27f1c9d e-con-full e-flex e-con e-child\" data-id=\"27f1c9d\" data-element_type=\"container\">\n\t\t\t\t<\/div>\n\t\t<div class=\"elementor-element elementor-element-05b6863 e-con-full e-flex e-con e-child\" data-id=\"05b6863\" data-element_type=\"container\">\n\t\t<div class=\"elementor-element elementor-element-a6ad8af e-con-full e-flex e-con e-child\" data-id=\"a6ad8af\" data-element_type=\"container\">\n\t\t\t\t<div class=\"elementor-element elementor-element-354b04b elementor-widget elementor-widget-heading\" data-id=\"354b04b\" data-element_type=\"widget\" data-widget_type=\"heading.default\">\n\t\t\t\t<div class=\"elementor-widget-container\">\n\t\t\t\t\t<h2 class=\"elementor-heading-title elementor-size-default\">Hydraulik und Pneumatik<\/h2>\t\t\t\t<\/div>\n\t\t\t\t<\/div>\n\t\t\t\t<div class=\"elementor-element elementor-element-267e597 elementor-widget elementor-widget-text-editor\" data-id=\"267e597\" data-element_type=\"widget\" data-widget_type=\"text-editor.default\">\n\t\t\t\t<div class=\"elementor-widget-container\">\n\t\t\t\t\t\t\t\t\tPolyurethan-Dichtungen werden in Hydraulikzylindern, Pumpen, Ventilen und anderen Komponenten eingesetzt, bei denen eine Hochdruckabdichtung unerl\u00e4sslich ist.\t\t\t\t\t\t\t\t<\/div>\n\t\t\t\t<\/div>\n\t\t\t\t<div class=\"elementor-element elementor-element-a736acb elementor-widget elementor-widget-heading\" data-id=\"a736acb\" data-element_type=\"widget\" data-widget_type=\"heading.default\">\n\t\t\t\t<div class=\"elementor-widget-container\">\n\t\t\t\t\t<h2 class=\"elementor-heading-title elementor-size-default\">Warum werden sie eingesetzt:<\/h2>\t\t\t\t<\/div>\n\t\t\t\t<\/div>\n\t\t\t\t<div class=\"elementor-element elementor-element-909b986 elementor-widget elementor-widget-text-editor\" data-id=\"909b986\" data-element_type=\"widget\" data-widget_type=\"text-editor.default\">\n\t\t\t\t<div class=\"elementor-widget-container\">\n\t\t\t\t\t\t\t\t\t<ul><li>Best\u00e4ndigkeit gegen\u00fcber mechanischer Beanspruchung<\/li><li>Erh\u00f6hte Verschlei\u00dffestigkeit<\/li><li>Betrieb bei Temperaturschwankungen<\/li><\/ul>\t\t\t\t\t\t\t\t<\/div>\n\t\t\t\t<\/div>\n\t\t\t\t<\/div>\n\t\t<a class=\"eael-wrapper-link-94e9697 --eael-wrapper-link-tag\" href=\"\/industrials\/mining-industry\/\"><\/a><div data-eael-wrapper-link=\"eael-wrapper-link-94e9697\" class=\"elementor-element elementor-element-94e9697 e-con-full e-flex e-con e-child\" data-id=\"94e9697\" data-element_type=\"container\">\n\t\t\t\t<div class=\"elementor-element elementor-element-2e39da8 elementor-widget elementor-widget-heading\" data-id=\"2e39da8\" data-element_type=\"widget\" data-widget_type=\"heading.default\">\n\t\t\t\t<div class=\"elementor-widget-container\">\n\t\t\t\t\t<h2 class=\"elementor-heading-title elementor-size-default\">Bergbauindustrie<\/h2>\t\t\t\t<\/div>\n\t\t\t\t<\/div>\n\t\t\t\t<div class=\"elementor-element elementor-element-9caee84 elementor-widget elementor-widget-text-editor\" data-id=\"9caee84\" data-element_type=\"widget\" data-widget_type=\"text-editor.default\">\n\t\t\t\t<div class=\"elementor-widget-container\">\n\t\t\t\t\t\t\t\t\tMaschinen, die in Minen und Steinbr\u00fcchen arbeiten, sind extremen Belastungen und abrasivem Verschlei\u00df ausgesetzt. Dichtungen sch\u00fctzen Mechanismen vor Staub, Schmutz und Feuchtigkeit. \t\t\t\t\t\t\t\t<\/div>\n\t\t\t\t<\/div>\n\t\t\t\t<div class=\"elementor-element elementor-element-ee1472b elementor-widget elementor-widget-heading\" data-id=\"ee1472b\" data-element_type=\"widget\" data-widget_type=\"heading.default\">\n\t\t\t\t<div class=\"elementor-widget-container\">\n\t\t\t\t\t<h2 class=\"elementor-heading-title elementor-size-default\">Warum werden sie eingesetzt:<\/h2>\t\t\t\t<\/div>\n\t\t\t\t<\/div>\n\t\t\t\t<div class=\"elementor-element elementor-element-137456c elementor-widget elementor-widget-text-editor\" data-id=\"137456c\" data-element_type=\"widget\" data-widget_type=\"text-editor.default\">\n\t\t\t\t<div class=\"elementor-widget-container\">\n\t\t\t\t\t\t\t\t\t<ul><li>Hohe Rei\u00dffestigkeit<\/li><li>Abriebfestigkeit<\/li><li>Zuverl\u00e4ssige Leistung unter extremen Umgebungsbedingungen<\/li><\/ul>\t\t\t\t\t\t\t\t<\/div>\n\t\t\t\t<\/div>\n\t\t\t\t<\/div>\n\t\t<a class=\"eael-wrapper-link-b0d3907 --eael-wrapper-link-tag\" href=\"\/industrials\/agricultural-machinery\/\"><\/a><div data-eael-wrapper-link=\"eael-wrapper-link-b0d3907\" class=\"elementor-element elementor-element-b0d3907 e-con-full e-flex e-con e-child\" data-id=\"b0d3907\" data-element_type=\"container\">\n\t\t\t\t<div class=\"elementor-element elementor-element-3f8ba23 elementor-widget elementor-widget-heading\" data-id=\"3f8ba23\" data-element_type=\"widget\" data-widget_type=\"heading.default\">\n\t\t\t\t<div class=\"elementor-widget-container\">\n\t\t\t\t\t<h2 class=\"elementor-heading-title elementor-size-default\">Landmaschinen (Agrartechnik)<\/h2>\t\t\t\t<\/div>\n\t\t\t\t<\/div>\n\t\t\t\t<div class=\"elementor-element elementor-element-0fbcc30 elementor-widget elementor-widget-text-editor\" data-id=\"0fbcc30\" data-element_type=\"widget\" data-widget_type=\"text-editor.default\">\n\t\t\t\t<div class=\"elementor-widget-container\">\n\t\t\t\t\t\t\t\t\tLandmaschinen arbeiten in staubigen, feuchten und schmutzigen Umgebungen. Dichtungen sch\u00fctzen die Komponenten und gew\u00e4hrleisten einen unterbrechungsfreien Betrieb. \t\t\t\t\t\t\t\t<\/div>\n\t\t\t\t<\/div>\n\t\t\t\t<div class=\"elementor-element elementor-element-98d1635 elementor-widget elementor-widget-heading\" data-id=\"98d1635\" data-element_type=\"widget\" data-widget_type=\"heading.default\">\n\t\t\t\t<div class=\"elementor-widget-container\">\n\t\t\t\t\t<h2 class=\"elementor-heading-title elementor-size-default\">Warum werden sie eingesetzt:<\/h2>\t\t\t\t<\/div>\n\t\t\t\t<\/div>\n\t\t\t\t<div class=\"elementor-element elementor-element-17825b0 elementor-widget elementor-widget-text-editor\" data-id=\"17825b0\" data-element_type=\"widget\" data-widget_type=\"text-editor.default\">\n\t\t\t\t<div class=\"elementor-widget-container\">\n\t\t\t\t\t\t\t\t\t<ul><li>Best\u00e4ndigkeit gegen Feuchtigkeit, D\u00fcngemittel und Schmutz<\/li><li>Einfache Wartung<\/li><li>Reduzierte Stillstandszeiten<\/li><\/ul>\t\t\t\t\t\t\t\t<\/div>\n\t\t\t\t<\/div>\n\t\t\t\t<\/div>\n\t\t<div class=\"elementor-element elementor-element-ae26e4e e-con-full e-flex e-con e-child\" data-id=\"ae26e4e\" data-element_type=\"container\">\n\t\t\t\t<div class=\"elementor-element elementor-element-ccbe3f5 elementor-widget elementor-widget-heading\" data-id=\"ccbe3f5\" data-element_type=\"widget\" data-widget_type=\"heading.default\">\n\t\t\t\t<div class=\"elementor-widget-container\">\n\t\t\t\t\t<h2 class=\"elementor-heading-title elementor-size-default\">\u00d6l- und Gasindustrie<\/h2>\t\t\t\t<\/div>\n\t\t\t\t<\/div>\n\t\t\t\t<div class=\"elementor-element elementor-element-83779dc elementor-widget elementor-widget-text-editor\" data-id=\"83779dc\" data-element_type=\"widget\" data-widget_type=\"text-editor.default\">\n\t\t\t\t<div class=\"elementor-widget-container\">\n\t\t\t\t\t\t\t\t\tAusr\u00fcstung f\u00fcr Bohren, F\u00f6rdern und Lagern erfordert zuverl\u00e4ssige Dichtungsl\u00f6sungen unter Druck.\t\t\t\t\t\t\t\t<\/div>\n\t\t\t\t<\/div>\n\t\t\t\t<div class=\"elementor-element elementor-element-6c67324 elementor-widget elementor-widget-heading\" data-id=\"6c67324\" data-element_type=\"widget\" data-widget_type=\"heading.default\">\n\t\t\t\t<div class=\"elementor-widget-container\">\n\t\t\t\t\t<h2 class=\"elementor-heading-title elementor-size-default\">Warum werden sie eingesetzt:<\/h2>\t\t\t\t<\/div>\n\t\t\t\t<\/div>\n\t\t\t\t<div class=\"elementor-element elementor-element-30e3bbb elementor-widget elementor-widget-text-editor\" data-id=\"30e3bbb\" data-element_type=\"widget\" data-widget_type=\"text-editor.default\">\n\t\t\t\t<div class=\"elementor-widget-container\">\n\t\t\t\t\t\t\t\t\t<ul><li>Best\u00e4ndigkeit gegen \u00d6le und Chemikalien<\/li><li>Zuverl\u00e4ssige Leistung bei hohem Druck<\/li><li>Verl\u00e4ngerte Lebensdauer der Ausr\u00fcstung<\/li><\/ul>\t\t\t\t\t\t\t\t<\/div>\n\t\t\t\t<\/div>\n\t\t\t\t<\/div>\n\t\t<a class=\"eael-wrapper-link-baa3b8f --eael-wrapper-link-tag\" href=\"\/industrials\/automotive-industry\/\"><\/a><div data-eael-wrapper-link=\"eael-wrapper-link-baa3b8f\" class=\"elementor-element elementor-element-baa3b8f e-con-full e-flex e-con e-child\" data-id=\"baa3b8f\" data-element_type=\"container\">\n\t\t\t\t<div class=\"elementor-element elementor-element-7f94132 elementor-widget elementor-widget-heading\" data-id=\"7f94132\" data-element_type=\"widget\" data-widget_type=\"heading.default\">\n\t\t\t\t<div class=\"elementor-widget-container\">\n\t\t\t\t\t<h2 class=\"elementor-heading-title elementor-size-default\">Automobilindustrie<\/h2>\t\t\t\t<\/div>\n\t\t\t\t<\/div>\n\t\t\t\t<div class=\"elementor-element elementor-element-00e84d8 elementor-widget elementor-widget-text-editor\" data-id=\"00e84d8\" data-element_type=\"widget\" data-widget_type=\"text-editor.default\">\n\t\t\t\t<div class=\"elementor-widget-container\">\n\t\t\t\t\t\t\t\t\tPolyurethan wird in Federungssystemen, Lenkungen und Bremssystemen eingesetzt, wo eine dauerhafte und zuverl\u00e4ssige Abdichtung erforderlich ist.\t\t\t\t\t\t\t\t<\/div>\n\t\t\t\t<\/div>\n\t\t\t\t<div class=\"elementor-element elementor-element-9022f3d elementor-widget elementor-widget-heading\" data-id=\"9022f3d\" data-element_type=\"widget\" data-widget_type=\"heading.default\">\n\t\t\t\t<div class=\"elementor-widget-container\">\n\t\t\t\t\t<h2 class=\"elementor-heading-title elementor-size-default\">Warum werden sie eingesetzt:<\/h2>\t\t\t\t<\/div>\n\t\t\t\t<\/div>\n\t\t\t\t<div class=\"elementor-element elementor-element-2555fb6 elementor-widget elementor-widget-text-editor\" data-id=\"2555fb6\" data-element_type=\"widget\" data-widget_type=\"text-editor.default\">\n\t\t\t\t<div class=\"elementor-widget-container\">\n\t\t\t\t\t\t\t\t\t<ul><li>Best\u00e4ndigkeit gegen Kraftstoff und \u00d6l<\/li><li>Flexibilit\u00e4t bei niedrigen Temperaturen<\/li><li>Zuverl\u00e4ssiger Betrieb in dynamischen Systemen<\/li><\/ul>\t\t\t\t\t\t\t\t<\/div>\n\t\t\t\t<\/div>\n\t\t\t\t<\/div>\n\t\t<div class=\"elementor-element elementor-element-63bccff e-con-full e-flex e-con e-child\" data-id=\"63bccff\" data-element_type=\"container\">\n\t\t\t\t<div class=\"elementor-element elementor-element-d3fde83 elementor-widget elementor-widget-heading\" data-id=\"d3fde83\" data-element_type=\"widget\" data-widget_type=\"heading.default\">\n\t\t\t\t<div class=\"elementor-widget-container\">\n\t\t\t\t\t<h2 class=\"elementor-heading-title elementor-size-default\">Fertigung und Automatisierung<\/h2>\t\t\t\t<\/div>\n\t\t\t\t<\/div>\n\t\t\t\t<div class=\"elementor-element elementor-element-5017470 elementor-widget elementor-widget-text-editor\" data-id=\"5017470\" data-element_type=\"widget\" data-widget_type=\"text-editor.default\">\n\t\t\t\t<div class=\"elementor-widget-container\">\n\t\t\t\t\t\t\t\t\tIn Systemen zur automatischen Zuf\u00fchrung, Formgebung, zum Gie\u00dfen und Verpacken dienen Polyurethan-Dichtungen als Dicht- und D\u00e4mpfungselemente.\t\t\t\t\t\t\t\t<\/div>\n\t\t\t\t<\/div>\n\t\t\t\t<div class=\"elementor-element elementor-element-74781cf elementor-widget elementor-widget-heading\" data-id=\"74781cf\" data-element_type=\"widget\" data-widget_type=\"heading.default\">\n\t\t\t\t<div class=\"elementor-widget-container\">\n\t\t\t\t\t<h2 class=\"elementor-heading-title elementor-size-default\">Warum werden sie eingesetzt:<\/h2>\t\t\t\t<\/div>\n\t\t\t\t<\/div>\n\t\t\t\t<div class=\"elementor-element elementor-element-0165d44 elementor-widget elementor-widget-text-editor\" data-id=\"0165d44\" data-element_type=\"widget\" data-widget_type=\"text-editor.default\">\n\t\t\t\t<div class=\"elementor-widget-container\">\n\t\t\t\t\t\t\t\t\t<ul><li>Best\u00e4ndigkeit gegen Chemikalien und thermische Belastungen<\/li><li>Genauigkeit und Betriebsstabilit\u00e4t<\/li><li>Reduzierter Verschlei\u00df der Ausr\u00fcstung<\/li><\/ul>\t\t\t\t\t\t\t\t<\/div>\n\t\t\t\t<\/div>\n\t\t\t\t<\/div>\n\t\t\t\t<\/div>\n\t\t\t\t\t<\/div>\n\t\t\t\t<\/div>\n\t\t<div class=\"elementor-element elementor-element-3f5db51 e-flex e-con-boxed e-con e-parent\" data-id=\"3f5db51\" data-element_type=\"container\">\n\t\t\t\t\t<div class=\"e-con-inner\">\n\t\t<div class=\"elementor-element elementor-element-41562d99 e-con-full e-flex e-con e-child\" data-id=\"41562d99\" data-element_type=\"container\" data-settings=\"{&quot;background_background&quot;:&quot;classic&quot;}\">\n\t\t\t\t<div class=\"elementor-element elementor-element-346af2c elementor-widget elementor-widget-heading\" data-id=\"346af2c\" data-element_type=\"widget\" data-widget_type=\"heading.default\">\n\t\t\t\t<div class=\"elementor-widget-container\">\n\t\t\t\t\t<h2 class=\"elementor-heading-title elementor-size-default\">Bereit, mit einem Experten zu sprechen?<\/h2>\t\t\t\t<\/div>\n\t\t\t\t<\/div>\n\t\t\t\t<div class=\"elementor-element elementor-element-14cebd3b elementor-widget elementor-widget-text-editor\" data-id=\"14cebd3b\" data-element_type=\"widget\" data-widget_type=\"text-editor.default\">\n\t\t\t\t<div class=\"elementor-widget-container\">\n\t\t\t\t\t\t\t\t\tUnser Team aus ALPANA-Ingenieuren ist bereit, professionelle Unterst\u00fctzung zu leisten \u2013 von der Materialauswahl bis zur kundenspezifischen Produktentwicklung.\t\t\t\t\t\t\t\t<\/div>\n\t\t\t\t<\/div>\n\t\t\t\t<div class=\"elementor-element elementor-element-21899247 elementor-align-center elementor-widget elementor-widget-button\" data-id=\"21899247\" data-element_type=\"widget\" data-widget_type=\"button.default\">\n\t\t\t\t<div class=\"elementor-widget-container\">\n\t\t\t\t\t\t\t\t\t<div class=\"elementor-button-wrapper\">\n\t\t\t\t\t<a class=\"elementor-button elementor-button-link elementor-size-sm\" href=\"#elementor-action%3Aaction%3Dpopup%3Aopen%26settings%3DeyJpZCI6MTE5MywidG9nZ2xlIjpmYWxzZX0%3D\">\n\t\t\t\t\t\t<span class=\"elementor-button-content-wrapper\">\n\t\t\t\t\t\t\t\t\t<span class=\"elementor-button-text\">Kontaktieren Sie uns<\/span>\n\t\t\t\t\t<\/span>\n\t\t\t\t\t<\/a>\n\t\t\t\t<\/div>\n\t\t\t\t\t\t\t\t<\/div>\n\t\t\t\t<\/div>\n\t\t\t\t<\/div>\n\t\t\t\t\t<\/div>\n\t\t\t\t<\/div>\n\t\t\t\t<\/div>\n\t\t","protected":false},"excerpt":{"rendered":"<p>Branchen, in denen Polyurethan-Dichtungen eingesetzt werden Hydraulik und Pneumatik Polyurethan-Dichtungen werden in Hydraulikzylindern, Pumpen, Ventilen und anderen Komponenten eingesetzt, bei denen eine Hochdruckabdichtung unerl\u00e4sslich ist. Warum werden sie eingesetzt: Best\u00e4ndigkeit gegen\u00fcber mechanischer Beanspruchung Erh\u00f6hte Verschlei\u00dffestigkeit Betrieb bei Temperaturschwankungen Bergbauindustrie Maschinen, die in Minen und Steinbr\u00fcchen arbeiten, sind extremen Belastungen und abrasivem Verschlei\u00df ausgesetzt. Dichtungen sch\u00fctzen [&hellip;]<\/p>\n","protected":false},"author":2,"featured_media":0,"parent":0,"menu_order":0,"comment_status":"closed","ping_status":"closed","template":"","meta":{"footnotes":""},"class_list":["post-2223","page","type-page","status-publish","hentry"],"_links":{"self":[{"href":"https:\/\/alpana-seals.com\/de\/wp-json\/wp\/v2\/pages\/2223","targetHints":{"allow":["GET"]}}],"collection":[{"href":"https:\/\/alpana-seals.com\/de\/wp-json\/wp\/v2\/pages"}],"about":[{"href":"https:\/\/alpana-seals.com\/de\/wp-json\/wp\/v2\/types\/page"}],"author":[{"embeddable":true,"href":"https:\/\/alpana-seals.com\/de\/wp-json\/wp\/v2\/users\/2"}],"replies":[{"embeddable":true,"href":"https:\/\/alpana-seals.com\/de\/wp-json\/wp\/v2\/comments?post=2223"}],"version-history":[{"count":1,"href":"https:\/\/alpana-seals.com\/de\/wp-json\/wp\/v2\/pages\/2223\/revisions"}],"predecessor-version":[{"id":2225,"href":"https:\/\/alpana-seals.com\/de\/wp-json\/wp\/v2\/pages\/2223\/revisions\/2225"}],"wp:attachment":[{"href":"https:\/\/alpana-seals.com\/de\/wp-json\/wp\/v2\/media?parent=2223"}],"curies":[{"name":"wp","href":"https:\/\/api.w.org\/{rel}","templated":true}]}}